{"id":38047,"date":"2025-06-10T10:51:53","date_gmt":"2025-06-10T08:51:53","guid":{"rendered":"https:\/\/shop.auderset.com\/?post_type=product&#038;p=38047"},"modified":"2025-08-05T13:53:08","modified_gmt":"2025-08-05T11:53:08","slug":"prevente-livre-a-colorier","status":"publish","type":"product","link":"https:\/\/shop.auderset.com\/es\/produit\/prevente-livre-a-colorier\/","title":{"rendered":"Livre \u00e0 colorier"},"content":{"rendered":"<p><span style=\"font-weight: 400;\">Les meilleurs dessins d\u2019Alain Auderset revisit\u00e9s et mis en page pour \u00eatre colori\u00e9s par les petits et les grands. Chaque dessin est accompagn\u00e9 d\u2019une citation qui se veut \u00e0 la fois dr\u00f4le, sage et spirituelle. Prenez un moment pour colorier en compagnie du Cr\u00e9ateur !<\/span><\/p>\n<p>Retrouvez 42 pages dont 18 dessins \u00e0 colorier !<\/p>\n","protected":false},"excerpt":{"rendered":"<p>Les meilleurs dessins d\u2019Alain Auderset revisit\u00e9s et mis en page pour \u00eatre colori\u00e9s par les petits et les grands. Chaque dessin est accompagn\u00e9 d\u2019une citation qui se veut \u00e0 la fois dr\u00f4le, sage et spirituelle. Prenez un moment pour colorier en compagnie du Cr\u00e9ateur ! Retrouvez 42 pages dont 18 dessins \u00e0 colorier !<\/p>\n","protected":false},"featured_media":38278,"comment_status":"closed","ping_status":"closed","template":"","meta":[],"product_brand":[],"product_cat":[697,24],"product_tag":[],"class_list":{"0":"post-38047","1":"product","2":"type-product","3":"status-publish","4":"has-post-thumbnail","6":"product_cat-livre-a-colorier","7":"product_cat-livres","8":"product_shipping_class-livraison-suisse","10":"first","11":"instock","12":"taxable","13":"shipping-taxable","14":"purchasable","15":"product-type-variable"},"_links":{"self":[{"href":"https:\/\/shop.auderset.com\/es\/wp-json\/wp\/v2\/product\/38047","targetHints":{"allow":["GET"]}}],"collection":[{"href":"https:\/\/shop.auderset.com\/es\/wp-json\/wp\/v2\/product"}],"about":[{"href":"https:\/\/shop.auderset.com\/es\/wp-json\/wp\/v2\/types\/product"}],"replies":[{"embeddable":true,"href":"https:\/\/shop.auderset.com\/es\/wp-json\/wp\/v2\/comments?post=38047"}],"wp:featuredmedia":[{"embeddable":true,"href":"https:\/\/shop.auderset.com\/es\/wp-json\/wp\/v2\/media\/38278"}],"wp:attachment":[{"href":"https:\/\/shop.auderset.com\/es\/wp-json\/wp\/v2\/media?parent=38047"}],"wp:term":[{"taxonomy":"product_brand","embeddable":true,"href":"https:\/\/shop.auderset.com\/es\/wp-json\/wp\/v2\/product_brand?post=38047"},{"taxonomy":"product_cat","embeddable":true,"href":"https:\/\/shop.auderset.com\/es\/wp-json\/wp\/v2\/product_cat?post=38047"},{"taxonomy":"product_tag","embeddable":true,"href":"https:\/\/shop.auderset.com\/es\/wp-json\/wp\/v2\/product_tag?post=38047"}],"curies":[{"name":"wp","href":"https:\/\/api.w.org\/{rel}","templated":true}]}}