{"id":37304,"date":"2024-12-20T15:02:16","date_gmt":"2024-12-20T14:02:16","guid":{"rendered":"https:\/\/shop.auderset.com\/?post_type=product&#038;p=37304"},"modified":"2025-03-15T02:48:10","modified_gmt":"2025-03-15T01:48:10","slug":"cita-en-el-bosque-ebook","status":"publish","type":"product","link":"https:\/\/shop.auderset.com\/es\/produit\/cita-en-el-bosque-ebook\/","title":{"rendered":"Cita en el bosque [eBook]"},"content":{"rendered":"<p>Este libro re\u00fane las mejores cartas cortas de Alain Auderset hasta la fecha, profusamente ilustradas con fotos e ilustraciones en su mayor\u00eda in\u00e9ditas.<\/p>\n<p>A fuerza de asociarse con su amigo el Creador, Alain lleva consigo, sin saberlo, un tufillo de para\u00edso&#8230; Parad\u00f3jicamente, el libro tambi\u00e9n nos sumerge a veces en las oscuras pruebas que la vida no ha ahorrado al autor.<\/p>\n<p>&nbsp;<\/p>\n<p><a href=\"https:\/\/shop.auderset.com\/wp-content\/uploads\/2024\/12\/80-page-cita-en-el-bosco-1.png\"><img fetchpriority=\"high\" decoding=\"async\" class=\"alignnone size-medium wp-image-37334\" src=\"https:\/\/shop.auderset.com\/wp-content\/uploads\/2024\/12\/80-page-cita-en-el-bosco-1-300x288.png\" alt=\"\" width=\"300\" height=\"288\" srcset=\"https:\/\/shop.auderset.com\/wp-content\/uploads\/2024\/12\/80-page-cita-en-el-bosco-1-300x288.png 300w, https:\/\/shop.auderset.com\/wp-content\/uploads\/2024\/12\/80-page-cita-en-el-bosco-1-324x311.png 324w, https:\/\/shop.auderset.com\/wp-content\/uploads\/2024\/12\/80-page-cita-en-el-bosco-1-416x400.png 416w, https:\/\/shop.auderset.com\/wp-content\/uploads\/2024\/12\/80-page-cita-en-el-bosco-1-62x60.png 62w, https:\/\/shop.auderset.com\/wp-content\/uploads\/2024\/12\/80-page-cita-en-el-bosco-1-94x90.png 94w, https:\/\/shop.auderset.com\/wp-content\/uploads\/2024\/12\/80-page-cita-en-el-bosco-1.png 456w\" sizes=\"(max-width: 300px) 100vw, 300px\" \/><\/a><\/p>\n<p align=\"LEFT\"><a href=\"https:\/\/mailchi.mp\/eabd1929435d\/mdlzvl6n66\">lea gratis las 80 primeras p\u00e1ginas del libro<\/a><\/p>\n","protected":false},"excerpt":{"rendered":"<p>Este libro re\u00fane las mejores cartas cortas de Alain Auderset hasta la fecha, profusamente ilustradas con fotos e ilustraciones en su mayor\u00eda in\u00e9ditas. A fuerza de asociarse con su amigo el Creador, Alain lleva consigo, sin saberlo, un tufillo de para\u00edso&#8230; Parad\u00f3jicamente, el libro tambi\u00e9n nos sumerge a veces en las oscuras pruebas que la [&hellip;]<\/p>\n","protected":false},"featured_media":37342,"comment_status":"closed","ping_status":"closed","template":"","meta":[],"product_brand":[],"product_cat":[123,166,136],"product_tag":[45],"class_list":{"0":"post-37304","1":"product","2":"type-product","3":"status-publish","4":"has-post-thumbnail","6":"product_cat-e-book-2","7":"product_cat-espagnol","8":"product_cat-rendez-vous-dans-la-foret-ebook","9":"product_tag-ebook","10":"product_shipping_class-livraison-gratuite","11":"pa_prix-ebook-prix-normal-10-chf-8-eur","12":"pa_prix-ebook-prix-soutien-15-chf-12-eur","13":"pa_prix-ebook-prix-super-soutien-20-chf-16-eur","15":"first","16":"instock","17":"taxable","18":"shipping-taxable","19":"purchasable","20":"product-type-variable"},"_links":{"self":[{"href":"https:\/\/shop.auderset.com\/es\/wp-json\/wp\/v2\/product\/37304","targetHints":{"allow":["GET"]}}],"collection":[{"href":"https:\/\/shop.auderset.com\/es\/wp-json\/wp\/v2\/product"}],"about":[{"href":"https:\/\/shop.auderset.com\/es\/wp-json\/wp\/v2\/types\/product"}],"replies":[{"embeddable":true,"href":"https:\/\/shop.auderset.com\/es\/wp-json\/wp\/v2\/comments?post=37304"}],"wp:featuredmedia":[{"embeddable":true,"href":"https:\/\/shop.auderset.com\/es\/wp-json\/wp\/v2\/media\/37342"}],"wp:attachment":[{"href":"https:\/\/shop.auderset.com\/es\/wp-json\/wp\/v2\/media?parent=37304"}],"wp:term":[{"taxonomy":"product_brand","embeddable":true,"href":"https:\/\/shop.auderset.com\/es\/wp-json\/wp\/v2\/product_brand?post=37304"},{"taxonomy":"product_cat","embeddable":true,"href":"https:\/\/shop.auderset.com\/es\/wp-json\/wp\/v2\/product_cat?post=37304"},{"taxonomy":"product_tag","embeddable":true,"href":"https:\/\/shop.auderset.com\/es\/wp-json\/wp\/v2\/product_tag?post=37304"}],"curies":[{"name":"wp","href":"https:\/\/api.w.org\/{rel}","templated":true}]}}