{"id":34833,"date":"2023-03-28T17:31:03","date_gmt":"2023-03-28T15:31:03","guid":{"rendered":"https:\/\/shop.auderset.com\/?post_type=product&#038;p=34833"},"modified":"2023-12-06T11:52:27","modified_gmt":"2023-12-06T10:52:27","slug":"pack-la-legende-de-mi-version-normal-et-deluxe","status":"publish","type":"product","link":"https:\/\/shop.auderset.com\/es\/produit\/pack-la-legende-de-mi-version-normal-et-deluxe\/","title":{"rendered":"Pack La l\u00e9gende de Mi &#8211; Version normale et Deluxe"},"content":{"rendered":"<p>Pour No\u00ebl, recevez 2 calendriers 2024 pour tout achat du pack l\u00e9gende de Mi !<\/p>\n<p><a href=\"https:\/\/mailchi.mp\/fec9ed052cf0\/lldm\"><img fetchpriority=\"high\" decoding=\"async\" class=\"alignnone wp-image-35625\" src=\"https:\/\/shop.auderset.com\/wp-content\/uploads\/2023\/03\/LLDM-80p-261x300.png\" alt=\"\" width=\"370\" height=\"426\" srcset=\"https:\/\/shop.auderset.com\/wp-content\/uploads\/2023\/03\/LLDM-80p-261x300.png 261w, https:\/\/shop.auderset.com\/wp-content\/uploads\/2023\/03\/LLDM-80p-324x373.png 324w, https:\/\/shop.auderset.com\/wp-content\/uploads\/2023\/03\/LLDM-80p-416x479.png 416w, https:\/\/shop.auderset.com\/wp-content\/uploads\/2023\/03\/LLDM-80p-768x884.png 768w, https:\/\/shop.auderset.com\/wp-content\/uploads\/2023\/03\/LLDM-80p-52x60.png 52w, https:\/\/shop.auderset.com\/wp-content\/uploads\/2023\/03\/LLDM-80p-78x90.png 78w, https:\/\/shop.auderset.com\/wp-content\/uploads\/2023\/03\/LLDM-80p.png 800w\" sizes=\"(max-width: 370px) 100vw, 370px\" \/><\/a><\/p>\n<p><a href=\"https:\/\/mailchi.mp\/fec9ed052cf0\/lldm\"><strong><u><span style=\"font-family: Helvetica; font-size: 18px;\">Lire les 80 premi\u00e8re pages gratuitement<\/span><\/u><\/strong><\/a><\/p>\n<p>&nbsp;<\/p>\n<p><a href=\"https:\/\/www.youtube.com\/watch?v=8epyd8PNpmU\"><img decoding=\"async\" class=\"alignnone wp-image-35630\" src=\"https:\/\/shop.auderset.com\/wp-content\/uploads\/2023\/03\/legende-de-mi-trailer-300x169.jpg\" alt=\"\" width=\"400\" height=\"225\" srcset=\"https:\/\/shop.auderset.com\/wp-content\/uploads\/2023\/03\/legende-de-mi-trailer-300x169.jpg 300w, https:\/\/shop.auderset.com\/wp-content\/uploads\/2023\/03\/legende-de-mi-trailer-324x182.jpg 324w, https:\/\/shop.auderset.com\/wp-content\/uploads\/2023\/03\/legende-de-mi-trailer-416x234.jpg 416w, https:\/\/shop.auderset.com\/wp-content\/uploads\/2023\/03\/legende-de-mi-trailer-1024x576.jpg 1024w, https:\/\/shop.auderset.com\/wp-content\/uploads\/2023\/03\/legende-de-mi-trailer-768x432.jpg 768w, https:\/\/shop.auderset.com\/wp-content\/uploads\/2023\/03\/legende-de-mi-trailer-107x60.jpg 107w, https:\/\/shop.auderset.com\/wp-content\/uploads\/2023\/03\/legende-de-mi-trailer-160x90.jpg 160w, https:\/\/shop.auderset.com\/wp-content\/uploads\/2023\/03\/legende-de-mi-trailer.jpg 1280w\" sizes=\"(max-width: 400px) 100vw, 400px\" \/><\/a><\/p>\n<h3><span style=\"color: #ff0000;\">Le livre sera disponible en automne 2023.<\/span><\/h3>\n<h1><strong>La L\u00e9gende de Mi<\/strong><\/h1>\n<h3>Pack avec la version normal et la version Deluxe avec du contenu exclusif !!!<\/h3>\n<address>Min\u00e9lo\u00efda, le souffre-douleur de son quartier, va rentrer dans le fantastique royaume qu\u2019il aper\u00e7oit depuis sa mansarde d\u00e9labr\u00e9e.<\/address>\n<address>Va-t-il rencontrer le Roi de l\u00e9gende que tout le monde craint sans le conna\u00eetre ?<\/address>\n<address>Rien ne se passe comme pr\u00e9vu pour le h\u00e9ros de cette histoire passionnante.<\/address>\n<address>\u00a0<\/address>\n<address>\u00a0Min\u00e9lo\u00efda\u00a0nous entra\u00eenera malgr\u00e9 nous dans une aventure pleine de rebondissements, o\u00f9 le bon et le mauvais ne sont pas\u00a0ceux qu\u2019on croit\u2026<\/address>\n<address>et m\u00eame quand il nous entra\u00eenera au fin fond de situations injustes, celles o\u00f9 la souffrance ne s\u2019explique pas, il vous apportera quelques r\u00e9ponses intelligentes \u00e0 vos propres interrogations \u00e0 ce sujet, de l\u2019espoir concret.<\/address>\n<address>\u00a0<\/address>\n<address>\u00a0<\/address>\n","protected":false},"excerpt":{"rendered":"<p>Pour No\u00ebl, recevez 2 calendriers 2024 pour tout achat du pack l\u00e9gende de Mi ! Lire les 80 premi\u00e8re pages gratuitement &nbsp; Le livre sera disponible en automne 2023. La L\u00e9gende de Mi Pack avec la version normal et la version Deluxe avec du contenu exclusif !!! Min\u00e9lo\u00efda, le souffre-douleur de son quartier, va rentrer [&hellip;]<\/p>\n","protected":false},"featured_media":35546,"comment_status":"closed","ping_status":"closed","template":"","meta":[],"product_brand":[],"product_cat":[324,24],"product_tag":[],"class_list":{"0":"post-34833","1":"product","2":"type-product","3":"status-publish","4":"has-post-thumbnail","6":"product_cat-la-legende-de-mi","7":"product_cat-livres","8":"product_shipping_class-livraison-suisse","9":"pa_prix-livre-je-soutiens-limpression-200-chf-180-eur","10":"pa_prix-livre-prix-normal-89-chf-75-eur","11":"pa_prix-livre-prix-soutien-134-chf-113-eur","12":"pa_prix-livre-prix-super-soutien-178-chf-150-eur","14":"first","15":"instock","16":"taxable","17":"shipping-taxable","18":"purchasable","19":"product-type-variable"},"_links":{"self":[{"href":"https:\/\/shop.auderset.com\/es\/wp-json\/wp\/v2\/product\/34833","targetHints":{"allow":["GET"]}}],"collection":[{"href":"https:\/\/shop.auderset.com\/es\/wp-json\/wp\/v2\/product"}],"about":[{"href":"https:\/\/shop.auderset.com\/es\/wp-json\/wp\/v2\/types\/product"}],"replies":[{"embeddable":true,"href":"https:\/\/shop.auderset.com\/es\/wp-json\/wp\/v2\/comments?post=34833"}],"wp:featuredmedia":[{"embeddable":true,"href":"https:\/\/shop.auderset.com\/es\/wp-json\/wp\/v2\/media\/35546"}],"wp:attachment":[{"href":"https:\/\/shop.auderset.com\/es\/wp-json\/wp\/v2\/media?parent=34833"}],"wp:term":[{"taxonomy":"product_brand","embeddable":true,"href":"https:\/\/shop.auderset.com\/es\/wp-json\/wp\/v2\/product_brand?post=34833"},{"taxonomy":"product_cat","embeddable":true,"href":"https:\/\/shop.auderset.com\/es\/wp-json\/wp\/v2\/product_cat?post=34833"},{"taxonomy":"product_tag","embeddable":true,"href":"https:\/\/shop.auderset.com\/es\/wp-json\/wp\/v2\/product_tag?post=34833"}],"curies":[{"name":"wp","href":"https:\/\/api.w.org\/{rel}","templated":true}]}}