{"id":34704,"date":"2023-02-22T17:30:41","date_gmt":"2023-02-22T16:30:41","guid":{"rendered":"https:\/\/shop.auderset.com\/?post_type=product&#038;p=34704"},"modified":"2023-10-02T10:53:24","modified_gmt":"2023-10-02T08:53:24","slug":"vinyle-autre-sens-lilou","status":"publish","type":"product","link":"https:\/\/shop.auderset.com\/es\/produit\/vinyle-autre-sens-lilou\/","title":{"rendered":"Vinyle (10 titres + code de t\u00e9l\u00e9chargement pour 3 titres) &#8211; Autre sens &#8211; Lilou"},"content":{"rendered":"<p>Deuxi\u00e8me album de Lilou (Eliane Auderset): \u00ab Autre sens \u00bb<\/p>\n<ul>\n<li>Album 13 titres<\/li>\n<li>10 titres disponibles sur le vinyle et 3 titres \u00e0 t\u00e9l\u00e9charger \u00e0 l&#8217;aide d&#8217;un code joint sur une carte postale.<\/li>\n<li>Enregistr\u00e9 en 2022 au Trilogy Studio \u00e0 Neuch\u00e2tel<\/li>\n<\/ul>\n<p>&nbsp;<\/p>\n<h3>\u00c9couter un extrait :<\/h3>\n<audio class=\"wp-audio-shortcode\" id=\"audio-34704-1\" preload=\"none\" style=\"width: 100%;\" controls=\"controls\"><source type=\"audio\/mpeg\" src=\"https:\/\/shop.auderset.com\/wp-content\/uploads\/2023\/01\/Extraits-Autre-sens.mp3?_=1\" \/><a href=\"https:\/\/shop.auderset.com\/wp-content\/uploads\/2023\/01\/Extraits-Autre-sens.mp3\">https:\/\/shop.auderset.com\/wp-content\/uploads\/2023\/01\/Extraits-Autre-sens.mp3<\/a><\/audio>\n","protected":false},"excerpt":{"rendered":"<p>Deuxi\u00e8me album de Lilou (Eliane Auderset): \u00ab Autre sens \u00bb Album 13 titres 10 titres disponibles sur le vinyle et 3 titres \u00e0 t\u00e9l\u00e9charger \u00e0 l&#8217;aide d&#8217;un code joint sur une carte postale. Enregistr\u00e9 en 2022 au Trilogy Studio \u00e0 Neuch\u00e2tel &nbsp; \u00c9couter un extrait :<\/p>\n","protected":false},"featured_media":34667,"comment_status":"open","ping_status":"closed","template":"","meta":[],"product_brand":[],"product_cat":[199,200],"product_tag":[],"class_list":{"0":"post-34704","1":"product","2":"type-product","3":"status-publish","4":"has-post-thumbnail","6":"product_cat-cd","7":"product_cat-lilou","8":"pa_pack-3-livres-ebook-pris-super-soutien-60-chf-60-eur","9":"pa_pack-3-livres-ebook-prix-normal-30-chf-30-eur","10":"pa_pack-3-livres-ebook-prix-soutien-45-chf-45-eur","12":"first","13":"instock","14":"taxable","15":"shipping-taxable","16":"purchasable","17":"product-type-variable"},"_links":{"self":[{"href":"https:\/\/shop.auderset.com\/es\/wp-json\/wp\/v2\/product\/34704","targetHints":{"allow":["GET"]}}],"collection":[{"href":"https:\/\/shop.auderset.com\/es\/wp-json\/wp\/v2\/product"}],"about":[{"href":"https:\/\/shop.auderset.com\/es\/wp-json\/wp\/v2\/types\/product"}],"replies":[{"embeddable":true,"href":"https:\/\/shop.auderset.com\/es\/wp-json\/wp\/v2\/comments?post=34704"}],"wp:featuredmedia":[{"embeddable":true,"href":"https:\/\/shop.auderset.com\/es\/wp-json\/wp\/v2\/media\/34667"}],"wp:attachment":[{"href":"https:\/\/shop.auderset.com\/es\/wp-json\/wp\/v2\/media?parent=34704"}],"wp:term":[{"taxonomy":"product_brand","embeddable":true,"href":"https:\/\/shop.auderset.com\/es\/wp-json\/wp\/v2\/product_brand?post=34704"},{"taxonomy":"product_cat","embeddable":true,"href":"https:\/\/shop.auderset.com\/es\/wp-json\/wp\/v2\/product_cat?post=34704"},{"taxonomy":"product_tag","embeddable":true,"href":"https:\/\/shop.auderset.com\/es\/wp-json\/wp\/v2\/product_tag?post=34704"}],"curies":[{"name":"wp","href":"https:\/\/api.w.org\/{rel}","templated":true}]}}