{"id":34453,"date":"2023-01-30T15:11:03","date_gmt":"2023-01-30T14:11:03","guid":{"rendered":"https:\/\/shop.auderset.com\/?post_type=product&#038;p=34453"},"modified":"2023-10-02T10:54:40","modified_gmt":"2023-10-02T08:54:40","slug":"livret-de-lyrics-avec-code-de-telechargement-cd-lilou-eliane-auderset","status":"publish","type":"product","link":"https:\/\/shop.auderset.com\/es\/produit\/livret-de-lyrics-avec-code-de-telechargement-cd-lilou-eliane-auderset\/","title":{"rendered":"Livret de Lyrics avec code de t\u00e9l\u00e9chargement &#8211; CD Lilou (Eliane Auderset)"},"content":{"rendered":"<h1>Livret de Lyrics avec code de t\u00e9l\u00e9chargement<\/h1>\n<h3><strong>L\u2019album :<\/strong><\/h3>\n<p>Deuxi\u00e8me album de Lilou (Eliane Auderset): \u00ab Autre sens \u00bb<\/p>\n<ul>\n<li>Album 13 titres<\/li>\n<li>Enregistr\u00e9 en 2022 au Trilogy Studio \u00e0 Neuch\u00e2tel<\/li>\n<\/ul>\n<p>&nbsp;<\/p>\n<h3>\u00c9couter un extrait:<\/h3>\n<audio class=\"wp-audio-shortcode\" id=\"audio-34453-1\" preload=\"none\" style=\"width: 100%;\" controls=\"controls\"><source type=\"audio\/mpeg\" src=\"https:\/\/shop.auderset.com\/wp-content\/uploads\/2023\/01\/Extraits-Autre-sens.mp3?_=1\" \/><a href=\"https:\/\/shop.auderset.com\/wp-content\/uploads\/2023\/01\/Extraits-Autre-sens.mp3\">https:\/\/shop.auderset.com\/wp-content\/uploads\/2023\/01\/Extraits-Autre-sens.mp3<\/a><\/audio>\n","protected":false},"excerpt":{"rendered":"<p>Livret de Lyrics avec code de t\u00e9l\u00e9chargement L\u2019album : Deuxi\u00e8me album de Lilou (Eliane Auderset): \u00ab Autre sens \u00bb Album 13 titres Enregistr\u00e9 en 2022 au Trilogy Studio \u00e0 Neuch\u00e2tel &nbsp; \u00c9couter un extrait:<\/p>\n","protected":false},"featured_media":34458,"comment_status":"open","ping_status":"closed","template":"","meta":[],"product_brand":[],"product_cat":[199,200],"product_tag":[],"class_list":{"0":"post-34453","1":"product","2":"type-product","3":"status-publish","4":"has-post-thumbnail","6":"product_cat-cd","7":"product_cat-lilou","8":"product_shipping_class-livraison-suisse","9":"pa_prix-calendrier-prix-normal-15-chf-12-eur","10":"pa_prix-calendrier-prix-normal-7-50-chf-6-eur","11":"pa_prix-calendrier-prix-soutien-11-chf-9-eur","12":"pa_prix-calendrier-prix-soutien-22-chf-18-eur","13":"pa_prix-calendrier-prix-super-soutien-15-chf-12-eur","14":"pa_prix-calendrier-prix-super-soutien-30-chf-24-eur","16":"first","17":"instock","18":"taxable","19":"shipping-taxable","20":"purchasable","21":"product-type-variable"},"_links":{"self":[{"href":"https:\/\/shop.auderset.com\/es\/wp-json\/wp\/v2\/product\/34453","targetHints":{"allow":["GET"]}}],"collection":[{"href":"https:\/\/shop.auderset.com\/es\/wp-json\/wp\/v2\/product"}],"about":[{"href":"https:\/\/shop.auderset.com\/es\/wp-json\/wp\/v2\/types\/product"}],"replies":[{"embeddable":true,"href":"https:\/\/shop.auderset.com\/es\/wp-json\/wp\/v2\/comments?post=34453"}],"wp:featuredmedia":[{"embeddable":true,"href":"https:\/\/shop.auderset.com\/es\/wp-json\/wp\/v2\/media\/34458"}],"wp:attachment":[{"href":"https:\/\/shop.auderset.com\/es\/wp-json\/wp\/v2\/media?parent=34453"}],"wp:term":[{"taxonomy":"product_brand","embeddable":true,"href":"https:\/\/shop.auderset.com\/es\/wp-json\/wp\/v2\/product_brand?post=34453"},{"taxonomy":"product_cat","embeddable":true,"href":"https:\/\/shop.auderset.com\/es\/wp-json\/wp\/v2\/product_cat?post=34453"},{"taxonomy":"product_tag","embeddable":true,"href":"https:\/\/shop.auderset.com\/es\/wp-json\/wp\/v2\/product_tag?post=34453"}],"curies":[{"name":"wp","href":"https:\/\/api.w.org\/{rel}","templated":true}]}}