{"id":34437,"date":"2023-01-30T10:49:00","date_gmt":"2023-01-30T09:49:00","guid":{"rendered":"https:\/\/shop.auderset.com\/?post_type=product&#038;p=34437"},"modified":"2025-10-03T19:20:04","modified_gmt":"2025-10-03T17:20:04","slug":"cd-autre-sens-lilou-eliane-auderset","status":"publish","type":"product","link":"https:\/\/shop.auderset.com\/es\/produit\/cd-autre-sens-lilou-eliane-auderset\/","title":{"rendered":"CD Autre sens &#8211; Lilou (Eliane Auderset)"},"content":{"rendered":"<h3>L\u2019album :<\/h3>\n<p>Deuxi\u00e8me album de Lilou (Eliane Auderset): \u00ab Autre sens \u00bb<\/p>\n<ul>\n<li>Album 13 titres<\/li>\n<li>Enregistr\u00e9 en 2022 au Trilogy Studio \u00e0 Neuch\u00e2tel<\/li>\n<\/ul>\n<p>&nbsp;<\/p>\n<h3>\u00c9couter un extrait :<\/h3>\n<audio class=\"wp-audio-shortcode\" id=\"audio-34437-1\" preload=\"none\" style=\"width: 100%;\" controls=\"controls\"><source type=\"audio\/mpeg\" src=\"https:\/\/shop.auderset.com\/wp-content\/uploads\/2023\/01\/Extraits-Autre-sens.mp3?_=1\" \/><a href=\"https:\/\/shop.auderset.com\/wp-content\/uploads\/2023\/01\/Extraits-Autre-sens.mp3\">https:\/\/shop.auderset.com\/wp-content\/uploads\/2023\/01\/Extraits-Autre-sens.mp3<\/a><\/audio>\n","protected":false},"excerpt":{"rendered":"<p>L\u2019album : Deuxi\u00e8me album de Lilou (Eliane Auderset): \u00ab Autre sens \u00bb Album 13 titres Enregistr\u00e9 en 2022 au Trilogy Studio \u00e0 Neuch\u00e2tel &nbsp; \u00c9couter un extrait :<\/p>\n","protected":false},"featured_media":34466,"comment_status":"closed","ping_status":"closed","template":"","meta":[],"product_brand":[],"product_cat":[199,200],"product_tag":[45],"class_list":{"0":"post-34437","1":"product","2":"type-product","3":"status-publish","4":"has-post-thumbnail","6":"product_cat-cd","7":"product_cat-lilou","8":"product_tag-ebook","9":"product_shipping_class-livraison-suisse","10":"pa_prix-ebook-87","11":"pa_prix-ebook-86","12":"pa_prix-ebook-79","14":"first","15":"outofstock","16":"sold-individually","17":"taxable","18":"shipping-taxable","19":"purchasable","20":"product-type-variable"},"_links":{"self":[{"href":"https:\/\/shop.auderset.com\/es\/wp-json\/wp\/v2\/product\/34437","targetHints":{"allow":["GET"]}}],"collection":[{"href":"https:\/\/shop.auderset.com\/es\/wp-json\/wp\/v2\/product"}],"about":[{"href":"https:\/\/shop.auderset.com\/es\/wp-json\/wp\/v2\/types\/product"}],"replies":[{"embeddable":true,"href":"https:\/\/shop.auderset.com\/es\/wp-json\/wp\/v2\/comments?post=34437"}],"wp:featuredmedia":[{"embeddable":true,"href":"https:\/\/shop.auderset.com\/es\/wp-json\/wp\/v2\/media\/34466"}],"wp:attachment":[{"href":"https:\/\/shop.auderset.com\/es\/wp-json\/wp\/v2\/media?parent=34437"}],"wp:term":[{"taxonomy":"product_brand","embeddable":true,"href":"https:\/\/shop.auderset.com\/es\/wp-json\/wp\/v2\/product_brand?post=34437"},{"taxonomy":"product_cat","embeddable":true,"href":"https:\/\/shop.auderset.com\/es\/wp-json\/wp\/v2\/product_cat?post=34437"},{"taxonomy":"product_tag","embeddable":true,"href":"https:\/\/shop.auderset.com\/es\/wp-json\/wp\/v2\/product_tag?post=34437"}],"curies":[{"name":"wp","href":"https:\/\/api.w.org\/{rel}","templated":true}]}}