{"id":34315,"date":"2022-12-20T17:36:25","date_gmt":"2022-12-20T16:36:25","guid":{"rendered":"https:\/\/shop.auderset.com\/?post_type=product&#038;p=34315"},"modified":"2023-10-02T14:31:20","modified_gmt":"2023-10-02T12:31:20","slug":"pack-rendez-vous-dans-la-foret-1-2-3-et-4","status":"publish","type":"product","link":"https:\/\/shop.auderset.com\/es\/produit\/pack-rendez-vous-dans-la-foret-1-2-3-et-4\/","title":{"rendered":"Pack Rendez-vous dans la for\u00eat 1, 2, 3 et 4"},"content":{"rendered":"<p align=\"LEFT\"><strong>Rendez-vous dans la for\u00eat 1<\/strong><\/p>\n<hr \/>\n<p>Cet ouvrage regroupe les meilleures lettres de nouvelles d\u2019Alain Auderset sorties \u00e0 ce jour, abondamment illustr\u00e9es de photos et dessin pour la plupart in\u00e9dites.<\/p>\n<p>A force de fr\u00e9quenter son ami le Cr\u00e9ateur, Alain transporte \u00e0 son insu des effluves du paradis&#8230;<\/p>\n<p>&nbsp;<\/p>\n<p><strong>Rendez-vous dans la for\u00eat 2<\/strong><\/p>\n<hr \/>\n<p>Le temps d\u2019un livre, vivez pleinement dans la t\u00eate d\u2019un papa artiste un peu fou et qui y croit vraiment ! C\u2019est le cadeau que vous fait Alain Auderset dans cet exercice \u00e0 la fois emprunt de sinc\u00e9rit\u00e9 et de dr\u00f4lerie&#8230; Et m\u00eame s\u2019il l\u2019emballe dans de la po\u00e9sie et de l\u2019humour, rien de ses victoires, d\u00e9b\u00e2cles, joies et \u00e9tats d\u2019\u00e2me ne vous sera \u00e9pargn\u00e9 !<\/p>\n<p>&nbsp;<\/p>\n<p align=\"LEFT\"><strong>Rendez-vous dans la for\u00eat 3<\/strong><\/p>\n<hr \/>\n<div id=\"pb-left-column\">\n<div id=\"short_description_block\">\n<div id=\"short_description_content\" class=\"rte align_justify\">\n<p>Dans ce livre, l&#8217;artiste raconte ses d\u00e9buts sur sc\u00e8ne en tant qu&#8217;humoriste. Les humiliations, ses erreurs, ses combats et ses d\u00e9couragements, mais aussi le r\u00e9confort concret que son Ami J\u00e9sus lui a procur\u00e9 alors qu\u2019il en avait le plus besoin\u2026 Une exp\u00e9rience qu\u2019il a v\u00e9cue au plus profond de ses \u00ab tripes \u00bb et dans laquelle beaucoup pourraient se reconna\u00eetre.<\/p>\n<p>&nbsp;<\/p>\n<\/div>\n<div id=\"short_description_content\" class=\"rte align_justify\">\n<p>&nbsp;<\/p>\n<p align=\"LEFT\"><strong>Rendez-vous dans la for\u00eat 4<br \/>\n<\/strong><\/p>\n<hr \/>\n<p>Dans ce tome, on d\u00e9couvre davantage les coulisses de sa vie d\u2019\u00e9crivain avec ses difficult\u00e9s, que ce soit \u00e0 l\u2019\u00e9crit ou \u00e0 l\u2019\u00e9dition.<\/p>\n<p>Derri\u00e8re l\u2019homme public et l\u2019humoriste, nous d\u00e9couvrons un croyant authentique soucieux de ceux qui se perdent loin de Dieu.<\/p>\n<p>&nbsp;<\/p>\n<p>Avec authenticit\u00e9 et l\u00e9g\u00e8ret\u00e9, l\u2019auteur partage ce qui fait sa vie, les diff\u00e9rentes batailles de son quotidien avec ses d\u00e9faites qui parfois le laissent sans force, mais aussi tout ce qui fait sa saveur. Ses combats pour maintenir son atelier \u00e0 flot, ou pour aider une jeune fille au bord du suicide, ou pour \u00e9duquer son enfant.<\/p>\n<p>Des solutions finissent toujours par \u00e9merger m\u00eame si ce ne sont pas celles qu\u2019il imaginait.<\/p>\n<p>Ce livre est une compilation de plusieurs petites anecdotes simples et touchantes d\u2019un papa artiste un peu fou.<\/p>\n<p>&nbsp;<\/p>\n<p>Il partage avec simplicit\u00e9 les aventures v\u00e9cues avec Spyke, son incorrigible chien. Il nous parle de ses enfants qu\u2019il aime tant, de la belle nature dans laquelle il aime se perdre souvent, de ses potes improbables ou m\u00eame de la rencontre avec un simple passant qui se transforme en moment de gr\u00e2ce.<\/p>\n<p>&nbsp;<\/p>\n<p>Toutes ces histoires atteignent en plein c\u0153ur.<\/p>\n<p>Leur point commun \u00e9tant sa relation vivante avec Dieu, cette amiti\u00e9 d\u2019une autre dimension qui est ici d\u00e9crite avec beaucoup de profondeur.<\/p>\n<p>L\u2019auteur en retire beaucoup de r\u00e9confort et ce livre a tout l\u2019art de nous le partager avec finesse et simplicit\u00e9.<\/p>\n<p>&nbsp;<\/p>\n<p>Avec beaucoup de po\u00e9sie, ses rencontres ont souvent lieu dans les bois. Mais que ce soit loin du bruit de ce monde ou en plein dedans lorsqu\u2019il s\u2019agit d\u2019assister \u00e0 un concert de m\u00e9tal de son fils, il nous entra\u00eene avec lui.<\/p>\n<p>Et m\u00eame quand nous nous retrouvons avec lui en pleine nuit noire, seul et sous la pluie, l\u2019intensit\u00e9 de la rencontre qu\u2019il nous d\u00e9crit fait envie.<\/p>\n<p align=\"LEFT\"><span lang=\"FR\">Livres papier<br \/>\n<\/span><\/p>\n<\/div>\n<p align=\"LEFT\">\n<\/div>\n<\/div>\n","protected":false},"excerpt":{"rendered":"<p>Rendez-vous dans la for\u00eat 1 Cet ouvrage regroupe les meilleures lettres de nouvelles d\u2019Alain Auderset sorties \u00e0 ce jour, abondamment illustr\u00e9es de photos et dessin pour la plupart in\u00e9dites. A force de fr\u00e9quenter son ami le Cr\u00e9ateur, Alain transporte \u00e0 son insu des effluves du paradis&#8230; &nbsp; Rendez-vous dans la for\u00eat 2 Le temps d\u2019un [&hellip;]<\/p>\n","protected":false},"featured_media":29459,"comment_status":"open","ping_status":"closed","template":"","meta":[],"product_brand":[],"product_cat":[24,106,44],"product_tag":[],"class_list":{"0":"post-34315","1":"product","2":"type-product","3":"status-publish","4":"has-post-thumbnail","6":"product_cat-livres","7":"product_cat-pack","8":"product_cat-rendez-vous-dans-la-foret","9":"product_shipping_class-livraison-suisse","10":"pa_prix-pack-3-livres-prix-normal-116-chf-100-eur","11":"pa_prix-pack-3-livres-prix-soutien-174-chf-150-eur","12":"pa_prix-pack-3-livres-prix-super-soutien-332-chf-200-eur","14":"first","15":"instock","16":"taxable","17":"shipping-taxable","18":"purchasable","19":"product-type-variable"},"_links":{"self":[{"href":"https:\/\/shop.auderset.com\/es\/wp-json\/wp\/v2\/product\/34315","targetHints":{"allow":["GET"]}}],"collection":[{"href":"https:\/\/shop.auderset.com\/es\/wp-json\/wp\/v2\/product"}],"about":[{"href":"https:\/\/shop.auderset.com\/es\/wp-json\/wp\/v2\/types\/product"}],"replies":[{"embeddable":true,"href":"https:\/\/shop.auderset.com\/es\/wp-json\/wp\/v2\/comments?post=34315"}],"wp:featuredmedia":[{"embeddable":true,"href":"https:\/\/shop.auderset.com\/es\/wp-json\/wp\/v2\/media\/29459"}],"wp:attachment":[{"href":"https:\/\/shop.auderset.com\/es\/wp-json\/wp\/v2\/media?parent=34315"}],"wp:term":[{"taxonomy":"product_brand","embeddable":true,"href":"https:\/\/shop.auderset.com\/es\/wp-json\/wp\/v2\/product_brand?post=34315"},{"taxonomy":"product_cat","embeddable":true,"href":"https:\/\/shop.auderset.com\/es\/wp-json\/wp\/v2\/product_cat?post=34315"},{"taxonomy":"product_tag","embeddable":true,"href":"https:\/\/shop.auderset.com\/es\/wp-json\/wp\/v2\/product_tag?post=34315"}],"curies":[{"name":"wp","href":"https:\/\/api.w.org\/{rel}","templated":true}]}}