{"id":33559,"date":"2022-08-02T20:04:44","date_gmt":"2022-08-02T18:04:44","guid":{"rendered":"https:\/\/shop.auderset.com\/?post_type=product&#038;p=33559"},"modified":"2023-10-10T10:23:12","modified_gmt":"2023-10-10T08:23:12","slug":"rendez-vous-dans-la-foret-4","status":"publish","type":"product","link":"https:\/\/shop.auderset.com\/es\/produit\/rendez-vous-dans-la-foret-4\/","title":{"rendered":"Rendez-vous dans la for\u00eat 4"},"content":{"rendered":"<p align=\"LEFT\"><a href=\"https:\/\/mailchi.mp\/auderset.com\/rdvf4\"><img fetchpriority=\"high\" decoding=\"async\" class=\"alignnone size-medium wp-image-33711\" src=\"https:\/\/shop.auderset.com\/wp-content\/uploads\/2022\/08\/80p-rdvf4-270x300.png\" alt=\"\" width=\"270\" height=\"300\" srcset=\"https:\/\/shop.auderset.com\/wp-content\/uploads\/2022\/08\/80p-rdvf4-270x300.png 270w, https:\/\/shop.auderset.com\/wp-content\/uploads\/2022\/08\/80p-rdvf4-324x360.png 324w, https:\/\/shop.auderset.com\/wp-content\/uploads\/2022\/08\/80p-rdvf4-416x463.png 416w, https:\/\/shop.auderset.com\/wp-content\/uploads\/2022\/08\/80p-rdvf4-54x60.png 54w, https:\/\/shop.auderset.com\/wp-content\/uploads\/2022\/08\/80p-rdvf4-81x90.png 81w, https:\/\/shop.auderset.com\/wp-content\/uploads\/2022\/08\/80p-rdvf4.png 500w\" sizes=\"(max-width: 270px) 100vw, 270px\" \/><\/a><\/p>\n<p align=\"LEFT\">Lire les 80 premi\u00e8re pages gratuitement -&gt; <strong><span style=\"color: #3366ff;\"><a style=\"color: #3366ff;\" href=\"https:\/\/mailchi.mp\/auderset.com\/rdvf4\">Ici<\/a><\/span><\/strong><\/p>\n<h1><b>Les \u201cRendez-vous dans la for\u00eat\u201d<\/b><\/h1>\n<p><span style=\"font-weight: 400;\">C\u2019est le 4\u00e8me tome de cette s\u00e9rie. Une saga qui a donn\u00e9 naissance \u00e0 une autre du nom de \u00abRendez-vous dans la for\u00eat,Origine\u201d (un seul exemplaire pour l\u2019instant).<\/span><\/p>\n<p>&nbsp;<\/p>\n<p><span style=\"font-weight: 400;\">Les RDVF sont \u00e9crits \u00e0 la mani\u00e8re d\u2019un journal de bord. L\u2019auteur y relate son propre v\u00e9cu. Ce sont des histoires courtes, accompagn\u00e9es d\u2019un grand nombre d\u2019illustrations et de photos faisant la part belle \u00e0 la nature. Un savant m\u00e9lange d\u2019humour, d\u2019auto-d\u00e9rision et de profondeur spirituelle. L\u2019auteur a la particularit\u00e9 de pr\u00e9senter Dieu comme un Ami, son ami.<\/span><\/p>\n<p>&nbsp;<\/p>\n<h1><b>Le tome 4<\/b><\/h1>\n<p><span style=\"font-weight: 400;\">Dans ce tome, on d\u00e9couvre davantage les coulisses de sa vie d\u2019\u00e9crivain avec ses difficult\u00e9s, que ce soit \u00e0 l\u2019\u00e9crit ou \u00e0 l&#8217;\u00e9dition.<\/span><\/p>\n<p><span style=\"font-weight: 400;\">Derri\u00e8re l\u2019homme public et l\u2019humoriste, nous d\u00e9couvrons un croyant authentique soucieux de ceux qui se perdent loin de Dieu.\u00a0<\/span><\/p>\n<p>&nbsp;<\/p>\n<p><span style=\"font-weight: 400;\">Avec authenticit\u00e9 et l\u00e9g\u00e8ret\u00e9, l\u2019auteur partage ce qui fait sa vie, les diff\u00e9rentes batailles de son quotidien avec ses d\u00e9faites qui parfois le laissent sans force, mais aussi tout ce qui fait sa saveur. Ses combats pour maintenir son atelier \u00e0 flot, ou pour aider une jeune fille au bord du suicide, ou pour \u00e9duquer son enfant.\u00a0<\/span><\/p>\n<p><span style=\"font-weight: 400;\">Des solutions finissent toujours par \u00e9merger m\u00eame si ce ne sont pas celles qu\u2019il imaginait.<\/span><\/p>\n<p><span style=\"font-weight: 400;\">Ce livre est une compilation de plusieurs petites anecdotes simples et touchantes d\u2019un papa artiste un peu fou.\u00a0<\/span><\/p>\n<p>&nbsp;<\/p>\n<p><span style=\"font-weight: 400;\">Il partage avec simplicit\u00e9 les aventures v\u00e9cues avec Spyke, son incorrigible chien. Il nous parle de ses enfants qu\u2019il aime tant, de la belle nature dans laquelle il aime se perdre souvent, de ses potes improbables ou m\u00eame de la rencontre avec un simple passant qui se transforme en moment de gr\u00e2ce.<\/span><\/p>\n<p>&nbsp;<\/p>\n<p><span style=\"font-weight: 400;\">Toutes ces histoires atteignent en plein c\u0153ur.\u00a0<\/span><\/p>\n<p><span style=\"font-weight: 400;\">Leur point commun \u00e9tant sa relation vivante avec Dieu, cette amiti\u00e9 d\u2019une autre dimension qui est ici d\u00e9crite avec beaucoup de profondeur.<\/span><\/p>\n<p><span style=\"font-weight: 400;\">L\u2019auteur en retire beaucoup de r\u00e9confort et ce livre a tout l\u2019art de nous le partager avec finesse et simplicit\u00e9.<\/span><\/p>\n<p>&nbsp;<\/p>\n<p><span style=\"font-weight: 400;\">Avec beaucoup de po\u00e9sie, ses rencontres ont souvent lieu dans les bois. Mais que ce soit loin du bruit de ce monde ou en plein dedans lorsqu\u2019il s\u2019agit d&#8217;assister \u00e0 un concert de m\u00e9tal de son fils, il nous entra\u00eene avec lui.<\/span><\/p>\n<p><span style=\"font-weight: 400;\">Et m\u00eame quand nous nous retrouvons avec lui en pleine nuit noire, seul et sous la pluie, l\u2019intensit\u00e9 de la rencontre qu\u2019il nous d\u00e9crit fait envie.<\/span><\/p>\n","protected":false},"excerpt":{"rendered":"<p>Lire les 80 premi\u00e8re pages gratuitement -&gt; Ici Les \u201cRendez-vous dans la for\u00eat\u201d C\u2019est le 4\u00e8me tome de cette s\u00e9rie. Une saga qui a donn\u00e9 naissance \u00e0 une autre du nom de \u00abRendez-vous dans la for\u00eat,Origine\u201d (un seul exemplaire pour l\u2019instant). &nbsp; Les RDVF sont \u00e9crits \u00e0 la mani\u00e8re d\u2019un journal de bord. L\u2019auteur y [&hellip;]<\/p>\n","protected":false},"featured_media":34370,"comment_status":"closed","ping_status":"closed","template":"","meta":[],"product_brand":[],"product_cat":[24,44],"product_tag":[],"class_list":{"0":"post-33559","1":"product","2":"type-product","3":"status-publish","4":"has-post-thumbnail","6":"product_cat-livres","7":"product_cat-rendez-vous-dans-la-foret","8":"product_shipping_class-livraison-suisse","9":"pa_prix-livre-prix-normal-29-chf-25-eur","10":"pa_prix-livre-prix-soutien-44-chf-37-eur","11":"pa_prix-livre-prix-super-soutien-58-chf-50-eur","13":"first","14":"instock","15":"taxable","16":"shipping-taxable","17":"purchasable","18":"product-type-variable"},"_links":{"self":[{"href":"https:\/\/shop.auderset.com\/es\/wp-json\/wp\/v2\/product\/33559","targetHints":{"allow":["GET"]}}],"collection":[{"href":"https:\/\/shop.auderset.com\/es\/wp-json\/wp\/v2\/product"}],"about":[{"href":"https:\/\/shop.auderset.com\/es\/wp-json\/wp\/v2\/types\/product"}],"replies":[{"embeddable":true,"href":"https:\/\/shop.auderset.com\/es\/wp-json\/wp\/v2\/comments?post=33559"}],"wp:featuredmedia":[{"embeddable":true,"href":"https:\/\/shop.auderset.com\/es\/wp-json\/wp\/v2\/media\/34370"}],"wp:attachment":[{"href":"https:\/\/shop.auderset.com\/es\/wp-json\/wp\/v2\/media?parent=33559"}],"wp:term":[{"taxonomy":"product_brand","embeddable":true,"href":"https:\/\/shop.auderset.com\/es\/wp-json\/wp\/v2\/product_brand?post=33559"},{"taxonomy":"product_cat","embeddable":true,"href":"https:\/\/shop.auderset.com\/es\/wp-json\/wp\/v2\/product_cat?post=33559"},{"taxonomy":"product_tag","embeddable":true,"href":"https:\/\/shop.auderset.com\/es\/wp-json\/wp\/v2\/product_tag?post=33559"}],"curies":[{"name":"wp","href":"https:\/\/api.w.org\/{rel}","templated":true}]}}