{"id":33261,"date":"2022-04-12T16:28:06","date_gmt":"2022-04-12T14:28:06","guid":{"rendered":"https:\/\/shop.auderset.com\/?post_type=product&#038;p=33261"},"modified":"2023-10-02T11:44:03","modified_gmt":"2023-10-02T09:44:03","slug":"traite-paques-10-unites","status":"publish","type":"product","link":"https:\/\/shop.auderset.com\/es\/produit\/traite-paques-10-unites\/","title":{"rendered":"Trait\u00e9 \u00abP\u00e2ques\u00bb (10 unit\u00e9s)"},"content":{"rendered":"<p style=\"font-weight: normal; margin-bottom: 0cm;\" align=\"left\"><span style=\"font-family: Arial, sans-serif;\"><em><span style=\"font-family: Arial, sans-serif;\">A partager autour de soi, \u00e0 donner \u00e0 ceux qu&#8217;on aime, \u00e0 ses potes, aux stoppeurs, aux passants, \u00e0 laisser dans les \u00e9coles, \u00e0 larguer par avion par-dessus les villes !<\/span><\/em><\/span><\/p>\n<p style=\"font-weight: normal; margin-bottom: 0cm;\" align=\"left\">\n","protected":false},"excerpt":{"rendered":"<p>A partager autour de soi, \u00e0 donner \u00e0 ceux qu&#8217;on aime, \u00e0 ses potes, aux stoppeurs, aux passants, \u00e0 laisser dans les \u00e9coles, \u00e0 larguer par avion par-dessus les villes !<\/p>\n","protected":false},"featured_media":33278,"comment_status":"open","ping_status":"closed","template":"","meta":[],"product_brand":[],"product_cat":[288,196],"product_tag":[],"class_list":{"0":"post-33261","1":"product","2":"type-product","3":"status-publish","4":"has-post-thumbnail","6":"product_cat-paques","7":"product_cat-traites","8":"product_shipping_class-livraison-suisse","9":"pa_prix-traites-prix-normal-2-chf-160-eur","10":"pa_prix-traites-prix-soutien-3-chf-24-eur","11":"pa_prix-traites-prix-super-soutien-4-chf-32-eur","13":"first","14":"instock","15":"taxable","16":"shipping-taxable","17":"purchasable","18":"product-type-variable"},"_links":{"self":[{"href":"https:\/\/shop.auderset.com\/es\/wp-json\/wp\/v2\/product\/33261","targetHints":{"allow":["GET"]}}],"collection":[{"href":"https:\/\/shop.auderset.com\/es\/wp-json\/wp\/v2\/product"}],"about":[{"href":"https:\/\/shop.auderset.com\/es\/wp-json\/wp\/v2\/types\/product"}],"replies":[{"embeddable":true,"href":"https:\/\/shop.auderset.com\/es\/wp-json\/wp\/v2\/comments?post=33261"}],"wp:featuredmedia":[{"embeddable":true,"href":"https:\/\/shop.auderset.com\/es\/wp-json\/wp\/v2\/media\/33278"}],"wp:attachment":[{"href":"https:\/\/shop.auderset.com\/es\/wp-json\/wp\/v2\/media?parent=33261"}],"wp:term":[{"taxonomy":"product_brand","embeddable":true,"href":"https:\/\/shop.auderset.com\/es\/wp-json\/wp\/v2\/product_brand?post=33261"},{"taxonomy":"product_cat","embeddable":true,"href":"https:\/\/shop.auderset.com\/es\/wp-json\/wp\/v2\/product_cat?post=33261"},{"taxonomy":"product_tag","embeddable":true,"href":"https:\/\/shop.auderset.com\/es\/wp-json\/wp\/v2\/product_tag?post=33261"}],"curies":[{"name":"wp","href":"https:\/\/api.w.org\/{rel}","templated":true}]}}