{"id":33172,"date":"2022-03-22T09:15:39","date_gmt":"2022-03-22T08:15:39","guid":{"rendered":"https:\/\/shop.auderset.com\/?post_type=product&#038;p=33172"},"modified":"2025-12-10T17:05:33","modified_gmt":"2025-12-10T16:05:33","slug":"rendez-vous-dans-la-foret-4-edition-collector","status":"publish","type":"product","link":"https:\/\/shop.auderset.com\/es\/produit\/rendez-vous-dans-la-foret-4-edition-collector\/","title":{"rendered":"Rendez-vous dans la for\u00eat 4 (\u00e9dition Collector)"},"content":{"rendered":"<p><iframe title=\"YouTube video player\" src=\"https:\/\/www.youtube.com\/embed\/4PuSSZ2RTzs\" width=\"560\" height=\"315\" frameborder=\"0\" allowfullscreen=\"allowfullscreen\"><span data-mce-type=\"bookmark\" style=\"display: inline-block; width: 0px; overflow: hidden; line-height: 0;\" class=\"mce_SELRES_start\">\ufeff<\/span><\/iframe><\/p>\n<p>Le collector \u00abrendez-vous dans la for\u00eat 4\u00bb est livr\u00e9 dans une bo\u00eete de taille identique que les pr\u00e9c\u00e9dents collectors. Il comprend :<\/p>\n<p>&#8211; Une bo\u00eete collector en guise d&#8217;\u00e9crin<\/p>\n<p>&#8211; Le Livre \u00abRendez-vous dans la for\u00eat 4<\/p>\n<p>&#8211; Deux bo\u00eetes de tisane, (qu&#8217;il ne sera pas possible d&#8217;acheter s\u00e9par\u00e9ment)<\/p>\n<p>&#8211; Une description des plantes et leurs bienfaits (pour que vous puissiez reproduire ces concoctions \u00e0 l&#8217;infini)<\/p>\n<p>&nbsp;<\/p>\n<p><iframe title=\"Moment lecture 2 &quot;Rendez-vous dans la for\u00eat 4&quot;\" width=\"980\" height=\"551\" src=\"https:\/\/www.youtube.com\/embed\/zaHCBblgqhk?feature=oembed\" frameborder=\"0\" allow=\"accelerometer; autoplay; clipboard-write; encrypted-media; gyroscope; picture-in-picture; web-share\" referrerpolicy=\"strict-origin-when-cross-origin\" allowfullscreen><\/iframe><\/p>\n<h6><span style=\"color: #000000;\"><strong>En cas de probl\u00e8me lors de la commande : christine@auderset.com<\/strong><\/span><\/h6>\n","protected":false},"excerpt":{"rendered":"<p>\ufeff Le collector \u00abrendez-vous dans la for\u00eat 4\u00bb est livr\u00e9 dans une bo\u00eete de taille identique que les pr\u00e9c\u00e9dents collectors. Il comprend : &#8211; Une bo\u00eete collector en guise d&#8217;\u00e9crin &#8211; Le Livre \u00abRendez-vous dans la for\u00eat 4 &#8211; Deux bo\u00eetes de tisane, (qu&#8217;il ne sera pas possible d&#8217;acheter s\u00e9par\u00e9ment) &#8211; Une description des plantes [&hellip;]<\/p>\n","protected":false},"featured_media":33195,"comment_status":"open","ping_status":"closed","template":"","meta":[],"product_brand":[],"product_cat":[138,278],"product_tag":[],"class_list":{"0":"post-33172","1":"product","2":"type-product","3":"status-publish","4":"has-post-thumbnail","6":"product_cat-collectors","7":"product_cat-rendez-vous-dans-la-foret-collector","8":"product_shipping_class-livraison-gratuite","9":"pa_prix-collectors-prix-normal-200-chf-180-eur","10":"pa_prix-collectors-prix-soutien-300-chf-270-eur","11":"pa_prix-collectors-prix-super-soutien-400-chf-360-eur","13":"first","14":"instock","15":"taxable","16":"shipping-taxable","17":"purchasable","18":"product-type-variable"},"_links":{"self":[{"href":"https:\/\/shop.auderset.com\/es\/wp-json\/wp\/v2\/product\/33172","targetHints":{"allow":["GET"]}}],"collection":[{"href":"https:\/\/shop.auderset.com\/es\/wp-json\/wp\/v2\/product"}],"about":[{"href":"https:\/\/shop.auderset.com\/es\/wp-json\/wp\/v2\/types\/product"}],"replies":[{"embeddable":true,"href":"https:\/\/shop.auderset.com\/es\/wp-json\/wp\/v2\/comments?post=33172"}],"wp:featuredmedia":[{"embeddable":true,"href":"https:\/\/shop.auderset.com\/es\/wp-json\/wp\/v2\/media\/33195"}],"wp:attachment":[{"href":"https:\/\/shop.auderset.com\/es\/wp-json\/wp\/v2\/media?parent=33172"}],"wp:term":[{"taxonomy":"product_brand","embeddable":true,"href":"https:\/\/shop.auderset.com\/es\/wp-json\/wp\/v2\/product_brand?post=33172"},{"taxonomy":"product_cat","embeddable":true,"href":"https:\/\/shop.auderset.com\/es\/wp-json\/wp\/v2\/product_cat?post=33172"},{"taxonomy":"product_tag","embeddable":true,"href":"https:\/\/shop.auderset.com\/es\/wp-json\/wp\/v2\/product_tag?post=33172"}],"curies":[{"name":"wp","href":"https:\/\/api.w.org\/{rel}","templated":true}]}}