{"id":32838,"date":"2021-12-20T11:21:38","date_gmt":"2021-12-20T10:21:38","guid":{"rendered":"https:\/\/shop.auderset.com\/?post_type=product&#038;p=32838"},"modified":"2023-10-02T13:20:55","modified_gmt":"2023-10-02T11:20:55","slug":"carte-postale-luc","status":"publish","type":"product","link":"https:\/\/shop.auderset.com\/es\/produit\/carte-postale-luc\/","title":{"rendered":"Carte postale \u00abLuc\u00bb"},"content":{"rendered":"<p>Dieu t&#8217;invite chez lui : \u00abVenez, car tout est d\u00e9j\u00e0 pr\u00eat&#8230;\u00bb Luc 14 : 17<\/p>\n","protected":false},"excerpt":{"rendered":"<p>Dieu t&#8217;invite chez lui : \u00abVenez, car tout est d\u00e9j\u00e0 pr\u00eat&#8230;\u00bb Luc 14 : 17<\/p>\n","protected":false},"featured_media":32825,"comment_status":"open","ping_status":"closed","template":"","meta":[],"product_brand":[],"product_cat":[164],"product_tag":[],"class_list":{"0":"post-32838","1":"product","2":"type-product","3":"status-publish","4":"has-post-thumbnail","6":"product_cat-carte-postale","7":"pa_prix-carte-postale-prix-normal-150-chf-120-eur","8":"pa_prix-carte-postale-prix-soutien-220-chf-180-eur","9":"pa_prix-carte-postale-prix-super-soutien-3-chf-24-eur","11":"first","12":"instock","13":"taxable","14":"shipping-taxable","15":"purchasable","16":"product-type-variable"},"_links":{"self":[{"href":"https:\/\/shop.auderset.com\/es\/wp-json\/wp\/v2\/product\/32838","targetHints":{"allow":["GET"]}}],"collection":[{"href":"https:\/\/shop.auderset.com\/es\/wp-json\/wp\/v2\/product"}],"about":[{"href":"https:\/\/shop.auderset.com\/es\/wp-json\/wp\/v2\/types\/product"}],"replies":[{"embeddable":true,"href":"https:\/\/shop.auderset.com\/es\/wp-json\/wp\/v2\/comments?post=32838"}],"wp:featuredmedia":[{"embeddable":true,"href":"https:\/\/shop.auderset.com\/es\/wp-json\/wp\/v2\/media\/32825"}],"wp:attachment":[{"href":"https:\/\/shop.auderset.com\/es\/wp-json\/wp\/v2\/media?parent=32838"}],"wp:term":[{"taxonomy":"product_brand","embeddable":true,"href":"https:\/\/shop.auderset.com\/es\/wp-json\/wp\/v2\/product_brand?post=32838"},{"taxonomy":"product_cat","embeddable":true,"href":"https:\/\/shop.auderset.com\/es\/wp-json\/wp\/v2\/product_cat?post=32838"},{"taxonomy":"product_tag","embeddable":true,"href":"https:\/\/shop.auderset.com\/es\/wp-json\/wp\/v2\/product_tag?post=32838"}],"curies":[{"name":"wp","href":"https:\/\/api.w.org\/{rel}","templated":true}]}}