{"id":30759,"date":"2020-10-27T15:30:59","date_gmt":"2020-10-27T14:30:59","guid":{"rendered":"https:\/\/shop.auderset.com\/?post_type=product&#038;p=30759"},"modified":"2023-10-02T20:28:12","modified_gmt":"2023-10-02T18:28:12","slug":"carte-postale-foi","status":"publish","type":"product","link":"https:\/\/shop.auderset.com\/es\/produit\/carte-postale-foi\/","title":{"rendered":"Carte postale \u00abFoi\u00bb"},"content":{"rendered":"<p><span style=\"font-weight: 400;\">\u00abAvoir la foi, c\u2019est monter la premi\u00e8re marche m\u00eame quand on ne voit pas tout l\u2019escalier.\u00bb Cette citation de\u00a0<\/span><i><em style=\"font-weight: 400;\">Martin Luther King,<\/em><\/i><span style=\"font-weight: 400;\">\u00a0renforc\u00e9e par une vision de\u00a0<\/span><i><em style=\"font-weight: 400;\">Jean-Michel Rey<\/em><\/i><span style=\"font-weight: 400;\">, a \u00e9t\u00e9 illustr\u00e9e par Alain Auderset. <\/span><span style=\"font-family: 'Arial','sans-serif'; mso-fareast-font-family: Times-Bold; mso-ansi-language: FR; mso-fareast-language: AR-SA; mso-bidi-font-family: Times-Bold; mso-bidi-language: AR-SA;\">Il r\u00e9sume bien la vie du croyant mais aussi de celui qui passe des id\u00e9es \u00e0 la r\u00e9alit\u00e9, quel que soit le domaine.<\/span><\/p>\n","protected":false},"excerpt":{"rendered":"<p>\u00abAvoir la foi, c\u2019est monter la premi\u00e8re marche m\u00eame quand on ne voit pas tout l\u2019escalier.\u00bb Cette citation de\u00a0Martin Luther King,\u00a0renforc\u00e9e par une vision de\u00a0Jean-Michel Rey, a \u00e9t\u00e9 illustr\u00e9e par Alain Auderset. Il r\u00e9sume bien la vie du croyant mais aussi de celui qui passe des id\u00e9es \u00e0 la r\u00e9alit\u00e9, quel que soit le domaine.<\/p>\n","protected":false},"featured_media":30775,"comment_status":"open","ping_status":"closed","template":"","meta":[],"product_brand":[],"product_cat":[164],"product_tag":[],"class_list":{"0":"post-30759","1":"product","2":"type-product","3":"status-publish","4":"has-post-thumbnail","6":"product_cat-carte-postale","7":"pa_prix-carte-postale-prix-normal-150-chf-120-eur","8":"pa_prix-carte-postale-prix-soutien-220-chf-180-eur","9":"pa_prix-carte-postale-prix-super-soutien-3-chf-24-eur","11":"first","12":"instock","13":"taxable","14":"shipping-taxable","15":"purchasable","16":"product-type-variable"},"_links":{"self":[{"href":"https:\/\/shop.auderset.com\/es\/wp-json\/wp\/v2\/product\/30759","targetHints":{"allow":["GET"]}}],"collection":[{"href":"https:\/\/shop.auderset.com\/es\/wp-json\/wp\/v2\/product"}],"about":[{"href":"https:\/\/shop.auderset.com\/es\/wp-json\/wp\/v2\/types\/product"}],"replies":[{"embeddable":true,"href":"https:\/\/shop.auderset.com\/es\/wp-json\/wp\/v2\/comments?post=30759"}],"wp:featuredmedia":[{"embeddable":true,"href":"https:\/\/shop.auderset.com\/es\/wp-json\/wp\/v2\/media\/30775"}],"wp:attachment":[{"href":"https:\/\/shop.auderset.com\/es\/wp-json\/wp\/v2\/media?parent=30759"}],"wp:term":[{"taxonomy":"product_brand","embeddable":true,"href":"https:\/\/shop.auderset.com\/es\/wp-json\/wp\/v2\/product_brand?post=30759"},{"taxonomy":"product_cat","embeddable":true,"href":"https:\/\/shop.auderset.com\/es\/wp-json\/wp\/v2\/product_cat?post=30759"},{"taxonomy":"product_tag","embeddable":true,"href":"https:\/\/shop.auderset.com\/es\/wp-json\/wp\/v2\/product_tag?post=30759"}],"curies":[{"name":"wp","href":"https:\/\/api.w.org\/{rel}","templated":true}]}}