{"id":30535,"date":"2020-10-01T11:12:36","date_gmt":"2020-10-01T09:12:36","guid":{"rendered":"https:\/\/shop.auderset.com\/?post_type=product&#038;p=30535"},"modified":"2024-04-29T08:48:23","modified_gmt":"2024-04-29T06:48:23","slug":"cd-temoignage","status":"publish","type":"product","link":"https:\/\/shop.auderset.com\/es\/produit\/cd-temoignage\/","title":{"rendered":"CD t\u00e9moignage"},"content":{"rendered":"<p style=\"line-height: 100%; margin-bottom: 0.35cm;\" align=\"left\"><span style=\"font-family: ArialMT, sans-serif;\"><span style=\"color: #000000;\"><span style=\"font-family: Arial, sans-serif;\"><span style=\"font-style: normal;\"><span style=\"font-weight: normal;\">Un simple petit gars&#8230;<\/span><\/span><\/span><\/span><\/span><\/p>\n<p style=\"line-height: 100%; margin-bottom: 0.35cm;\" align=\"left\"><span style=\"font-family: ArialMT, sans-serif;\"><span style=\"color: #000000;\"><span style=\"font-family: Arial, sans-serif;\"><span style=\"font-style: normal;\"><span style=\"font-weight: normal;\">Histoire vraie de l&#8217;auteur racont\u00e9e par lui-m\u00eame avec beaucoup d&#8217;humour et d&#8217;\u00e9motion. On l&#8217;y entend parler de ses d\u00e9buts modestes et de sa foi \u00e0 toute \u00e9preuve. On est touch\u00e9 par sa sinc\u00e9rit\u00e9 qui nous prend aux tripes.<br \/>\nDieu existe et il est l&#8217;ami des petites gens&#8230;<br \/>\n<\/span><\/span><\/span><\/span><\/span><\/p>\n<p style=\"line-height: 100%; margin-bottom: 0.35cm;\" align=\"left\"><span style=\"font-family: ArialMT, sans-serif;\"><span style=\"color: #000000;\"><span style=\"font-family: Arial, sans-serif;\"><span style=\"font-style: normal;\"><span style=\"font-weight: normal;\">Un CD qui ne laissera personne insensible, \u00e0 distribuer massivement autour de vous !<\/span><\/span><\/span><\/span><\/span><\/p>\n<p align=\"left\">\n","protected":false},"excerpt":{"rendered":"<p>Un simple petit gars&#8230; Histoire vraie de l&#8217;auteur racont\u00e9e par lui-m\u00eame avec beaucoup d&#8217;humour et d&#8217;\u00e9motion. On l&#8217;y entend parler de ses d\u00e9buts modestes et de sa foi \u00e0 toute \u00e9preuve. On est touch\u00e9 par sa sinc\u00e9rit\u00e9 qui nous prend aux tripes. Dieu existe et il est l&#8217;ami des petites gens&#8230; Un CD qui ne [&hellip;]<\/p>\n","protected":false},"featured_media":30353,"comment_status":"open","ping_status":"closed","template":"","meta":[],"product_brand":[],"product_cat":[205],"product_tag":[],"class_list":{"0":"post-30535","1":"product","2":"type-product","3":"status-publish","4":"has-post-thumbnail","6":"product_cat-temoignage","7":"product_shipping_class-livraison-suisse","8":"pa_prix-cd-prix-normal-12-chf-10-eur","9":"pa_prix-cd-prix-soutien-18-chf-15-eur","10":"pa_prix-cd-prix-super-soutien-24-chf-20-eur","12":"first","13":"instock","14":"taxable","15":"shipping-taxable","16":"purchasable","17":"product-type-variable"},"_links":{"self":[{"href":"https:\/\/shop.auderset.com\/es\/wp-json\/wp\/v2\/product\/30535","targetHints":{"allow":["GET"]}}],"collection":[{"href":"https:\/\/shop.auderset.com\/es\/wp-json\/wp\/v2\/product"}],"about":[{"href":"https:\/\/shop.auderset.com\/es\/wp-json\/wp\/v2\/types\/product"}],"replies":[{"embeddable":true,"href":"https:\/\/shop.auderset.com\/es\/wp-json\/wp\/v2\/comments?post=30535"}],"wp:featuredmedia":[{"embeddable":true,"href":"https:\/\/shop.auderset.com\/es\/wp-json\/wp\/v2\/media\/30353"}],"wp:attachment":[{"href":"https:\/\/shop.auderset.com\/es\/wp-json\/wp\/v2\/media?parent=30535"}],"wp:term":[{"taxonomy":"product_brand","embeddable":true,"href":"https:\/\/shop.auderset.com\/es\/wp-json\/wp\/v2\/product_brand?post=30535"},{"taxonomy":"product_cat","embeddable":true,"href":"https:\/\/shop.auderset.com\/es\/wp-json\/wp\/v2\/product_cat?post=30535"},{"taxonomy":"product_tag","embeddable":true,"href":"https:\/\/shop.auderset.com\/es\/wp-json\/wp\/v2\/product_tag?post=30535"}],"curies":[{"name":"wp","href":"https:\/\/api.w.org\/{rel}","templated":true}]}}