{"id":30523,"date":"2020-10-01T10:00:53","date_gmt":"2020-10-01T08:00:53","guid":{"rendered":"https:\/\/shop.auderset.com\/?post_type=product&#038;p=30523"},"modified":"2023-10-02T20:19:19","modified_gmt":"2023-10-02T18:19:19","slug":"traite-kevin-10-unites","status":"publish","type":"product","link":"https:\/\/shop.auderset.com\/es\/produit\/traite-kevin-10-unites\/","title":{"rendered":"Trait\u00e9 \u00abKevin\u00bb (10 unit\u00e9s)"},"content":{"rendered":"<p style=\"font-weight: normal; margin-bottom: 0cm;\" align=\"left\"><span style=\"font-family: Arial, sans-serif;\">4 pages tir\u00e9es de la BD \u00abId\u00e9es re\u00e7ues 1\u00bb.<\/span><\/p>\n<p style=\"font-weight: normal; margin-bottom: 0cm;\" align=\"left\"><span style=\"font-family: Arial, sans-serif;\">Histoire \u00e9mouvante du jeune Kevin qui ressemble tellement \u00e0 celle beaucoup de personnes r\u00eavant leur vie plut\u00f4t que la vivant&#8230;<br \/>\nUn appel touchant de J\u00e9sus pour nous.<\/span><\/p>\n<p style=\"font-weight: normal; margin-bottom: 0cm;\" align=\"left\">A\u00a0<span style=\"font-family: Arial, sans-serif;\"><em>partager autour de soi, \u00e0 donner \u00e0 ses potes, aux stopeurs, aux passants, \u00e0 laisser dans les \u00e9coles, \u00e0 larguer par avion par-dessus les villes !<\/em><\/span><\/p>\n<p style=\"font-weight: normal; margin-bottom: 0cm;\" align=\"left\">\n","protected":false},"excerpt":{"rendered":"<p>4 pages tir\u00e9es de la BD \u00abId\u00e9es re\u00e7ues 1\u00bb. Histoire \u00e9mouvante du jeune Kevin qui ressemble tellement \u00e0 celle beaucoup de personnes r\u00eavant leur vie plut\u00f4t que la vivant&#8230; Un appel touchant de J\u00e9sus pour nous. A\u00a0partager autour de soi, \u00e0 donner \u00e0 ses potes, aux stopeurs, aux passants, \u00e0 laisser dans les \u00e9coles, \u00e0 [&hellip;]<\/p>\n","protected":false},"featured_media":30454,"comment_status":"open","ping_status":"closed","template":"","meta":[],"product_brand":[],"product_cat":[198,196],"product_tag":[],"class_list":{"0":"post-30523","1":"product","2":"type-product","3":"status-publish","4":"has-post-thumbnail","6":"product_cat-kevin","7":"product_cat-traites","8":"product_shipping_class-livraison-suisse","9":"pa_prix-traites-prix-normal-2-chf-160-eur","10":"pa_prix-traites-prix-soutien-3-chf-24-eur","11":"pa_prix-traites-prix-super-soutien-4-chf-32-eur","13":"first","14":"instock","15":"taxable","16":"shipping-taxable","17":"purchasable","18":"product-type-variable"},"_links":{"self":[{"href":"https:\/\/shop.auderset.com\/es\/wp-json\/wp\/v2\/product\/30523","targetHints":{"allow":["GET"]}}],"collection":[{"href":"https:\/\/shop.auderset.com\/es\/wp-json\/wp\/v2\/product"}],"about":[{"href":"https:\/\/shop.auderset.com\/es\/wp-json\/wp\/v2\/types\/product"}],"replies":[{"embeddable":true,"href":"https:\/\/shop.auderset.com\/es\/wp-json\/wp\/v2\/comments?post=30523"}],"wp:featuredmedia":[{"embeddable":true,"href":"https:\/\/shop.auderset.com\/es\/wp-json\/wp\/v2\/media\/30454"}],"wp:attachment":[{"href":"https:\/\/shop.auderset.com\/es\/wp-json\/wp\/v2\/media?parent=30523"}],"wp:term":[{"taxonomy":"product_brand","embeddable":true,"href":"https:\/\/shop.auderset.com\/es\/wp-json\/wp\/v2\/product_brand?post=30523"},{"taxonomy":"product_cat","embeddable":true,"href":"https:\/\/shop.auderset.com\/es\/wp-json\/wp\/v2\/product_cat?post=30523"},{"taxonomy":"product_tag","embeddable":true,"href":"https:\/\/shop.auderset.com\/es\/wp-json\/wp\/v2\/product_tag?post=30523"}],"curies":[{"name":"wp","href":"https:\/\/api.w.org\/{rel}","templated":true}]}}