{"id":30511,"date":"2020-09-30T22:10:47","date_gmt":"2020-09-30T20:10:47","guid":{"rendered":"https:\/\/shop.auderset.com\/?post_type=product&#038;p=30511"},"modified":"2023-10-02T20:19:44","modified_gmt":"2023-10-02T18:19:44","slug":"traite-on-peut-tout-perdre","status":"publish","type":"product","link":"https:\/\/shop.auderset.com\/es\/produit\/traite-on-peut-tout-perdre\/","title":{"rendered":"Trait\u00e9 \u00abOn peut tout perdre\u00bb (10 unit\u00e9s)"},"content":{"rendered":"<p style=\"font-weight: normal; margin-bottom: 0cm;\" align=\"left\"><span style=\"font-family: Arial, sans-serif;\">Tir\u00e9 de la BD \u00ab Id\u00e9es re\u00e7ues 1 \u00bb.<\/span><\/p>\n<p style=\"font-weight: normal; margin-bottom: 0cm;\" align=\"left\"><span style=\"font-family: Arial, sans-serif;\">Prendre conscience d&#8217;une v\u00e9rit\u00e9 simple et directe: on va tout perdre&#8230;<\/span><\/p>\n<p style=\"font-weight: normal; margin-bottom: 0cm;\" align=\"left\"><span style=\"font-family: Arial, sans-serif;\">Mais aussi un formidable message d&#8217;espoir et d&#8217;humour, car il y a seule chose que l&#8217;on peut garder&#8230;<\/span><\/p>\n<p style=\"font-weight: normal; margin-bottom: 0cm;\" align=\"left\"><span style=\"font-family: Arial, sans-serif;\"><em>A partager autour de soi, \u00e0 donner \u00e0 ceux qu&#8217;on aime, \u00e0 ses potes, aux stopeurs, aux passants, \u00e0 laisser dans les \u00e9coles, \u00e0 larguer par avion par-dessus les villes !<\/em><\/span><\/p>\n<p style=\"font-weight: normal; margin-bottom: 0cm;\" align=\"left\">\n","protected":false},"excerpt":{"rendered":"<p>Tir\u00e9 de la BD \u00ab Id\u00e9es re\u00e7ues 1 \u00bb. Prendre conscience d&#8217;une v\u00e9rit\u00e9 simple et directe: on va tout perdre&#8230; Mais aussi un formidable message d&#8217;espoir et d&#8217;humour, car il y a seule chose que l&#8217;on peut garder&#8230; A partager autour de soi, \u00e0 donner \u00e0 ceux qu&#8217;on aime, \u00e0 ses potes, aux stopeurs, aux [&hellip;]<\/p>\n","protected":false},"featured_media":30458,"comment_status":"open","ping_status":"closed","template":"","meta":[],"product_brand":[],"product_cat":[197,196],"product_tag":[],"class_list":{"0":"post-30511","1":"product","2":"type-product","3":"status-publish","4":"has-post-thumbnail","6":"product_cat-on-peut-tout-perdre","7":"product_cat-traites","8":"product_shipping_class-livraison-suisse","9":"pa_prix-traites-prix-normal-2-chf-160-eur","10":"pa_prix-traites-prix-soutien-3-chf-24-eur","11":"pa_prix-traites-prix-super-soutien-4-chf-32-eur","13":"first","14":"instock","15":"taxable","16":"shipping-taxable","17":"purchasable","18":"product-type-variable"},"_links":{"self":[{"href":"https:\/\/shop.auderset.com\/es\/wp-json\/wp\/v2\/product\/30511","targetHints":{"allow":["GET"]}}],"collection":[{"href":"https:\/\/shop.auderset.com\/es\/wp-json\/wp\/v2\/product"}],"about":[{"href":"https:\/\/shop.auderset.com\/es\/wp-json\/wp\/v2\/types\/product"}],"replies":[{"embeddable":true,"href":"https:\/\/shop.auderset.com\/es\/wp-json\/wp\/v2\/comments?post=30511"}],"wp:featuredmedia":[{"embeddable":true,"href":"https:\/\/shop.auderset.com\/es\/wp-json\/wp\/v2\/media\/30458"}],"wp:attachment":[{"href":"https:\/\/shop.auderset.com\/es\/wp-json\/wp\/v2\/media?parent=30511"}],"wp:term":[{"taxonomy":"product_brand","embeddable":true,"href":"https:\/\/shop.auderset.com\/es\/wp-json\/wp\/v2\/product_brand?post=30511"},{"taxonomy":"product_cat","embeddable":true,"href":"https:\/\/shop.auderset.com\/es\/wp-json\/wp\/v2\/product_cat?post=30511"},{"taxonomy":"product_tag","embeddable":true,"href":"https:\/\/shop.auderset.com\/es\/wp-json\/wp\/v2\/product_tag?post=30511"}],"curies":[{"name":"wp","href":"https:\/\/api.w.org\/{rel}","templated":true}]}}