{"id":30414,"date":"2020-09-22T19:29:53","date_gmt":"2020-09-22T17:29:53","guid":{"rendered":"https:\/\/shop.auderset.com\/?post_type=product&#038;p=30414"},"modified":"2026-03-18T11:25:46","modified_gmt":"2026-03-18T10:25:46","slug":"bd-sans-parole-100-unites","status":"publish","type":"product","link":"https:\/\/shop.auderset.com\/es\/produit\/bd-sans-parole-100-unites\/","title":{"rendered":"BD sans parole (100 unit\u00e9s)"},"content":{"rendered":"<p><span style=\"font-size: 16pt;\">Avant tout destin\u00e9 \u00e0 l\u2019\u00e9vang\u00e9lisation, ce livre se base sur les illustrations pour faire comprendre l\u2019\u0153uvre de la Croix et la main ainsi tendue par Dieu \u00e0 toute l\u2019humanit\u00e9 au-travers de son fils J\u00e9sus-Christ. <\/span><\/p>\n<p><span style=\"font-size: 16pt;\">Comment un petit c\u0153ur solitaire qui se morfond dans l\u2019obscurit\u00e9 et la pollution d\u2019un inf\u00e2me bidonville se retrouve entra\u00een\u00e9 \u00e0 franchir la porte inaccessible d\u2019un pays merveilleux ? <\/span><\/p>\n","protected":false},"excerpt":{"rendered":"<p>Avant tout destin\u00e9 \u00e0 l\u2019\u00e9vang\u00e9lisation, ce livre se base sur les illustrations pour faire comprendre l\u2019\u0153uvre de la Croix et la main ainsi tendue par Dieu \u00e0 toute l\u2019humanit\u00e9 au-travers de son fils J\u00e9sus-Christ. Comment un petit c\u0153ur solitaire qui se morfond dans l\u2019obscurit\u00e9 et la pollution d\u2019un inf\u00e2me bidonville se retrouve entra\u00een\u00e9 \u00e0 franchir [&hellip;]<\/p>\n","protected":false},"featured_media":29728,"comment_status":"open","ping_status":"closed","template":"","meta":[],"product_brand":[],"product_cat":[180],"product_tag":[],"class_list":{"0":"post-30414","1":"product","2":"type-product","3":"status-publish","4":"has-post-thumbnail","6":"product_cat-bd-sans-parole","7":"pa_prix-bdsp-prix-normal-450-chf-250-eur","8":"pa_prix-bdsp-prix-soutien-675-chf-375-eur","9":"pa_prix-bdsp-prix-super-soutien-900-chf-500-eur","11":"first","12":"instock","13":"taxable","14":"shipping-taxable","15":"purchasable","16":"product-type-variable"},"_links":{"self":[{"href":"https:\/\/shop.auderset.com\/es\/wp-json\/wp\/v2\/product\/30414","targetHints":{"allow":["GET"]}}],"collection":[{"href":"https:\/\/shop.auderset.com\/es\/wp-json\/wp\/v2\/product"}],"about":[{"href":"https:\/\/shop.auderset.com\/es\/wp-json\/wp\/v2\/types\/product"}],"replies":[{"embeddable":true,"href":"https:\/\/shop.auderset.com\/es\/wp-json\/wp\/v2\/comments?post=30414"}],"wp:featuredmedia":[{"embeddable":true,"href":"https:\/\/shop.auderset.com\/es\/wp-json\/wp\/v2\/media\/29728"}],"wp:attachment":[{"href":"https:\/\/shop.auderset.com\/es\/wp-json\/wp\/v2\/media?parent=30414"}],"wp:term":[{"taxonomy":"product_brand","embeddable":true,"href":"https:\/\/shop.auderset.com\/es\/wp-json\/wp\/v2\/product_brand?post=30414"},{"taxonomy":"product_cat","embeddable":true,"href":"https:\/\/shop.auderset.com\/es\/wp-json\/wp\/v2\/product_cat?post=30414"},{"taxonomy":"product_tag","embeddable":true,"href":"https:\/\/shop.auderset.com\/es\/wp-json\/wp\/v2\/product_tag?post=30414"}],"curies":[{"name":"wp","href":"https:\/\/api.w.org\/{rel}","templated":true}]}}