{"id":30286,"date":"2020-09-20T17:23:55","date_gmt":"2020-09-20T15:23:55","guid":{"rendered":"https:\/\/shop.auderset.com\/?post_type=product&#038;p=30286"},"modified":"2025-12-03T12:00:55","modified_gmt":"2025-12-03T11:00:55","slug":"luoghi-comuni-petit-format-italien","status":"publish","type":"product","link":"https:\/\/shop.auderset.com\/es\/produit\/luoghi-comuni-petit-format-italien\/","title":{"rendered":"Luoghi comuni (petit format, italien)"},"content":{"rendered":"<p>Un humour noir, avec un graphisme et des couleurs du m\u00eame ton, pour parler de toutes ces \u00ab id\u00e9es re\u00e7ues \u00bb que l\u2019on a de Dieu, de la mort, de la religion, des hommes.<\/p>\n<p>C\u2019est frais, \u00e9mouvant, dr\u00f4le et sinc\u00e8re. Une sinc\u00e9rit\u00e9 qui se d\u00e9gage et d\u00e9stabilise les certitudes du lecteur, ath\u00e9e ou non.<\/p>\n<p>En petit format, plus facile \u00e0 distribuer, m\u00eame en grandes quantit\u00e9s.<\/p>\n","protected":false},"excerpt":{"rendered":"<p>Un humour noir, avec un graphisme et des couleurs du m\u00eame ton, pour parler de toutes ces \u00ab id\u00e9es re\u00e7ues \u00bb que l\u2019on a de Dieu, de la mort, de la religion, des hommes. C\u2019est frais, \u00e9mouvant, dr\u00f4le et sinc\u00e8re. Une sinc\u00e9rit\u00e9 qui se d\u00e9gage et d\u00e9stabilise les certitudes du lecteur, ath\u00e9e ou non. En [&hellip;]<\/p>\n","protected":false},"featured_media":29788,"comment_status":"open","ping_status":"closed","template":"","meta":[],"product_brand":[],"product_cat":[88,137,167,147],"product_tag":[],"class_list":{"0":"post-30286","1":"product","2":"type-product","3":"status-publish","4":"has-post-thumbnail","6":"product_cat-bandes-dessinees","7":"product_cat-idees-recues","8":"product_cat-italien","9":"product_cat-petit-format","10":"pa_prix-petit-format-prix-normal-10-chf-8-eur","11":"pa_prix-petit-format-prix-soutien-15-chf-12-eur","12":"pa_prix-petit-format-prix-super-soutien-20-chf-16-eur","14":"first","15":"outofstock","16":"sold-individually","17":"taxable","18":"shipping-taxable","19":"purchasable","20":"product-type-variable"},"_links":{"self":[{"href":"https:\/\/shop.auderset.com\/es\/wp-json\/wp\/v2\/product\/30286","targetHints":{"allow":["GET"]}}],"collection":[{"href":"https:\/\/shop.auderset.com\/es\/wp-json\/wp\/v2\/product"}],"about":[{"href":"https:\/\/shop.auderset.com\/es\/wp-json\/wp\/v2\/types\/product"}],"replies":[{"embeddable":true,"href":"https:\/\/shop.auderset.com\/es\/wp-json\/wp\/v2\/comments?post=30286"}],"wp:featuredmedia":[{"embeddable":true,"href":"https:\/\/shop.auderset.com\/es\/wp-json\/wp\/v2\/media\/29788"}],"wp:attachment":[{"href":"https:\/\/shop.auderset.com\/es\/wp-json\/wp\/v2\/media?parent=30286"}],"wp:term":[{"taxonomy":"product_brand","embeddable":true,"href":"https:\/\/shop.auderset.com\/es\/wp-json\/wp\/v2\/product_brand?post=30286"},{"taxonomy":"product_cat","embeddable":true,"href":"https:\/\/shop.auderset.com\/es\/wp-json\/wp\/v2\/product_cat?post=30286"},{"taxonomy":"product_tag","embeddable":true,"href":"https:\/\/shop.auderset.com\/es\/wp-json\/wp\/v2\/product_tag?post=30286"}],"curies":[{"name":"wp","href":"https:\/\/api.w.org\/{rel}","templated":true}]}}