{"id":30242,"date":"2020-09-19T09:39:26","date_gmt":"2020-09-19T07:39:26","guid":{"rendered":"https:\/\/shop.auderset.com\/?post_type=product&#038;p=30242"},"modified":"2024-04-15T09:03:34","modified_gmt":"2024-04-15T07:03:34","slug":"poster-ichtus","status":"publish","type":"product","link":"https:\/\/shop.auderset.com\/es\/produit\/poster-ichtus\/","title":{"rendered":"Poster \u00abIchtus\u00bb"},"content":{"rendered":"<p>L\u2019insigne du poisson (Ichthus) a toujours \u00e9t\u00e9, depuis le d\u00e9but de la chr\u00e9tient\u00e9, un signe de ralliement entre chr\u00e9tiens, toutes confessions confondues.<\/p>\n<p>Alain Auderset revisite le symbole et d\u00e9crispe l\u2019id\u00e9e clich\u00e9 que l\u2019on a des chr\u00e9tiens, avec une bonne dose d\u2019humour, mais toujours dans le respect de chacun.<\/p>\n","protected":false},"excerpt":{"rendered":"<p>L\u2019insigne du poisson (Ichthus) a toujours \u00e9t\u00e9, depuis le d\u00e9but de la chr\u00e9tient\u00e9, un signe de ralliement entre chr\u00e9tiens, toutes confessions confondues. Alain Auderset revisite le symbole et d\u00e9crispe l\u2019id\u00e9e clich\u00e9 que l\u2019on a des chr\u00e9tiens, avec une bonne dose d\u2019humour, mais toujours dans le respect de chacun.<\/p>\n","protected":false},"featured_media":29909,"comment_status":"open","ping_status":"closed","template":"","meta":[],"product_brand":[],"product_cat":[157,99],"product_tag":[],"class_list":{"0":"post-30242","1":"product","2":"type-product","3":"status-publish","4":"has-post-thumbnail","6":"product_cat-ichtus","7":"product_cat-poster","8":"pa_prix-poster-prix-normal-15-chf-12-eur","9":"pa_prix-poster-prix-soutien-22-chf-18-eur","10":"pa_prix-poster-prix-super-soutien-30-chf-24-eur","12":"first","13":"instock","14":"taxable","15":"shipping-taxable","16":"purchasable","17":"product-type-variable"},"_links":{"self":[{"href":"https:\/\/shop.auderset.com\/es\/wp-json\/wp\/v2\/product\/30242","targetHints":{"allow":["GET"]}}],"collection":[{"href":"https:\/\/shop.auderset.com\/es\/wp-json\/wp\/v2\/product"}],"about":[{"href":"https:\/\/shop.auderset.com\/es\/wp-json\/wp\/v2\/types\/product"}],"replies":[{"embeddable":true,"href":"https:\/\/shop.auderset.com\/es\/wp-json\/wp\/v2\/comments?post=30242"}],"wp:featuredmedia":[{"embeddable":true,"href":"https:\/\/shop.auderset.com\/es\/wp-json\/wp\/v2\/media\/29909"}],"wp:attachment":[{"href":"https:\/\/shop.auderset.com\/es\/wp-json\/wp\/v2\/media?parent=30242"}],"wp:term":[{"taxonomy":"product_brand","embeddable":true,"href":"https:\/\/shop.auderset.com\/es\/wp-json\/wp\/v2\/product_brand?post=30242"},{"taxonomy":"product_cat","embeddable":true,"href":"https:\/\/shop.auderset.com\/es\/wp-json\/wp\/v2\/product_cat?post=30242"},{"taxonomy":"product_tag","embeddable":true,"href":"https:\/\/shop.auderset.com\/es\/wp-json\/wp\/v2\/product_tag?post=30242"}],"curies":[{"name":"wp","href":"https:\/\/api.w.org\/{rel}","templated":true}]}}