{"id":30234,"date":"2020-09-19T09:20:00","date_gmt":"2020-09-19T07:20:00","guid":{"rendered":"https:\/\/shop.auderset.com\/?post_type=product&#038;p=30234"},"modified":"2024-04-15T13:27:09","modified_gmt":"2024-04-15T11:27:09","slug":"poster-vernissage-wg2","status":"publish","type":"product","link":"https:\/\/shop.auderset.com\/es\/produit\/poster-vernissage-wg2\/","title":{"rendered":"Poster \u00abVernissage WG2\u00bb"},"content":{"rendered":"<p>Une image tir\u00e9e de la BD Willy Grunch 1 (2008 : 1er Prix International de la BD francophone chr\u00e9tienne d\u2019Angoul\u00eame)<\/p>\n<p>Un message \u00e9cologique bien entendu, mais aussi une r\u00e9flexion plus existentielle sur notre place en ce monde\u2026<\/p>\n<blockquote class=\"wp-embedded-content\" data-secret=\"hHA9evlpfX\"><p><a href=\"https:\/\/www.auderset.com\/comics\/willy-grunch\/\">[:fr]Willy Grunch[:de]Willy Grunch[:en]Willy Grunch[:es]Willy 1[:]<\/a><\/p><\/blockquote>\n<p><iframe class=\"wp-embedded-content\" sandbox=\"allow-scripts\" security=\"restricted\" style=\"position: absolute; visibility: hidden;\" title=\"&#8220;[:fr]Willy Grunch[:de]Willy Grunch[:en]Willy Grunch[:es]Willy 1[:]&#8221; &#8212; Alain Auderset\" src=\"https:\/\/www.auderset.com\/comics\/willy-grunch\/embed\/#?secret=GrpyetJOXs#?secret=hHA9evlpfX\" data-secret=\"hHA9evlpfX\" width=\"600\" height=\"338\" frameborder=\"0\" marginwidth=\"0\" marginheight=\"0\" scrolling=\"no\"><\/iframe><\/p>\n","protected":false},"excerpt":{"rendered":"<p>Une image tir\u00e9e de la BD Willy Grunch 1 (2008 : 1er Prix International de la BD francophone chr\u00e9tienne d\u2019Angoul\u00eame) Un message \u00e9cologique bien entendu, mais aussi une r\u00e9flexion plus existentielle sur notre place en ce monde\u2026 [:fr]Willy Grunch[:de]Willy Grunch[:en]Willy Grunch[:es]Willy 1[:]<\/p>\n","protected":false},"featured_media":29921,"comment_status":"open","ping_status":"closed","template":"","meta":[],"product_brand":[],"product_cat":[99,154],"product_tag":[],"class_list":{"0":"post-30234","1":"product","2":"type-product","3":"status-publish","4":"has-post-thumbnail","6":"product_cat-poster","7":"product_cat-willy-grunch-poster","8":"pa_prix-poster-prix-normal-15-chf-12-eur","9":"pa_prix-poster-prix-soutien-22-chf-18-eur","10":"pa_prix-poster-prix-super-soutien-30-chf-24-eur","12":"first","13":"instock","14":"taxable","15":"shipping-taxable","16":"purchasable","17":"product-type-variable"},"_links":{"self":[{"href":"https:\/\/shop.auderset.com\/es\/wp-json\/wp\/v2\/product\/30234","targetHints":{"allow":["GET"]}}],"collection":[{"href":"https:\/\/shop.auderset.com\/es\/wp-json\/wp\/v2\/product"}],"about":[{"href":"https:\/\/shop.auderset.com\/es\/wp-json\/wp\/v2\/types\/product"}],"replies":[{"embeddable":true,"href":"https:\/\/shop.auderset.com\/es\/wp-json\/wp\/v2\/comments?post=30234"}],"wp:featuredmedia":[{"embeddable":true,"href":"https:\/\/shop.auderset.com\/es\/wp-json\/wp\/v2\/media\/29921"}],"wp:attachment":[{"href":"https:\/\/shop.auderset.com\/es\/wp-json\/wp\/v2\/media?parent=30234"}],"wp:term":[{"taxonomy":"product_brand","embeddable":true,"href":"https:\/\/shop.auderset.com\/es\/wp-json\/wp\/v2\/product_brand?post=30234"},{"taxonomy":"product_cat","embeddable":true,"href":"https:\/\/shop.auderset.com\/es\/wp-json\/wp\/v2\/product_cat?post=30234"},{"taxonomy":"product_tag","embeddable":true,"href":"https:\/\/shop.auderset.com\/es\/wp-json\/wp\/v2\/product_tag?post=30234"}],"curies":[{"name":"wp","href":"https:\/\/api.w.org\/{rel}","templated":true}]}}