{"id":30229,"date":"2020-09-18T20:27:57","date_gmt":"2020-09-18T18:27:57","guid":{"rendered":"https:\/\/shop.auderset.com\/?post_type=product&#038;p=30229"},"modified":"2024-04-15T11:02:13","modified_gmt":"2024-04-15T09:02:13","slug":"poster-foi","status":"publish","type":"product","link":"https:\/\/shop.auderset.com\/es\/produit\/poster-foi\/","title":{"rendered":"Poster \u00abFoi\u00bb"},"content":{"rendered":"<p>\u00abAvoir la foi, c\u2019est monter la premi\u00e8re marche m\u00eame quand on ne voit pas tout l\u2019escalier.\u00bb Cette citation de Martin Luther King, renforc\u00e9e par une vision de Jean-Michel Rey, a \u00e9t\u00e9 illustr\u00e9e par Alain Auderset sur ce nouveau poster. Il r\u00e9sume bien la vie du croyant mais aussi de celui qui passe des id\u00e9es \u00e0 la r\u00e9alit\u00e9, quel que soit le domaine.<\/p>\n","protected":false},"excerpt":{"rendered":"<p>\u00abAvoir la foi, c\u2019est monter la premi\u00e8re marche m\u00eame quand on ne voit pas tout l\u2019escalier.\u00bb Cette citation de Martin Luther King, renforc\u00e9e par une vision de Jean-Michel Rey, a \u00e9t\u00e9 illustr\u00e9e par Alain Auderset sur ce nouveau poster. Il r\u00e9sume bien la vie du croyant mais aussi de celui qui passe des id\u00e9es \u00e0 [&hellip;]<\/p>\n","protected":false},"featured_media":29901,"comment_status":"open","ping_status":"closed","template":"","meta":[],"product_brand":[],"product_cat":[153,99],"product_tag":[],"class_list":{"0":"post-30229","1":"product","2":"type-product","3":"status-publish","4":"has-post-thumbnail","6":"product_cat-foi","7":"product_cat-poster","8":"pa_prix-poster-prix-normal-15-chf-12-eur","9":"pa_prix-poster-prix-soutien-22-chf-18-eur","10":"pa_prix-poster-prix-super-soutien-30-chf-24-eur","12":"first","13":"instock","14":"taxable","15":"shipping-taxable","16":"purchasable","17":"product-type-variable"},"_links":{"self":[{"href":"https:\/\/shop.auderset.com\/es\/wp-json\/wp\/v2\/product\/30229","targetHints":{"allow":["GET"]}}],"collection":[{"href":"https:\/\/shop.auderset.com\/es\/wp-json\/wp\/v2\/product"}],"about":[{"href":"https:\/\/shop.auderset.com\/es\/wp-json\/wp\/v2\/types\/product"}],"replies":[{"embeddable":true,"href":"https:\/\/shop.auderset.com\/es\/wp-json\/wp\/v2\/comments?post=30229"}],"wp:featuredmedia":[{"embeddable":true,"href":"https:\/\/shop.auderset.com\/es\/wp-json\/wp\/v2\/media\/29901"}],"wp:attachment":[{"href":"https:\/\/shop.auderset.com\/es\/wp-json\/wp\/v2\/media?parent=30229"}],"wp:term":[{"taxonomy":"product_brand","embeddable":true,"href":"https:\/\/shop.auderset.com\/es\/wp-json\/wp\/v2\/product_brand?post=30229"},{"taxonomy":"product_cat","embeddable":true,"href":"https:\/\/shop.auderset.com\/es\/wp-json\/wp\/v2\/product_cat?post=30229"},{"taxonomy":"product_tag","embeddable":true,"href":"https:\/\/shop.auderset.com\/es\/wp-json\/wp\/v2\/product_tag?post=30229"}],"curies":[{"name":"wp","href":"https:\/\/api.w.org\/{rel}","templated":true}]}}