{"id":30225,"date":"2020-09-18T20:07:39","date_gmt":"2020-09-18T18:07:39","guid":{"rendered":"https:\/\/shop.auderset.com\/?post_type=product&#038;p=30225"},"modified":"2023-10-16T09:26:09","modified_gmt":"2023-10-16T07:26:09","slug":"les-souvenirs-dazvaltya-2","status":"publish","type":"product","link":"https:\/\/shop.auderset.com\/es\/produit\/les-souvenirs-dazvaltya-2\/","title":{"rendered":"Les souvenirs d&#8217;Azvaltya 2"},"content":{"rendered":"<p>Marcel traverse le monde fantastique et dangereux d\u2019Azvaltya en tirant un bien lourd fardeau\u2026<\/p>\n<p>Mais une entit\u00e9 sup\u00e9rieure veille sur lui et tente subtilement de lui montrer la voie \u00e0 suivre, une all\u00e9gorie pour notre vie\u2026<\/p>\n<p>Deuxi\u00e8me album de la s\u00e9rie.<\/p>\n<p>Plus d\u2019info sur www.auderset.com\/azvaltya2<\/p>\n","protected":false},"excerpt":{"rendered":"<p>Marcel traverse le monde fantastique et dangereux d\u2019Azvaltya en tirant un bien lourd fardeau\u2026 Mais une entit\u00e9 sup\u00e9rieure veille sur lui et tente subtilement de lui montrer la voie \u00e0 suivre, une all\u00e9gorie pour notre vie\u2026 Deuxi\u00e8me album de la s\u00e9rie. Plus d\u2019info sur www.auderset.com\/azvaltya2<\/p>\n","protected":false},"featured_media":29688,"comment_status":"open","ping_status":"closed","template":"","meta":[],"product_brand":[],"product_cat":[88,152],"product_tag":[],"class_list":{"0":"post-30225","1":"product","2":"type-product","3":"status-publish","4":"has-post-thumbnail","6":"product_cat-bandes-dessinees","7":"product_cat-les-souvenirs-dazvaltya","8":"pa_prix-bandes-dessinees-prix-normal-24-chf-18-eur","9":"pa_prix-bandes-dessinees-prix-soutien-36-chf-27-eur","10":"pa_prix-bandes-dessinees-prix-super-soutien-48-chf-36-eur","12":"first","13":"instock","14":"taxable","15":"shipping-taxable","16":"purchasable","17":"product-type-variable"},"_links":{"self":[{"href":"https:\/\/shop.auderset.com\/es\/wp-json\/wp\/v2\/product\/30225","targetHints":{"allow":["GET"]}}],"collection":[{"href":"https:\/\/shop.auderset.com\/es\/wp-json\/wp\/v2\/product"}],"about":[{"href":"https:\/\/shop.auderset.com\/es\/wp-json\/wp\/v2\/types\/product"}],"replies":[{"embeddable":true,"href":"https:\/\/shop.auderset.com\/es\/wp-json\/wp\/v2\/comments?post=30225"}],"wp:featuredmedia":[{"embeddable":true,"href":"https:\/\/shop.auderset.com\/es\/wp-json\/wp\/v2\/media\/29688"}],"wp:attachment":[{"href":"https:\/\/shop.auderset.com\/es\/wp-json\/wp\/v2\/media?parent=30225"}],"wp:term":[{"taxonomy":"product_brand","embeddable":true,"href":"https:\/\/shop.auderset.com\/es\/wp-json\/wp\/v2\/product_brand?post=30225"},{"taxonomy":"product_cat","embeddable":true,"href":"https:\/\/shop.auderset.com\/es\/wp-json\/wp\/v2\/product_cat?post=30225"},{"taxonomy":"product_tag","embeddable":true,"href":"https:\/\/shop.auderset.com\/es\/wp-json\/wp\/v2\/product_tag?post=30225"}],"curies":[{"name":"wp","href":"https:\/\/api.w.org\/{rel}","templated":true}]}}