{"id":29492,"date":"2020-07-16T11:10:50","date_gmt":"2020-07-16T09:10:50","guid":{"rendered":"https:\/\/shop.auderset.com\/?post_type=product&#038;p=29492"},"modified":"2025-03-15T02:52:13","modified_gmt":"2025-03-15T01:52:13","slug":"rendez-vous-dans-la-foret-1-pack-livre-ebook","status":"publish","type":"product","link":"https:\/\/shop.auderset.com\/es\/produit\/rendez-vous-dans-la-foret-1-pack-livre-ebook\/","title":{"rendered":"Rendez-vous dans la for\u00eat 1 [Pack Livre + eBook]"},"content":{"rendered":"<div id=\"short_description_content\" class=\"rte align_justify\">\n<p align=\"LEFT\">Cet ouvrage regroupe les meilleures lettres de nouvelles d\u2019Alain Auderset sorties \u00e0 ce jour, abondamment illustr\u00e9es de photos et dessin pour la plupart in\u00e9dites.<\/p>\n<p align=\"LEFT\">A force de fr\u00e9quenter son ami le Cr\u00e9ateur, Alain transporte \u00e0 son insu des effluves du paradis&#8230;<\/p>\n<p><span lang=\"FR\">Livre papier + eBook<\/span><\/p>\n<p align=\"LEFT\"><a href=\"https:\/\/mailchi.mp\/b47e32adaf86\/extrait-gratuit-rendez-vous-dans-la-foret\"><img fetchpriority=\"high\" decoding=\"async\" class=\"alignnone size-medium wp-image-33094\" src=\"https:\/\/shop.auderset.com\/wp-content\/uploads\/2022\/03\/80p-rdvf1-300x275.png\" alt=\"\" width=\"300\" height=\"275\" srcset=\"https:\/\/shop.auderset.com\/wp-content\/uploads\/2022\/03\/80p-rdvf1-300x275.png 300w, https:\/\/shop.auderset.com\/wp-content\/uploads\/2022\/03\/80p-rdvf1-324x296.png 324w, https:\/\/shop.auderset.com\/wp-content\/uploads\/2022\/03\/80p-rdvf1-416x381.png 416w, https:\/\/shop.auderset.com\/wp-content\/uploads\/2022\/03\/80p-rdvf1-768x703.png 768w, https:\/\/shop.auderset.com\/wp-content\/uploads\/2022\/03\/80p-rdvf1-500x458.png 500w, https:\/\/shop.auderset.com\/wp-content\/uploads\/2022\/03\/80p-rdvf1-501x458.png 501w, https:\/\/shop.auderset.com\/wp-content\/uploads\/2022\/03\/80p-rdvf1-66x60.png 66w, https:\/\/shop.auderset.com\/wp-content\/uploads\/2022\/03\/80p-rdvf1-98x90.png 98w, https:\/\/shop.auderset.com\/wp-content\/uploads\/2022\/03\/80p-rdvf1.png 800w\" sizes=\"(max-width: 300px) 100vw, 300px\" \/><\/a><\/p>\n<p align=\"LEFT\">Lire les 80 premi\u00e8re pages gratuitement -&gt; <strong><span style=\"color: #3366ff;\"><a style=\"color: #3366ff;\" href=\"https:\/\/mailchi.mp\/b47e32adaf86\/extrait-gratuit-rendez-vous-dans-la-foret\">Ici<\/a><\/span><\/strong><\/p>\n<\/div>\n","protected":false},"excerpt":{"rendered":"<p>Cet ouvrage regroupe les meilleures lettres de nouvelles d\u2019Alain Auderset sorties \u00e0 ce jour, abondamment illustr\u00e9es de photos et dessin pour la plupart in\u00e9dites. A force de fr\u00e9quenter son ami le Cr\u00e9ateur, Alain transporte \u00e0 son insu des effluves du paradis&#8230; Livre papier + eBook Lire les 80 premi\u00e8re pages gratuitement -&gt; Ici<\/p>\n","protected":false},"featured_media":29467,"comment_status":"closed","ping_status":"closed","template":"","meta":[],"product_brand":[],"product_cat":[123,24,106,44,136],"product_tag":[46],"class_list":{"0":"post-29492","1":"product","2":"type-product","3":"status-publish","4":"has-post-thumbnail","6":"product_cat-e-book-2","7":"product_cat-livres","8":"product_cat-pack","9":"product_cat-rendez-vous-dans-la-foret","10":"product_cat-rendez-vous-dans-la-foret-ebook","11":"product_tag-pack","12":"product_shipping_class-livraison-gratuite","13":"pa_prix-pack-ebook-prix-normal-49-chf-40-eur","14":"pa_prix-pack-ebook-prix-soutien-74-chf-60-eur-2","15":"pa_prix-pack-ebook-prix-super-soutien-98-chf-80-eur","17":"first","18":"instock","19":"taxable","20":"shipping-taxable","21":"purchasable","22":"product-type-variable"},"_links":{"self":[{"href":"https:\/\/shop.auderset.com\/es\/wp-json\/wp\/v2\/product\/29492","targetHints":{"allow":["GET"]}}],"collection":[{"href":"https:\/\/shop.auderset.com\/es\/wp-json\/wp\/v2\/product"}],"about":[{"href":"https:\/\/shop.auderset.com\/es\/wp-json\/wp\/v2\/types\/product"}],"replies":[{"embeddable":true,"href":"https:\/\/shop.auderset.com\/es\/wp-json\/wp\/v2\/comments?post=29492"}],"wp:featuredmedia":[{"embeddable":true,"href":"https:\/\/shop.auderset.com\/es\/wp-json\/wp\/v2\/media\/29467"}],"wp:attachment":[{"href":"https:\/\/shop.auderset.com\/es\/wp-json\/wp\/v2\/media?parent=29492"}],"wp:term":[{"taxonomy":"product_brand","embeddable":true,"href":"https:\/\/shop.auderset.com\/es\/wp-json\/wp\/v2\/product_brand?post=29492"},{"taxonomy":"product_cat","embeddable":true,"href":"https:\/\/shop.auderset.com\/es\/wp-json\/wp\/v2\/product_cat?post=29492"},{"taxonomy":"product_tag","embeddable":true,"href":"https:\/\/shop.auderset.com\/es\/wp-json\/wp\/v2\/product_tag?post=29492"}],"curies":[{"name":"wp","href":"https:\/\/api.w.org\/{rel}","templated":true}]}}