{"id":29388,"date":"2020-07-09T11:32:27","date_gmt":"2020-07-09T09:32:27","guid":{"rendered":"https:\/\/shop.auderset.com\/?post_type=product&#038;p=29388"},"modified":"2023-10-23T07:59:07","modified_gmt":"2023-10-23T05:59:07","slug":"marcel-3","status":"publish","type":"product","link":"https:\/\/shop.auderset.com\/es\/produit\/marcel-3\/","title":{"rendered":"Marcel 3"},"content":{"rendered":"<p><span style=\"font-family: arial,helvetica,sans-serif; font-size: 10pt;\">Ce dernier ouvrage est dans la droite lign\u00e9e de \u00abMarcel 1\u00bb : une suite de gags courts et percutants \u00e0 souhait.<\/span><\/p>\n<p><span style=\"font-family: arial,helvetica,sans-serif; font-size: 10pt;\">L&#8217;auteur y aborde les probl\u00e8mes relationnels (en particulier au sein du couple) et ceux du quotidien. On d\u00e9couvre aussi qu&#8217;il existe tout un monde spirituel et po\u00e9tique que l&#8217;on peut appr\u00e9hender en changeant notre fa\u00e7on de voir.<\/span><\/p>\n","protected":false},"excerpt":{"rendered":"<p>Ce dernier ouvrage est dans la droite lign\u00e9e de \u00abMarcel 1\u00bb : une suite de gags courts et percutants \u00e0 souhait. L&#8217;auteur y aborde les probl\u00e8mes relationnels (en particulier au sein du couple) et ceux du quotidien. On d\u00e9couvre aussi qu&#8217;il existe tout un monde spirituel et po\u00e9tique que l&#8217;on peut appr\u00e9hender en changeant notre [&hellip;]<\/p>\n","protected":false},"featured_media":29720,"comment_status":"open","ping_status":"closed","template":"","meta":[],"product_brand":[],"product_cat":[88,95],"product_tag":[],"class_list":{"0":"post-29388","1":"product","2":"type-product","3":"status-publish","4":"has-post-thumbnail","6":"product_cat-bandes-dessinees","7":"product_cat-marcel","8":"pa_prix-bandes-dessinees-prix-normal-24-chf-18-eur","9":"pa_prix-bandes-dessinees-prix-soutien-36-chf-27-eur","10":"pa_prix-bandes-dessinees-prix-super-soutien-48-chf-36-eur","12":"first","13":"instock","14":"taxable","15":"shipping-taxable","16":"purchasable","17":"product-type-variable"},"_links":{"self":[{"href":"https:\/\/shop.auderset.com\/es\/wp-json\/wp\/v2\/product\/29388","targetHints":{"allow":["GET"]}}],"collection":[{"href":"https:\/\/shop.auderset.com\/es\/wp-json\/wp\/v2\/product"}],"about":[{"href":"https:\/\/shop.auderset.com\/es\/wp-json\/wp\/v2\/types\/product"}],"replies":[{"embeddable":true,"href":"https:\/\/shop.auderset.com\/es\/wp-json\/wp\/v2\/comments?post=29388"}],"wp:featuredmedia":[{"embeddable":true,"href":"https:\/\/shop.auderset.com\/es\/wp-json\/wp\/v2\/media\/29720"}],"wp:attachment":[{"href":"https:\/\/shop.auderset.com\/es\/wp-json\/wp\/v2\/media?parent=29388"}],"wp:term":[{"taxonomy":"product_brand","embeddable":true,"href":"https:\/\/shop.auderset.com\/es\/wp-json\/wp\/v2\/product_brand?post=29388"},{"taxonomy":"product_cat","embeddable":true,"href":"https:\/\/shop.auderset.com\/es\/wp-json\/wp\/v2\/product_cat?post=29388"},{"taxonomy":"product_tag","embeddable":true,"href":"https:\/\/shop.auderset.com\/es\/wp-json\/wp\/v2\/product_tag?post=29388"}],"curies":[{"name":"wp","href":"https:\/\/api.w.org\/{rel}","templated":true}]}}