{"id":29349,"date":"2020-09-17T11:45:40","date_gmt":"2020-09-17T09:45:40","guid":{"rendered":"https:\/\/shop.auderset.com\/?post_type=product&#038;p=29349"},"modified":"2023-10-23T07:51:52","modified_gmt":"2023-10-23T05:51:52","slug":"marcel-1","status":"publish","type":"product","link":"https:\/\/shop.auderset.com\/es\/produit\/marcel-1\/","title":{"rendered":"Marcel 1"},"content":{"rendered":"<p style=\"font-weight: 400;\"><span style=\"font-family: arial,helvetica,sans-serif; mso-fareast-font-family: 'Times New Roman'; mso-ansi-language: FR; mso-fareast-language: FR; mso-bidi-language: AR-SA;\">Un humour grand public et populaire insistant sur la qualit\u00e9 graphique et l\u2019a\u00e9ration des pages. Tout en<br \/>\nl\u00e9g\u00e8ret\u00e9, ce livre \u00e9voque des situations qui, au premier abord, sont cocasses, mais qui permettent aussi une seconde lecture.<\/span><\/p>\n<p style=\"font-weight: 400;\"><span style=\"font-family: arial,helvetica,sans-serif; mso-fareast-font-family: 'Times New Roman'; mso-ansi-language: FR; mso-fareast-language: FR; mso-bidi-language: AR-SA;\">Marcel est un personnage pas tr\u00e8s fut\u00e9 qui est \u00ab\u00a0\u00e0 la recherche de l\u2019amour, d\u2019un sens, de la sagesse et des clef de la bagnole\u00a0\u00bb. Tout un programme.<\/span><\/p>\n","protected":false},"excerpt":{"rendered":"<p>Un humour grand public et populaire insistant sur la qualit\u00e9 graphique et l\u2019a\u00e9ration des pages. Tout en l\u00e9g\u00e8ret\u00e9, ce livre \u00e9voque des situations qui, au premier abord, sont cocasses, mais qui permettent aussi une seconde lecture. Marcel est un personnage pas tr\u00e8s fut\u00e9 qui est \u00ab\u00a0\u00e0 la recherche de l\u2019amour, d\u2019un sens, de la sagesse [&hellip;]<\/p>\n","protected":false},"featured_media":29712,"comment_status":"open","ping_status":"closed","template":"","meta":[],"product_brand":[],"product_cat":[88,95],"product_tag":[],"class_list":{"0":"post-29349","1":"product","2":"type-product","3":"status-publish","4":"has-post-thumbnail","6":"product_cat-bandes-dessinees","7":"product_cat-marcel","8":"product_shipping_class-livraison-suisse","9":"pa_prix-bandes-dessinees-prix-normal-24-chf-18-eur","10":"pa_prix-bandes-dessinees-prix-soutien-36-chf-27-eur","11":"pa_prix-bandes-dessinees-prix-super-soutien-48-chf-36-eur","13":"first","14":"instock","15":"taxable","16":"shipping-taxable","17":"purchasable","18":"product-type-variable"},"_links":{"self":[{"href":"https:\/\/shop.auderset.com\/es\/wp-json\/wp\/v2\/product\/29349","targetHints":{"allow":["GET"]}}],"collection":[{"href":"https:\/\/shop.auderset.com\/es\/wp-json\/wp\/v2\/product"}],"about":[{"href":"https:\/\/shop.auderset.com\/es\/wp-json\/wp\/v2\/types\/product"}],"replies":[{"embeddable":true,"href":"https:\/\/shop.auderset.com\/es\/wp-json\/wp\/v2\/comments?post=29349"}],"wp:featuredmedia":[{"embeddable":true,"href":"https:\/\/shop.auderset.com\/es\/wp-json\/wp\/v2\/media\/29712"}],"wp:attachment":[{"href":"https:\/\/shop.auderset.com\/es\/wp-json\/wp\/v2\/media?parent=29349"}],"wp:term":[{"taxonomy":"product_brand","embeddable":true,"href":"https:\/\/shop.auderset.com\/es\/wp-json\/wp\/v2\/product_brand?post=29349"},{"taxonomy":"product_cat","embeddable":true,"href":"https:\/\/shop.auderset.com\/es\/wp-json\/wp\/v2\/product_cat?post=29349"},{"taxonomy":"product_tag","embeddable":true,"href":"https:\/\/shop.auderset.com\/es\/wp-json\/wp\/v2\/product_tag?post=29349"}],"curies":[{"name":"wp","href":"https:\/\/api.w.org\/{rel}","templated":true}]}}