{"id":39309,"date":"2026-02-12T11:48:45","date_gmt":"2026-02-12T10:48:45","guid":{"rendered":"https:\/\/shop.auderset.com\/?post_type=product&#038;p=39309"},"modified":"2026-03-18T11:14:52","modified_gmt":"2026-03-18T10:14:52","slug":"bd-sans-parole-afrique-1-unite","status":"publish","type":"product","link":"https:\/\/shop.auderset.com\/en\/produit\/bd-sans-parole-afrique-1-unite\/","title":{"rendered":"BD sans parole Afrique (1 unit\u00e9)"},"content":{"rendered":"<p><span style=\"font-size: 16pt;\">Avant tout destin\u00e9 \u00e0 l\u2019\u00e9vang\u00e9lisation, ce livre se base sur des illustrations pour faire comprendre l\u2019\u0153uvre de la Croix et la main ainsi tendue par Dieu \u00e0 toute l\u2019humanit\u00e9 au travers de son fils J\u00e9sus-Christ. <\/span><\/p>\n<p><span style=\"font-size: 16pt;\">Comment un petit c\u0153ur solitaire qui se morfond dans l\u2019obscurit\u00e9 et la pollution d\u2019un inf\u00e2me bidonville se retrouve entra\u00een\u00e9 \u00e0 franchir la porte inaccessible d\u2019un pays merveilleux ? <\/span><\/p>\n","protected":false},"excerpt":{"rendered":"<p>Avant tout destin\u00e9 \u00e0 l\u2019\u00e9vang\u00e9lisation, ce livre se base sur des illustrations pour faire comprendre l\u2019\u0153uvre de la Croix et la main ainsi tendue par Dieu \u00e0 toute l\u2019humanit\u00e9 au travers de son fils J\u00e9sus-Christ. Comment un petit c\u0153ur solitaire qui se morfond dans l\u2019obscurit\u00e9 et la pollution d\u2019un inf\u00e2me bidonville se retrouve entra\u00een\u00e9 \u00e0 [&hellip;]<\/p>\n","protected":false},"featured_media":39321,"comment_status":"open","ping_status":"closed","template":"","meta":[],"product_brand":[],"product_cat":[146,180,147],"product_tag":[],"class_list":{"0":"post-39309","1":"product","2":"type-product","3":"status-publish","4":"has-post-thumbnail","6":"product_cat-bandes-dessinees-petit-format","7":"product_cat-bd-sans-parole","8":"product_cat-petit-format","9":"pa_prix-bsdp-1-unite-prix-normal-5-chf-3-eur","10":"pa_prix-bsdp-1-unite-prix-soutien-75-chf-45-eur","11":"pa_prix-bsdp-1-unite-prix-super-soutien-10-chf-6-eur","13":"first","14":"instock","15":"taxable","16":"shipping-taxable","17":"purchasable","18":"product-type-variable"},"_links":{"self":[{"href":"https:\/\/shop.auderset.com\/en\/wp-json\/wp\/v2\/product\/39309","targetHints":{"allow":["GET"]}}],"collection":[{"href":"https:\/\/shop.auderset.com\/en\/wp-json\/wp\/v2\/product"}],"about":[{"href":"https:\/\/shop.auderset.com\/en\/wp-json\/wp\/v2\/types\/product"}],"replies":[{"embeddable":true,"href":"https:\/\/shop.auderset.com\/en\/wp-json\/wp\/v2\/comments?post=39309"}],"wp:featuredmedia":[{"embeddable":true,"href":"https:\/\/shop.auderset.com\/en\/wp-json\/wp\/v2\/media\/39321"}],"wp:attachment":[{"href":"https:\/\/shop.auderset.com\/en\/wp-json\/wp\/v2\/media?parent=39309"}],"wp:term":[{"taxonomy":"product_brand","embeddable":true,"href":"https:\/\/shop.auderset.com\/en\/wp-json\/wp\/v2\/product_brand?post=39309"},{"taxonomy":"product_cat","embeddable":true,"href":"https:\/\/shop.auderset.com\/en\/wp-json\/wp\/v2\/product_cat?post=39309"},{"taxonomy":"product_tag","embeddable":true,"href":"https:\/\/shop.auderset.com\/en\/wp-json\/wp\/v2\/product_tag?post=39309"}],"curies":[{"name":"wp","href":"https:\/\/api.w.org\/{rel}","templated":true}]}}