{"id":38398,"date":"2025-09-08T09:08:11","date_gmt":"2025-09-08T07:08:11","guid":{"rendered":"https:\/\/shop.auderset.com\/?post_type=product&#038;p=38398"},"modified":"2026-02-11T11:04:35","modified_gmt":"2026-02-11T10:04:35","slug":"tableau-rendez-vous-dans-la-foret-origine-2-100x30-cm","status":"publish","type":"product","link":"https:\/\/shop.auderset.com\/en\/produit\/tableau-rendez-vous-dans-la-foret-origine-2-100x30-cm\/","title":{"rendered":"Tableau Rendez-vous dans la for\u00eat Origine 2 (100X30 cm)"},"content":{"rendered":"<p>Tableau repr\u00e9sentant la couverture de Rendez-vous dans la for\u00eat Origine 2<\/p>\n<p>Reproduction sur toile avec un cadre en bois<\/p>\n","protected":false},"excerpt":{"rendered":"<p>Tableau repr\u00e9sentant la couverture de Rendez-vous dans la for\u00eat Origine 2 Reproduction sur toile avec un cadre en bois<\/p>\n","protected":false},"featured_media":38402,"comment_status":"open","ping_status":"closed","template":"","meta":[],"product_brand":[],"product_cat":[225],"product_tag":[],"class_list":{"0":"post-38398","1":"product","2":"type-product","3":"status-publish","4":"has-post-thumbnail","6":"product_cat-tableau","7":"pa_tableau-rdvf-2-150x30-prix-normal-300-chf-270-eur","8":"pa_tableau-rdvf-2-150x30-prix-soutien-450-chf-405-eur","9":"pa_tableau-rdvf-2-150x30-prix-super-soutien-600-chf-540-eur","11":"first","12":"instock","13":"taxable","14":"shipping-taxable","15":"purchasable","16":"product-type-variable"},"_links":{"self":[{"href":"https:\/\/shop.auderset.com\/en\/wp-json\/wp\/v2\/product\/38398","targetHints":{"allow":["GET"]}}],"collection":[{"href":"https:\/\/shop.auderset.com\/en\/wp-json\/wp\/v2\/product"}],"about":[{"href":"https:\/\/shop.auderset.com\/en\/wp-json\/wp\/v2\/types\/product"}],"replies":[{"embeddable":true,"href":"https:\/\/shop.auderset.com\/en\/wp-json\/wp\/v2\/comments?post=38398"}],"wp:featuredmedia":[{"embeddable":true,"href":"https:\/\/shop.auderset.com\/en\/wp-json\/wp\/v2\/media\/38402"}],"wp:attachment":[{"href":"https:\/\/shop.auderset.com\/en\/wp-json\/wp\/v2\/media?parent=38398"}],"wp:term":[{"taxonomy":"product_brand","embeddable":true,"href":"https:\/\/shop.auderset.com\/en\/wp-json\/wp\/v2\/product_brand?post=38398"},{"taxonomy":"product_cat","embeddable":true,"href":"https:\/\/shop.auderset.com\/en\/wp-json\/wp\/v2\/product_cat?post=38398"},{"taxonomy":"product_tag","embeddable":true,"href":"https:\/\/shop.auderset.com\/en\/wp-json\/wp\/v2\/product_tag?post=38398"}],"curies":[{"name":"wp","href":"https:\/\/api.w.org\/{rel}","templated":true}]}}