{"id":37839,"date":"2025-04-14T11:16:37","date_gmt":"2025-04-14T09:16:37","guid":{"rendered":"https:\/\/shop.auderset.com\/?post_type=product&#038;p=37839"},"modified":"2025-04-15T08:11:46","modified_gmt":"2025-04-15T06:11:46","slug":"ric-rac-roc","status":"publish","type":"product","link":"https:\/\/shop.auderset.com\/en\/produit\/ric-rac-roc\/","title":{"rendered":"Ric Rac Roc"},"content":{"rendered":"<p>Dans ce livre pour enfant, Ric, Rac, et Roc sont trois cailloux qui se trouvent laids et sans valeur. Le monde ext\u00e9rieur plein de vie et de couleurs les terrifie, c\u2019est pourquoi ils restent bien \u00e0 l&#8217;abri dans leur grotte pour ne pas se faire remarquer.<\/p>\n<p>Un jour, une dr\u00f4le de lumi\u00e8re para\u00eet dans leur antre. Et si elle \u00e9tait venue pour eux ?<\/p>\n<p><span style=\"font-weight: 400;\">Cette histoire nous rappelle que nous avons beaucoup de valeur aux yeux de notre Cr\u00e9ateur. Si nous laissons Dieu \u0153uvrer dans nos vies, il saura faire ressortir la pierre pr\u00e9cieuse que nous sommes !<\/span><\/p>\n<p>&nbsp;<\/p>\n<p>&nbsp;<\/p>\n<p><strong>\u00c0 PROPOS DE L\u2019AUTEUR<\/strong><\/p>\n<p>Carlo Vairet est un artiste fran\u00e7ais. \u00c9ducateur et enseignant, il chemine dans la vie avec sa douce moiti\u00e9 entre les vignes alsaciennes et ses racines maritimes, et cherche \u00e0 transmettre les r\u00eaves et les espoirs qui le portent \u00e0 travers ses passions artistiques.<\/p>\n<p>Auteur et dessinateur de Ric, Rac, Roc, il a port\u00e9 ce projet avec\u00a0 ses deux amis Lo\u00efs, coloriste, et Jean-Vincent, conseiller et animateur 2D.<\/p>\n<p>&nbsp;<\/p>\n<p><strong>\u00a0<\/strong><\/p>\n<p><strong>A PROPOS DE LA COLORISTE<\/strong><\/p>\n<p>Lo\u00efs De Prins est coloriste pour l\u2019Atelier depuis plus de 10 ans. Elle a notamment co-mont\u00e9 le spectacle \u201cLa L\u00e9gende de Mi\u201d, o\u00f9 elle r\u00e9alise des illustrations en direct sur grand \u00e9cran.<\/p>\n<p>On peut \u00e9galement la trouver au sein du collectif \u201cMajestart\u201d, en train de participer \u00e0 des campagnes artistiques, expositions, fresques&#8230;. Inspir\u00e9e par ses nombreux voyages, l\u2019\u00e9motion et l\u2019\u00e9vasion sont toujours au c\u0153ur de son \u0153uvre.<\/p>\n<p>&nbsp;<\/p>\n<p>Conseill\u00e9 d\u00e8s 5 ans<\/p>\n","protected":false},"excerpt":{"rendered":"<p>Dans ce livre pour enfant, Ric, Rac, et Roc sont trois cailloux qui se trouvent laids et sans valeur. Le monde ext\u00e9rieur plein de vie et de couleurs les terrifie, c\u2019est pourquoi ils restent bien \u00e0 l&#8217;abri dans leur grotte pour ne pas se faire remarquer. Un jour, une dr\u00f4le de lumi\u00e8re para\u00eet dans leur [&hellip;]<\/p>\n","protected":false},"featured_media":37866,"comment_status":"closed","ping_status":"closed","template":"","meta":[],"product_brand":[],"product_cat":[24,688],"product_tag":[],"class_list":{"0":"post-37839","1":"product","2":"type-product","3":"status-publish","4":"has-post-thumbnail","6":"product_cat-livres","7":"product_cat-ric-rac-roc","8":"product_shipping_class-livraison-suisse","10":"first","11":"instock","12":"taxable","13":"shipping-taxable","14":"purchasable","15":"product-type-variable"},"_links":{"self":[{"href":"https:\/\/shop.auderset.com\/en\/wp-json\/wp\/v2\/product\/37839","targetHints":{"allow":["GET"]}}],"collection":[{"href":"https:\/\/shop.auderset.com\/en\/wp-json\/wp\/v2\/product"}],"about":[{"href":"https:\/\/shop.auderset.com\/en\/wp-json\/wp\/v2\/types\/product"}],"replies":[{"embeddable":true,"href":"https:\/\/shop.auderset.com\/en\/wp-json\/wp\/v2\/comments?post=37839"}],"wp:featuredmedia":[{"embeddable":true,"href":"https:\/\/shop.auderset.com\/en\/wp-json\/wp\/v2\/media\/37866"}],"wp:attachment":[{"href":"https:\/\/shop.auderset.com\/en\/wp-json\/wp\/v2\/media?parent=37839"}],"wp:term":[{"taxonomy":"product_brand","embeddable":true,"href":"https:\/\/shop.auderset.com\/en\/wp-json\/wp\/v2\/product_brand?post=37839"},{"taxonomy":"product_cat","embeddable":true,"href":"https:\/\/shop.auderset.com\/en\/wp-json\/wp\/v2\/product_cat?post=37839"},{"taxonomy":"product_tag","embeddable":true,"href":"https:\/\/shop.auderset.com\/en\/wp-json\/wp\/v2\/product_tag?post=37839"}],"curies":[{"name":"wp","href":"https:\/\/api.w.org\/{rel}","templated":true}]}}