{"id":36208,"date":"2024-04-02T13:44:41","date_gmt":"2024-04-02T11:44:41","guid":{"rendered":"https:\/\/shop.auderset.com\/?post_type=product&#038;p=36208"},"modified":"2025-03-15T02:49:48","modified_gmt":"2025-03-15T01:49:48","slug":"la-legende-de-mi-ebook","status":"publish","type":"product","link":"https:\/\/shop.auderset.com\/en\/produit\/la-legende-de-mi-ebook\/","title":{"rendered":"La l\u00e9gende de Mi [eBook]"},"content":{"rendered":"<h1><strong>La L\u00e9gende de Mi<\/strong><\/h1>\n<address>Min\u00e9lo\u00efda, le souffre-douleur de son quartier, va rentrer dans le fantastique royaume qu\u2019il aper\u00e7oit depuis sa mansarde d\u00e9labr\u00e9e.<\/address>\n<address>Va-t-il rencontrer le Roi de l\u00e9gende que tout le monde craint sans le conna\u00eetre ?<\/address>\n<address>Rien ne se passe comme pr\u00e9vu pour le h\u00e9ros de cette histoire passionnante.<\/address>\n<address>\u00a0<\/address>\n<address>\u00a0Min\u00e9lo\u00efda\u00a0nous entra\u00eenera malgr\u00e9 nous dans une aventure pleine de rebondissements, o\u00f9 le bon et le mauvais ne sont pas\u00a0ceux qu\u2019on croit\u2026<\/address>\n<address>et m\u00eame quand il nous entra\u00eenera au fin fond de situations injustes, celles o\u00f9 la souffrance ne s\u2019explique pas, il vous apportera quelques r\u00e9ponses intelligentes \u00e0 vos propres interrogations \u00e0 ce sujet, de l\u2019espoir concret.<\/address>\n<p>&nbsp;<\/p>\n<p>&nbsp;<\/p>\n","protected":false},"excerpt":{"rendered":"<p>La L\u00e9gende de Mi Min\u00e9lo\u00efda, le souffre-douleur de son quartier, va rentrer dans le fantastique royaume qu\u2019il aper\u00e7oit depuis sa mansarde d\u00e9labr\u00e9e. Va-t-il rencontrer le Roi de l\u00e9gende que tout le monde craint sans le conna\u00eetre ? Rien ne se passe comme pr\u00e9vu pour le h\u00e9ros de cette histoire passionnante. \u00a0 \u00a0Min\u00e9lo\u00efda\u00a0nous entra\u00eenera malgr\u00e9 nous [&hellip;]<\/p>\n","protected":false},"featured_media":36118,"comment_status":"closed","ping_status":"closed","template":"","meta":[],"product_brand":[],"product_cat":[123,634],"product_tag":[45],"class_list":{"0":"post-36208","1":"product","2":"type-product","3":"status-publish","4":"has-post-thumbnail","6":"product_cat-e-book-2","7":"product_cat-legende-de-mi-ebook","8":"product_tag-ebook","9":"product_shipping_class-livraison-gratuite","10":"pa_prix-ebook-87","11":"pa_prix-ebook-86","12":"pa_prix-ebook-79","14":"first","15":"instock","16":"taxable","17":"shipping-taxable","18":"purchasable","19":"product-type-variable"},"_links":{"self":[{"href":"https:\/\/shop.auderset.com\/en\/wp-json\/wp\/v2\/product\/36208","targetHints":{"allow":["GET"]}}],"collection":[{"href":"https:\/\/shop.auderset.com\/en\/wp-json\/wp\/v2\/product"}],"about":[{"href":"https:\/\/shop.auderset.com\/en\/wp-json\/wp\/v2\/types\/product"}],"replies":[{"embeddable":true,"href":"https:\/\/shop.auderset.com\/en\/wp-json\/wp\/v2\/comments?post=36208"}],"wp:featuredmedia":[{"embeddable":true,"href":"https:\/\/shop.auderset.com\/en\/wp-json\/wp\/v2\/media\/36118"}],"wp:attachment":[{"href":"https:\/\/shop.auderset.com\/en\/wp-json\/wp\/v2\/media?parent=36208"}],"wp:term":[{"taxonomy":"product_brand","embeddable":true,"href":"https:\/\/shop.auderset.com\/en\/wp-json\/wp\/v2\/product_brand?post=36208"},{"taxonomy":"product_cat","embeddable":true,"href":"https:\/\/shop.auderset.com\/en\/wp-json\/wp\/v2\/product_cat?post=36208"},{"taxonomy":"product_tag","embeddable":true,"href":"https:\/\/shop.auderset.com\/en\/wp-json\/wp\/v2\/product_tag?post=36208"}],"curies":[{"name":"wp","href":"https:\/\/api.w.org\/{rel}","templated":true}]}}