{"id":34869,"date":"2023-04-05T18:45:40","date_gmt":"2023-04-05T16:45:40","guid":{"rendered":"https:\/\/shop.auderset.com\/?post_type=product&#038;p=34869"},"modified":"2026-04-04T11:15:44","modified_gmt":"2026-04-04T09:15:44","slug":"autocollant-racines-profondes","status":"publish","type":"product","link":"https:\/\/shop.auderset.com\/en\/produit\/autocollant-racines-profondes\/","title":{"rendered":"Autocollant &#8220;Racines profondes&#8221;"},"content":{"rendered":"<h4 dir=\"ltr\"><span class=\"\"><b>Le danger avec la foi<\/b><\/span><\/h4>\n<p dir=\"ltr\"><span class=\"\">Vous \u00eates peut-\u00eatre croyant depuis longtemps, mais quelle place prennent vos inqui\u00e9tudes ? (m\u00eame l\u00e9gitimes)<\/span><\/p>\n<p dir=\"ltr\"><span class=\"\">Le monde est ainsi fait que l\u2019on peut croire en Dieu et rester en surface de Lui, sans profondeur. C\u2019est si facile de se tromper soi-m\u00eame en se contentant du titre de \u201cCroyant\u201d, tout en ayant la m\u00eame priorit\u00e9 que ceux qui ne croient pas.<\/span><\/p>\n<p><span class=\"\">\u00a0<\/span><\/p>\n<p dir=\"ltr\"><span class=\"\">Changez d\u2019all\u00e9geance \ud83d\ude4f\u2764\ufe0f<\/span><\/p>\n<p dir=\"ltr\">\n","protected":false},"excerpt":{"rendered":"<p>Le danger avec la foi Vous \u00eates peut-\u00eatre croyant depuis longtemps, mais quelle place prennent vos inqui\u00e9tudes ? (m\u00eame l\u00e9gitimes) Le monde est ainsi fait que l\u2019on peut croire en Dieu et rester en surface de Lui, sans profondeur. C\u2019est si facile de se tromper soi-m\u00eame en se contentant du titre de \u201cCroyant\u201d, tout en [&hellip;]<\/p>\n","protected":false},"featured_media":34901,"comment_status":"open","ping_status":"closed","template":"","meta":[],"product_brand":[],"product_cat":[179],"product_tag":[],"class_list":{"0":"post-34869","1":"product","2":"type-product","3":"status-publish","4":"has-post-thumbnail","6":"product_cat-autocollant","7":"product_shipping_class-livraison-suisse","8":"pa_prix-autocollant-prix-normal-35-chf-3-eur","9":"pa_prix-autocollant-prix-soutien-5-chf-45-eur","10":"pa_prix-autocollant-prix-super-soutien-7-chf-6-eur","12":"first","13":"instock","14":"taxable","15":"shipping-taxable","16":"purchasable","17":"product-type-variable"},"_links":{"self":[{"href":"https:\/\/shop.auderset.com\/en\/wp-json\/wp\/v2\/product\/34869","targetHints":{"allow":["GET"]}}],"collection":[{"href":"https:\/\/shop.auderset.com\/en\/wp-json\/wp\/v2\/product"}],"about":[{"href":"https:\/\/shop.auderset.com\/en\/wp-json\/wp\/v2\/types\/product"}],"replies":[{"embeddable":true,"href":"https:\/\/shop.auderset.com\/en\/wp-json\/wp\/v2\/comments?post=34869"}],"wp:featuredmedia":[{"embeddable":true,"href":"https:\/\/shop.auderset.com\/en\/wp-json\/wp\/v2\/media\/34901"}],"wp:attachment":[{"href":"https:\/\/shop.auderset.com\/en\/wp-json\/wp\/v2\/media?parent=34869"}],"wp:term":[{"taxonomy":"product_brand","embeddable":true,"href":"https:\/\/shop.auderset.com\/en\/wp-json\/wp\/v2\/product_brand?post=34869"},{"taxonomy":"product_cat","embeddable":true,"href":"https:\/\/shop.auderset.com\/en\/wp-json\/wp\/v2\/product_cat?post=34869"},{"taxonomy":"product_tag","embeddable":true,"href":"https:\/\/shop.auderset.com\/en\/wp-json\/wp\/v2\/product_tag?post=34869"}],"curies":[{"name":"wp","href":"https:\/\/api.w.org\/{rel}","templated":true}]}}