{"id":32773,"date":"2021-12-07T09:33:46","date_gmt":"2021-12-07T08:33:46","guid":{"rendered":"https:\/\/shop.auderset.com\/?post_type=product&#038;p=32773"},"modified":"2025-11-18T13:26:51","modified_gmt":"2025-11-18T12:26:51","slug":"3-cartes-postales-rendez-vous-dans-la-foret-2","status":"publish","type":"product","link":"https:\/\/shop.auderset.com\/en\/produit\/3-cartes-postales-rendez-vous-dans-la-foret-2\/","title":{"rendered":"3 Cartes Postales &#8211; Rendez-vous dans la for\u00eat 2"},"content":{"rendered":"<p><strong>Cartes postales &#8211; Rendez-vous dans la for\u00eat 2<\/strong><\/p>\n<p>Ecrire un mot \u00e0 vos proches ou les collectionner, \u00e0 vous de choisir ce que vous voulez en faire.<\/p>\n<p>Les trois cartes repr\u00e9sentent la couverture de Rendez-vous dans la for\u00eat 2.<\/p>\n<p>&nbsp;<\/p>\n","protected":false},"excerpt":{"rendered":"<p>Cartes postales &#8211; Rendez-vous dans la for\u00eat 2 Ecrire un mot \u00e0 vos proches ou les collectionner, \u00e0 vous de choisir ce que vous voulez en faire. Les trois cartes repr\u00e9sentent la couverture de Rendez-vous dans la for\u00eat 2. &nbsp;<\/p>\n","protected":false},"featured_media":32812,"comment_status":"open","ping_status":"closed","template":"","meta":[],"product_brand":[],"product_cat":[164],"product_tag":[],"class_list":{"0":"post-32773","1":"product","2":"type-product","3":"status-publish","4":"has-post-thumbnail","6":"product_cat-carte-postale","7":"product_shipping_class-livraison-suisse","8":"pa_prix-cartes-prix-normal-5-chf-3-eur","9":"pa_prix-cartes-prix-soutien-75-chf-45-eur","10":"pa_prix-cartes-prix-super-soutien-10-chf-6-eur","12":"first","13":"outofstock","14":"taxable","15":"shipping-taxable","16":"purchasable","17":"product-type-variable"},"_links":{"self":[{"href":"https:\/\/shop.auderset.com\/en\/wp-json\/wp\/v2\/product\/32773","targetHints":{"allow":["GET"]}}],"collection":[{"href":"https:\/\/shop.auderset.com\/en\/wp-json\/wp\/v2\/product"}],"about":[{"href":"https:\/\/shop.auderset.com\/en\/wp-json\/wp\/v2\/types\/product"}],"replies":[{"embeddable":true,"href":"https:\/\/shop.auderset.com\/en\/wp-json\/wp\/v2\/comments?post=32773"}],"wp:featuredmedia":[{"embeddable":true,"href":"https:\/\/shop.auderset.com\/en\/wp-json\/wp\/v2\/media\/32812"}],"wp:attachment":[{"href":"https:\/\/shop.auderset.com\/en\/wp-json\/wp\/v2\/media?parent=32773"}],"wp:term":[{"taxonomy":"product_brand","embeddable":true,"href":"https:\/\/shop.auderset.com\/en\/wp-json\/wp\/v2\/product_brand?post=32773"},{"taxonomy":"product_cat","embeddable":true,"href":"https:\/\/shop.auderset.com\/en\/wp-json\/wp\/v2\/product_cat?post=32773"},{"taxonomy":"product_tag","embeddable":true,"href":"https:\/\/shop.auderset.com\/en\/wp-json\/wp\/v2\/product_tag?post=32773"}],"curies":[{"name":"wp","href":"https:\/\/api.w.org\/{rel}","templated":true}]}}