{"id":32351,"date":"2021-09-14T10:21:04","date_gmt":"2021-09-14T08:21:04","guid":{"rendered":"https:\/\/shop.auderset.com\/?post_type=product&#038;p=32351"},"modified":"2023-10-16T09:36:33","modified_gmt":"2023-10-16T07:36:33","slug":"les-souvenirs-dazvaltya-3-preventes","status":"publish","type":"product","link":"https:\/\/shop.auderset.com\/en\/produit\/les-souvenirs-dazvaltya-3-preventes\/","title":{"rendered":"Les souvenirs d&#8217;Azvaltya 3"},"content":{"rendered":"<h3><strong>Dans les tomes pr\u00e9c\u00e9dents<\/strong><\/h3>\n<p>Marcel quitte une soci\u00e9t\u00e9 d\u00e9c\u00e9r\u00e9br\u00e9e, qui ne pense qu\u2019\u00e0 gagner la course d\u00e9pourvue de sens, car elle tourne inlassablement en rond.<\/p>\n<p>Le Cr\u00e9ateur de ce monde veille sur Marcel (comme Dieu sur nous). Dans le tome 2, Il envoie Jays, un stoppeur (une figure de J\u00e9sus dans nos vies) pour, petit \u00e0 petit, se r\u00e9v\u00e9ler \u00e0 lui.<\/p>\n<p>&nbsp;<\/p>\n<h3><strong>Dans le tome 3<\/strong><\/h3>\n<p>La conscience de Marcel s\u2019\u00e9veille enfin aux questions existentielles. Marcel rentre en contact avec sa conscience qui lui explique ce qu\u2019il savait d\u00e9j\u00e0 sans le savoir\u2026 Il lui r\u00e9v\u00e8le ce qu\u2019est Azvaltya.<\/p>\n<p>L\u2019album termine sur la recherche de Dieu et lance le tome 4.<\/p>\n<p>&nbsp;<\/p>\n<p>Lors d\u2019une folle aventure, Marcel rencontre d\u2019\u00e9trange personnages ainsi que l\u2019amour d\u2019une fille impr\u00e9visible. Apr\u00e8s avoir \u00e9chapp\u00e9 de justesse \u00e0 des monstres pi\u00e9tineurs d\u2019autos, il p\u00e9n\u00e8tre dans des fleurs aussi grandes que des buildings. Leurs tiges sont autant de passages dans un monde encore plus fou que les pr\u00e9c\u00e9dents.<\/p>\n","protected":false},"excerpt":{"rendered":"<p>Dans les tomes pr\u00e9c\u00e9dents Marcel quitte une soci\u00e9t\u00e9 d\u00e9c\u00e9r\u00e9br\u00e9e, qui ne pense qu\u2019\u00e0 gagner la course d\u00e9pourvue de sens, car elle tourne inlassablement en rond. Le Cr\u00e9ateur de ce monde veille sur Marcel (comme Dieu sur nous). Dans le tome 2, Il envoie Jays, un stoppeur (une figure de J\u00e9sus dans nos vies) pour, petit [&hellip;]<\/p>\n","protected":false},"featured_media":32233,"comment_status":"open","ping_status":"closed","template":"","meta":[],"product_brand":[],"product_cat":[88,152],"product_tag":[],"class_list":{"0":"post-32351","1":"product","2":"type-product","3":"status-publish","4":"has-post-thumbnail","6":"product_cat-bandes-dessinees","7":"product_cat-les-souvenirs-dazvaltya","8":"pa_prix-bandes-dessinees-prix-normal-24-chf-18-eur","9":"pa_prix-bandes-dessinees-prix-soutien-36-chf-27-eur","10":"pa_prix-bandes-dessinees-prix-super-soutien-48-chf-36-eur","12":"first","13":"instock","14":"taxable","15":"shipping-taxable","16":"purchasable","17":"product-type-variable"},"_links":{"self":[{"href":"https:\/\/shop.auderset.com\/en\/wp-json\/wp\/v2\/product\/32351","targetHints":{"allow":["GET"]}}],"collection":[{"href":"https:\/\/shop.auderset.com\/en\/wp-json\/wp\/v2\/product"}],"about":[{"href":"https:\/\/shop.auderset.com\/en\/wp-json\/wp\/v2\/types\/product"}],"replies":[{"embeddable":true,"href":"https:\/\/shop.auderset.com\/en\/wp-json\/wp\/v2\/comments?post=32351"}],"wp:featuredmedia":[{"embeddable":true,"href":"https:\/\/shop.auderset.com\/en\/wp-json\/wp\/v2\/media\/32233"}],"wp:attachment":[{"href":"https:\/\/shop.auderset.com\/en\/wp-json\/wp\/v2\/media?parent=32351"}],"wp:term":[{"taxonomy":"product_brand","embeddable":true,"href":"https:\/\/shop.auderset.com\/en\/wp-json\/wp\/v2\/product_brand?post=32351"},{"taxonomy":"product_cat","embeddable":true,"href":"https:\/\/shop.auderset.com\/en\/wp-json\/wp\/v2\/product_cat?post=32351"},{"taxonomy":"product_tag","embeddable":true,"href":"https:\/\/shop.auderset.com\/en\/wp-json\/wp\/v2\/product_tag?post=32351"}],"curies":[{"name":"wp","href":"https:\/\/api.w.org\/{rel}","templated":true}]}}