{"id":32237,"date":"2021-08-10T12:51:06","date_gmt":"2021-08-10T10:51:06","guid":{"rendered":"https:\/\/shop.auderset.com\/?post_type=product&#038;p=32237"},"modified":"2026-03-30T17:00:00","modified_gmt":"2026-03-30T15:00:00","slug":"robi-allemand-petit-format","status":"publish","type":"product","link":"https:\/\/shop.auderset.com\/en\/produit\/robi-allemand-petit-format\/","title":{"rendered":"Robi Allemand (Petit format)"},"content":{"rendered":"<p>C\u2019est l\u2019histoire \u00e0 la fois dr\u00f4le et \u00e9mouvante d\u2019un robot dont le quotidien ressemble \u00e0 celui de millions d\u2019\u00eatres humains : \u00abm\u00e9tro, boulot, dodo \u00bb.<\/p>\n<p>Pour agr\u00e9menter cette vie tr\u00e9pidante, Robi passe ses week-ends \u00e0 faire la f\u00eate.<\/p>\n<p>Un jour, devant sa glace, il mesure l\u2019ab\u00eeme qui le s\u00e9pare de la r\u00e9alit\u00e9.<\/p>\n<p>En petit format, plus facile \u00e0 distribuer, m\u00eame en grandes quantit\u00e9s.<\/p>\n","protected":false},"excerpt":{"rendered":"<p>C\u2019est l\u2019histoire \u00e0 la fois dr\u00f4le et \u00e9mouvante d\u2019un robot dont le quotidien ressemble \u00e0 celui de millions d\u2019\u00eatres humains : \u00abm\u00e9tro, boulot, dodo \u00bb. Pour agr\u00e9menter cette vie tr\u00e9pidante, Robi passe ses week-ends \u00e0 faire la f\u00eate. Un jour, devant sa glace, il mesure l\u2019ab\u00eeme qui le s\u00e9pare de la r\u00e9alit\u00e9. En petit format, [&hellip;]<\/p>\n","protected":false},"featured_media":32249,"comment_status":"open","ping_status":"closed","template":"","meta":[],"product_brand":[],"product_cat":[159,88,147,148],"product_tag":[],"class_list":{"0":"post-32237","1":"product","2":"type-product","3":"status-publish","4":"has-post-thumbnail","6":"product_cat-allemand","7":"product_cat-bandes-dessinees","8":"product_cat-petit-format","9":"product_cat-robi","10":"pa_prix-petit-format-prix-normal-10-chf-8-eur","11":"pa_prix-petit-format-prix-soutien-15-chf-12-eur","12":"pa_prix-petit-format-prix-super-soutien-20-chf-16-eur","14":"first","15":"instock","16":"taxable","17":"shipping-taxable","18":"purchasable","19":"product-type-variable"},"_links":{"self":[{"href":"https:\/\/shop.auderset.com\/en\/wp-json\/wp\/v2\/product\/32237","targetHints":{"allow":["GET"]}}],"collection":[{"href":"https:\/\/shop.auderset.com\/en\/wp-json\/wp\/v2\/product"}],"about":[{"href":"https:\/\/shop.auderset.com\/en\/wp-json\/wp\/v2\/types\/product"}],"replies":[{"embeddable":true,"href":"https:\/\/shop.auderset.com\/en\/wp-json\/wp\/v2\/comments?post=32237"}],"wp:featuredmedia":[{"embeddable":true,"href":"https:\/\/shop.auderset.com\/en\/wp-json\/wp\/v2\/media\/32249"}],"wp:attachment":[{"href":"https:\/\/shop.auderset.com\/en\/wp-json\/wp\/v2\/media?parent=32237"}],"wp:term":[{"taxonomy":"product_brand","embeddable":true,"href":"https:\/\/shop.auderset.com\/en\/wp-json\/wp\/v2\/product_brand?post=32237"},{"taxonomy":"product_cat","embeddable":true,"href":"https:\/\/shop.auderset.com\/en\/wp-json\/wp\/v2\/product_cat?post=32237"},{"taxonomy":"product_tag","embeddable":true,"href":"https:\/\/shop.auderset.com\/en\/wp-json\/wp\/v2\/product_tag?post=32237"}],"curies":[{"name":"wp","href":"https:\/\/api.w.org\/{rel}","templated":true}]}}