{"id":31000,"date":"2020-11-11T10:28:55","date_gmt":"2020-11-11T09:28:55","guid":{"rendered":"https:\/\/shop.auderset.com\/?post_type=product&#038;p=31000"},"modified":"2025-10-29T08:54:49","modified_gmt":"2025-10-29T07:54:49","slug":"treffen-im-wald-ebook","status":"publish","type":"product","link":"https:\/\/shop.auderset.com\/en\/produit\/treffen-im-wald-ebook\/","title":{"rendered":"Treffen im Wald [eBook]"},"content":{"rendered":"<div>\n<div><a href=\"https:\/\/mailchi.mp\/8c95a9386bbd\/treffen-im-wald\"><img fetchpriority=\"high\" decoding=\"async\" class=\"alignnone size-medium wp-image-33099\" src=\"https:\/\/shop.auderset.com\/wp-content\/uploads\/2022\/03\/Treffen-im-wald-80p-268x300.png\" alt=\"\" width=\"268\" height=\"300\" srcset=\"https:\/\/shop.auderset.com\/wp-content\/uploads\/2022\/03\/Treffen-im-wald-80p-268x300.png 268w, https:\/\/shop.auderset.com\/wp-content\/uploads\/2022\/03\/Treffen-im-wald-80p-324x363.png 324w, https:\/\/shop.auderset.com\/wp-content\/uploads\/2022\/03\/Treffen-im-wald-80p-416x466.png 416w, https:\/\/shop.auderset.com\/wp-content\/uploads\/2022\/03\/Treffen-im-wald-80p-500x560.png 500w, https:\/\/shop.auderset.com\/wp-content\/uploads\/2022\/03\/Treffen-im-wald-80p-501x561.png 501w, https:\/\/shop.auderset.com\/wp-content\/uploads\/2022\/03\/Treffen-im-wald-80p-54x60.png 54w, https:\/\/shop.auderset.com\/wp-content\/uploads\/2022\/03\/Treffen-im-wald-80p-80x90.png 80w, https:\/\/shop.auderset.com\/wp-content\/uploads\/2022\/03\/Treffen-im-wald-80p.png 600w\" sizes=\"(max-width: 268px) 100vw, 268px\" \/><\/a><\/div>\n<p><a href=\"https:\/\/mailchi.mp\/8c95a9386bbd\/treffen-im-wald\"><strong><u>80 freie Seiten &#8220;Treffen im wald&#8221;<\/u><\/strong><\/a><\/p>\n<\/div>\n<div><\/div>\n<div class=\"bar\">Dieses Buch enth\u00e4lt die besten bisher herausgegebenen Briefe von Alan Auderset, reichlich illustriert mit Fotos und Zeichnungen, die gr\u00f6sstenteils unver\u00f6ffentlicht sind. W\u00e4hrend er sich oft mit seinem Freund, dem Sch\u00f6pfer, verkehrte, trieb Alain unwissend die Ausfl\u00fcsse des Paradieses mit sich. . .<\/div>\n","protected":false},"excerpt":{"rendered":"<p>80 freie Seiten &#8220;Treffen im wald&#8221; Dieses Buch enth\u00e4lt die besten bisher herausgegebenen Briefe von Alan Auderset, reichlich illustriert mit Fotos und Zeichnungen, die gr\u00f6sstenteils unver\u00f6ffentlicht sind. W\u00e4hrend er sich oft mit seinem Freund, dem Sch\u00f6pfer, verkehrte, trieb Alain unwissend die Ausfl\u00fcsse des Paradieses mit sich. . .<\/p>\n","protected":false},"featured_media":30836,"comment_status":"closed","ping_status":"closed","template":"","meta":[],"product_brand":[],"product_cat":[159,123,24,136,44],"product_tag":[45],"class_list":{"0":"post-31000","1":"product","2":"type-product","3":"status-publish","4":"has-post-thumbnail","6":"product_cat-allemand","7":"product_cat-e-book-2","8":"product_cat-livres","9":"product_cat-rendez-vous-dans-la-foret-ebook","10":"product_cat-rendez-vous-dans-la-foret","11":"product_tag-ebook","12":"product_shipping_class-livraison-gratuite","13":"pa_prix-ebook-87","14":"pa_prix-ebook-86","15":"pa_prix-ebook-79","17":"first","18":"instock","19":"taxable","20":"shipping-taxable","21":"purchasable","22":"product-type-variable"},"_links":{"self":[{"href":"https:\/\/shop.auderset.com\/en\/wp-json\/wp\/v2\/product\/31000","targetHints":{"allow":["GET"]}}],"collection":[{"href":"https:\/\/shop.auderset.com\/en\/wp-json\/wp\/v2\/product"}],"about":[{"href":"https:\/\/shop.auderset.com\/en\/wp-json\/wp\/v2\/types\/product"}],"replies":[{"embeddable":true,"href":"https:\/\/shop.auderset.com\/en\/wp-json\/wp\/v2\/comments?post=31000"}],"wp:featuredmedia":[{"embeddable":true,"href":"https:\/\/shop.auderset.com\/en\/wp-json\/wp\/v2\/media\/30836"}],"wp:attachment":[{"href":"https:\/\/shop.auderset.com\/en\/wp-json\/wp\/v2\/media?parent=31000"}],"wp:term":[{"taxonomy":"product_brand","embeddable":true,"href":"https:\/\/shop.auderset.com\/en\/wp-json\/wp\/v2\/product_brand?post=31000"},{"taxonomy":"product_cat","embeddable":true,"href":"https:\/\/shop.auderset.com\/en\/wp-json\/wp\/v2\/product_cat?post=31000"},{"taxonomy":"product_tag","embeddable":true,"href":"https:\/\/shop.auderset.com\/en\/wp-json\/wp\/v2\/product_tag?post=31000"}],"curies":[{"name":"wp","href":"https:\/\/api.w.org\/{rel}","templated":true}]}}