{"id":30882,"date":"2020-10-28T17:37:53","date_gmt":"2020-10-28T16:37:53","guid":{"rendered":"https:\/\/shop.auderset.com\/?post_type=product&#038;p=30882"},"modified":"2023-10-02T13:53:08","modified_gmt":"2023-10-02T11:53:08","slug":"treffen-im-wald-prevente-ebook-offert","status":"publish","type":"product","link":"https:\/\/shop.auderset.com\/en\/produit\/treffen-im-wald-prevente-ebook-offert\/","title":{"rendered":"Treffen im Wald [Pack Livre + eBook]"},"content":{"rendered":"<div class=\"span6\">\n<div class=\"progress progress-striped progress-info progress-gray\">\n<div>\n<div><a href=\"https:\/\/mailchi.mp\/8c95a9386bbd\/treffen-im-wald\"><img fetchpriority=\"high\" decoding=\"async\" class=\"alignnone size-medium wp-image-33099\" src=\"https:\/\/shop.auderset.com\/wp-content\/uploads\/2022\/03\/Treffen-im-wald-80p-268x300.png\" alt=\"\" width=\"268\" height=\"300\" srcset=\"https:\/\/shop.auderset.com\/wp-content\/uploads\/2022\/03\/Treffen-im-wald-80p-268x300.png 268w, https:\/\/shop.auderset.com\/wp-content\/uploads\/2022\/03\/Treffen-im-wald-80p-324x363.png 324w, https:\/\/shop.auderset.com\/wp-content\/uploads\/2022\/03\/Treffen-im-wald-80p-416x466.png 416w, https:\/\/shop.auderset.com\/wp-content\/uploads\/2022\/03\/Treffen-im-wald-80p-500x560.png 500w, https:\/\/shop.auderset.com\/wp-content\/uploads\/2022\/03\/Treffen-im-wald-80p-501x561.png 501w, https:\/\/shop.auderset.com\/wp-content\/uploads\/2022\/03\/Treffen-im-wald-80p-54x60.png 54w, https:\/\/shop.auderset.com\/wp-content\/uploads\/2022\/03\/Treffen-im-wald-80p-80x90.png 80w, https:\/\/shop.auderset.com\/wp-content\/uploads\/2022\/03\/Treffen-im-wald-80p.png 600w\" sizes=\"(max-width: 268px) 100vw, 268px\" \/><\/a><\/div>\n<p><a href=\"https:\/\/mailchi.mp\/8c95a9386bbd\/treffen-im-wald\"><strong><u>80 freie Seiten &#8220;Treffen im wald&#8221;<\/u><\/strong><\/a><\/p>\n<\/div>\n<div class=\"bar\">\n<p>&#8220;Treffen im Wald&#8221; endlich auch auf deutsch erh\u00e4ltlich!!!!<\/p>\n<p>Dieses Buch erz\u00e4hlt aus dem t\u00e4glichen Leben eines Freundes Gottes. Eine Abfolge kleiner lustiger und doch tiefgr\u00fcndiger Zeugnisse, welche euch Lust darauf machen werden, es dem Autoren gleich zu tun: in den Wald zu gehen und dort euer Herz mit dem von Jesus zu vereinen.<\/p>\n<p>Nun was denn?<br \/>\nDieses Buch hat im franz\u00f6sischsprachigen christlichen Milieu eine Mini-Revolution ausgel\u00f6st. Viele haben durch das Lesen dieses Buches zu Gott (zur\u00fcck-)gefunden.<\/p>\n<p>Auf diesem Link werden dir 30 Seiten kostenlos angeboten<\/p>\n<p>&nbsp;<\/p>\n<\/div>\n<\/div>\n<\/div>\n<p align=\"LEFT\">\n","protected":false},"excerpt":{"rendered":"<p>80 freie Seiten &#8220;Treffen im wald&#8221; &#8220;Treffen im Wald&#8221; endlich auch auf deutsch erh\u00e4ltlich!!!! Dieses Buch erz\u00e4hlt aus dem t\u00e4glichen Leben eines Freundes Gottes. Eine Abfolge kleiner lustiger und doch tiefgr\u00fcndiger Zeugnisse, welche euch Lust darauf machen werden, es dem Autoren gleich zu tun: in den Wald zu gehen und dort euer Herz mit dem [&hellip;]<\/p>\n","protected":false},"featured_media":30864,"comment_status":"closed","ping_status":"closed","template":"","meta":[],"product_brand":[],"product_cat":[159,123,24,44],"product_tag":[],"class_list":{"0":"post-30882","1":"product","2":"type-product","3":"status-publish","4":"has-post-thumbnail","6":"product_cat-allemand","7":"product_cat-e-book-2","8":"product_cat-livres","9":"product_cat-rendez-vous-dans-la-foret","10":"product_shipping_class-livraison-suisse","11":"pa_prix-livre-prix-normal-49-chf-40-eur","12":"pa_prix-livre-prix-soutien-74-chf-60-eur","13":"pa_prix-livre-prix-super-soutien-98-chf-80-eur","15":"first","16":"instock","17":"taxable","18":"shipping-taxable","19":"purchasable","20":"product-type-variable"},"_links":{"self":[{"href":"https:\/\/shop.auderset.com\/en\/wp-json\/wp\/v2\/product\/30882","targetHints":{"allow":["GET"]}}],"collection":[{"href":"https:\/\/shop.auderset.com\/en\/wp-json\/wp\/v2\/product"}],"about":[{"href":"https:\/\/shop.auderset.com\/en\/wp-json\/wp\/v2\/types\/product"}],"replies":[{"embeddable":true,"href":"https:\/\/shop.auderset.com\/en\/wp-json\/wp\/v2\/comments?post=30882"}],"wp:featuredmedia":[{"embeddable":true,"href":"https:\/\/shop.auderset.com\/en\/wp-json\/wp\/v2\/media\/30864"}],"wp:attachment":[{"href":"https:\/\/shop.auderset.com\/en\/wp-json\/wp\/v2\/media?parent=30882"}],"wp:term":[{"taxonomy":"product_brand","embeddable":true,"href":"https:\/\/shop.auderset.com\/en\/wp-json\/wp\/v2\/product_brand?post=30882"},{"taxonomy":"product_cat","embeddable":true,"href":"https:\/\/shop.auderset.com\/en\/wp-json\/wp\/v2\/product_cat?post=30882"},{"taxonomy":"product_tag","embeddable":true,"href":"https:\/\/shop.auderset.com\/en\/wp-json\/wp\/v2\/product_tag?post=30882"}],"curies":[{"name":"wp","href":"https:\/\/api.w.org\/{rel}","templated":true}]}}