{"id":30419,"date":"2020-09-28T12:02:50","date_gmt":"2020-09-28T10:02:50","guid":{"rendered":"https:\/\/shop.auderset.com\/?post_type=product&#038;p=30419"},"modified":"2023-10-02T11:03:53","modified_gmt":"2023-10-02T09:03:53","slug":"autocollant-danger-allemand","status":"publish","type":"product","link":"https:\/\/shop.auderset.com\/en\/produit\/autocollant-danger-allemand\/","title":{"rendered":"Autocollant &#8220;Danger&#8221; (allemand)"},"content":{"rendered":"<p style=\"font-weight: normal; margin-bottom: 0cm;\" align=\"left\"><span style=\"color: #000000;\"><span style=\"font-family: Arial, sans-serif;\"><span style=\"font-size: 12pt;\">D\u00e9clic coup de poing !<\/span><\/span><\/span><\/p>\n<p style=\"font-weight: normal; margin-bottom: 0cm;\" align=\"left\"><span style=\"color: #000000;\"><span style=\"font-family: Arial, sans-serif;\"><span style=\"font-size: 12pt;\">Loin d&#8217;\u00eatre ennuyeuse, la Bible renferme un message puissant qui donnera la patate \u00e0 celui qui croit.<\/span><\/span><\/span><\/p>\n<p style=\"font-weight: normal; margin-bottom: 0cm;\" align=\"left\"><span style=\"color: #000000;\"><span style=\"font-family: Arial, sans-serif;\"><span style=\"font-size: 12pt;\">\u00ab Si tout le monde mettait la Bible en pratique, le monde serais parfait \u00bb\u00a0<\/span><\/span><\/span><span style=\"color: #000000;\"><span style=\"font-family: Arial, sans-serif;\"><span style=\"font-size: 12pt;\">disait<br \/>\nl&#8217;autre.<\/span><\/span><\/span><\/p>\n<p style=\"font-weight: normal; margin-bottom: 0cm;\" align=\"left\"><span style=\"font-family: Arial, sans-serif;\"><em>\u00c0 coller sur sa voiture, boite au lettre, etc&#8230;<\/em><\/span><\/p>\n","protected":false},"excerpt":{"rendered":"<p>D\u00e9clic coup de poing ! Loin d&#8217;\u00eatre ennuyeuse, la Bible renferme un message puissant qui donnera la patate \u00e0 celui qui croit. \u00ab Si tout le monde mettait la Bible en pratique, le monde serais parfait \u00bb\u00a0disait l&#8217;autre. \u00c0 coller sur sa voiture, boite au lettre, etc&#8230;<\/p>\n","protected":false},"featured_media":29893,"comment_status":"open","ping_status":"closed","template":"","meta":[],"product_brand":[],"product_cat":[179],"product_tag":[],"class_list":{"0":"post-30419","1":"product","2":"type-product","3":"status-publish","4":"has-post-thumbnail","6":"product_cat-autocollant","7":"pa_prix-carte-postale-prix-normal-150-chf-120-eur","8":"pa_prix-carte-postale-prix-soutien-220-chf-180-eur","9":"pa_prix-carte-postale-prix-super-soutien-3-chf-24-eur","11":"first","12":"instock","13":"taxable","14":"shipping-taxable","15":"purchasable","16":"product-type-variable"},"_links":{"self":[{"href":"https:\/\/shop.auderset.com\/en\/wp-json\/wp\/v2\/product\/30419","targetHints":{"allow":["GET"]}}],"collection":[{"href":"https:\/\/shop.auderset.com\/en\/wp-json\/wp\/v2\/product"}],"about":[{"href":"https:\/\/shop.auderset.com\/en\/wp-json\/wp\/v2\/types\/product"}],"replies":[{"embeddable":true,"href":"https:\/\/shop.auderset.com\/en\/wp-json\/wp\/v2\/comments?post=30419"}],"wp:featuredmedia":[{"embeddable":true,"href":"https:\/\/shop.auderset.com\/en\/wp-json\/wp\/v2\/media\/29893"}],"wp:attachment":[{"href":"https:\/\/shop.auderset.com\/en\/wp-json\/wp\/v2\/media?parent=30419"}],"wp:term":[{"taxonomy":"product_brand","embeddable":true,"href":"https:\/\/shop.auderset.com\/en\/wp-json\/wp\/v2\/product_brand?post=30419"},{"taxonomy":"product_cat","embeddable":true,"href":"https:\/\/shop.auderset.com\/en\/wp-json\/wp\/v2\/product_cat?post=30419"},{"taxonomy":"product_tag","embeddable":true,"href":"https:\/\/shop.auderset.com\/en\/wp-json\/wp\/v2\/product_tag?post=30419"}],"curies":[{"name":"wp","href":"https:\/\/api.w.org\/{rel}","templated":true}]}}