{"id":30221,"date":"2020-09-18T19:31:21","date_gmt":"2020-09-18T17:31:21","guid":{"rendered":"https:\/\/shop.auderset.com\/?post_type=product&#038;p=30221"},"modified":"2023-10-16T09:30:42","modified_gmt":"2023-10-16T07:30:42","slug":"les-souvenirs-dazvaltya-1","status":"publish","type":"product","link":"https:\/\/shop.auderset.com\/en\/produit\/les-souvenirs-dazvaltya-1\/","title":{"rendered":"Les souvenirs d&#8217;Azvaltya 1"},"content":{"rendered":"<p>Un univers \u00e0 la fronti\u00e8re entre le r\u00eave et la r\u00e9alit\u00e9, un monde o\u00f9 tout est vivant, une \u201cjungle\u201d qui fascine autant qu\u2019elle effraie! C\u2019est le territoire de tous les possibles qui regorge de d\u00e9couvertes et de dangers&#8230; Bienvenue \u00e0 Azvaltya!<\/p>\n<p>Marcel, un voyageur qui traverse cette contr\u00e9e \u00e0 la recherche de sa destin\u00e9e, passe par des hauts et des bas,&#8230;<\/p>\n","protected":false},"excerpt":{"rendered":"<p>Un univers \u00e0 la fronti\u00e8re entre le r\u00eave et la r\u00e9alit\u00e9, un monde o\u00f9 tout est vivant, une \u201cjungle\u201d qui fascine autant qu\u2019elle effraie! C\u2019est le territoire de tous les possibles qui regorge de d\u00e9couvertes et de dangers&#8230; Bienvenue \u00e0 Azvaltya! Marcel, un voyageur qui traverse cette contr\u00e9e \u00e0 la recherche de sa destin\u00e9e, passe [&hellip;]<\/p>\n","protected":false},"featured_media":29684,"comment_status":"open","ping_status":"closed","template":"","meta":[],"product_brand":[],"product_cat":[88,152],"product_tag":[],"class_list":{"0":"post-30221","1":"product","2":"type-product","3":"status-publish","4":"has-post-thumbnail","6":"product_cat-bandes-dessinees","7":"product_cat-les-souvenirs-dazvaltya","8":"pa_prix-bandes-dessinees-prix-normal-24-chf-18-eur","9":"pa_prix-bandes-dessinees-prix-soutien-36-chf-27-eur","10":"pa_prix-bandes-dessinees-prix-super-soutien-48-chf-36-eur","12":"first","13":"instock","14":"taxable","15":"shipping-taxable","16":"purchasable","17":"product-type-variable"},"_links":{"self":[{"href":"https:\/\/shop.auderset.com\/en\/wp-json\/wp\/v2\/product\/30221","targetHints":{"allow":["GET"]}}],"collection":[{"href":"https:\/\/shop.auderset.com\/en\/wp-json\/wp\/v2\/product"}],"about":[{"href":"https:\/\/shop.auderset.com\/en\/wp-json\/wp\/v2\/types\/product"}],"replies":[{"embeddable":true,"href":"https:\/\/shop.auderset.com\/en\/wp-json\/wp\/v2\/comments?post=30221"}],"wp:featuredmedia":[{"embeddable":true,"href":"https:\/\/shop.auderset.com\/en\/wp-json\/wp\/v2\/media\/29684"}],"wp:attachment":[{"href":"https:\/\/shop.auderset.com\/en\/wp-json\/wp\/v2\/media?parent=30221"}],"wp:term":[{"taxonomy":"product_brand","embeddable":true,"href":"https:\/\/shop.auderset.com\/en\/wp-json\/wp\/v2\/product_brand?post=30221"},{"taxonomy":"product_cat","embeddable":true,"href":"https:\/\/shop.auderset.com\/en\/wp-json\/wp\/v2\/product_cat?post=30221"},{"taxonomy":"product_tag","embeddable":true,"href":"https:\/\/shop.auderset.com\/en\/wp-json\/wp\/v2\/product_tag?post=30221"}],"curies":[{"name":"wp","href":"https:\/\/api.w.org\/{rel}","templated":true}]}}