{"id":30175,"date":"2020-09-17T11:40:05","date_gmt":"2020-09-17T09:40:05","guid":{"rendered":"https:\/\/shop.auderset.com\/?post_type=product&#038;p=30175"},"modified":"2026-03-25T16:11:54","modified_gmt":"2026-03-25T15:11:54","slug":"idees-recues-3","status":"publish","type":"product","link":"https:\/\/shop.auderset.com\/en\/produit\/idees-recues-3\/","title":{"rendered":"Id\u00e9es re\u00e7ues 3"},"content":{"rendered":"<p>Juste avant la fin du monde: lisez cette BD !<\/p>\n<p>Si l&#8217;auteur d\u00e9nonce cr\u00fbment la r\u00e9alit\u00e9 alarmante de l&#8217;\u00e9tat de notre monde, ce livre baigne pourtant toujours dans l&#8217;humour. Mais contrairement \u00e0 ses contemporains, Alain Auderset n&#8217;en reste pas \u00e0 un constat fataliste, il use de cr\u00e9ativit\u00e9 pour proposer des solutions concr\u00e8tes.<\/p>\n","protected":false},"excerpt":{"rendered":"<p>Juste avant la fin du monde: lisez cette BD ! Si l&#8217;auteur d\u00e9nonce cr\u00fbment la r\u00e9alit\u00e9 alarmante de l&#8217;\u00e9tat de notre monde, ce livre baigne pourtant toujours dans l&#8217;humour. Mais contrairement \u00e0 ses contemporains, Alain Auderset n&#8217;en reste pas \u00e0 un constat fataliste, il use de cr\u00e9ativit\u00e9 pour proposer des solutions concr\u00e8tes.<\/p>\n","protected":false},"featured_media":29708,"comment_status":"open","ping_status":"closed","template":"","meta":[],"product_brand":[],"product_cat":[88,137],"product_tag":[],"class_list":{"0":"post-30175","1":"product","2":"type-product","3":"status-publish","4":"has-post-thumbnail","6":"product_cat-bandes-dessinees","7":"product_cat-idees-recues","8":"pa_prix-bandes-dessinees-prix-normal-24-chf-18-eur","9":"pa_prix-bandes-dessinees-prix-soutien-36-chf-27-eur","10":"pa_prix-bandes-dessinees-prix-super-soutien-48-chf-36-eur","12":"first","13":"instock","14":"taxable","15":"shipping-taxable","16":"purchasable","17":"product-type-variable"},"_links":{"self":[{"href":"https:\/\/shop.auderset.com\/en\/wp-json\/wp\/v2\/product\/30175","targetHints":{"allow":["GET"]}}],"collection":[{"href":"https:\/\/shop.auderset.com\/en\/wp-json\/wp\/v2\/product"}],"about":[{"href":"https:\/\/shop.auderset.com\/en\/wp-json\/wp\/v2\/types\/product"}],"replies":[{"embeddable":true,"href":"https:\/\/shop.auderset.com\/en\/wp-json\/wp\/v2\/comments?post=30175"}],"wp:featuredmedia":[{"embeddable":true,"href":"https:\/\/shop.auderset.com\/en\/wp-json\/wp\/v2\/media\/29708"}],"wp:attachment":[{"href":"https:\/\/shop.auderset.com\/en\/wp-json\/wp\/v2\/media?parent=30175"}],"wp:term":[{"taxonomy":"product_brand","embeddable":true,"href":"https:\/\/shop.auderset.com\/en\/wp-json\/wp\/v2\/product_brand?post=30175"},{"taxonomy":"product_cat","embeddable":true,"href":"https:\/\/shop.auderset.com\/en\/wp-json\/wp\/v2\/product_cat?post=30175"},{"taxonomy":"product_tag","embeddable":true,"href":"https:\/\/shop.auderset.com\/en\/wp-json\/wp\/v2\/product_tag?post=30175"}],"curies":[{"name":"wp","href":"https:\/\/api.w.org\/{rel}","templated":true}]}}