{"id":30055,"date":"2020-09-01T19:59:15","date_gmt":"2020-09-01T17:59:15","guid":{"rendered":"https:\/\/shop.auderset.com\/?post_type=product&#038;p=30055"},"modified":"2023-10-24T08:16:37","modified_gmt":"2023-10-24T06:16:37","slug":"idees-recues","status":"publish","type":"product","link":"https:\/\/shop.auderset.com\/en\/produit\/idees-recues\/","title":{"rendered":"id\u00e9es re\u00e7ues"},"content":{"rendered":"<p>Un humour noir, avec un graphisme et des couleurs du m\u00eame ton, pour parler de toutes ces \u00ab\u00a0id\u00e9es re\u00e7ues\u00a0\u00bb que l\u2019on a de Dieu, de la mort, de la religion, des hommes.<\/p>\n<p>C\u2019est frais, \u00e9mouvant, dr\u00f4le et sinc\u00e8re. Une sinc\u00e9rit\u00e9 qui se d\u00e9gage et d\u00e9stabilise les certitudes du lecteur, ath\u00e9e ou non.<\/p>\n<p>&nbsp;<\/p>\n","protected":false},"excerpt":{"rendered":"<p>Un humour noir, avec un graphisme et des couleurs du m\u00eame ton, pour parler de toutes ces \u00ab\u00a0id\u00e9es re\u00e7ues\u00a0\u00bb que l\u2019on a de Dieu, de la mort, de la religion, des hommes. C\u2019est frais, \u00e9mouvant, dr\u00f4le et sinc\u00e8re. Une sinc\u00e9rit\u00e9 qui se d\u00e9gage et d\u00e9stabilise les certitudes du lecteur, ath\u00e9e ou non. &nbsp;<\/p>\n","protected":false},"featured_media":29700,"comment_status":"open","ping_status":"closed","template":"","meta":[],"product_brand":[],"product_cat":[88,137],"product_tag":[],"class_list":{"0":"post-30055","1":"product","2":"type-product","3":"status-publish","4":"has-post-thumbnail","6":"product_cat-bandes-dessinees","7":"product_cat-idees-recues","8":"pa_prix-bandes-dessinees-prix-normal-24-chf-18-eur","9":"pa_prix-bandes-dessinees-prix-soutien-36-chf-27-eur","10":"pa_prix-bandes-dessinees-prix-super-soutien-48-chf-36-eur","12":"first","13":"instock","14":"taxable","15":"shipping-taxable","16":"purchasable","17":"product-type-variable"},"_links":{"self":[{"href":"https:\/\/shop.auderset.com\/en\/wp-json\/wp\/v2\/product\/30055","targetHints":{"allow":["GET"]}}],"collection":[{"href":"https:\/\/shop.auderset.com\/en\/wp-json\/wp\/v2\/product"}],"about":[{"href":"https:\/\/shop.auderset.com\/en\/wp-json\/wp\/v2\/types\/product"}],"replies":[{"embeddable":true,"href":"https:\/\/shop.auderset.com\/en\/wp-json\/wp\/v2\/comments?post=30055"}],"wp:featuredmedia":[{"embeddable":true,"href":"https:\/\/shop.auderset.com\/en\/wp-json\/wp\/v2\/media\/29700"}],"wp:attachment":[{"href":"https:\/\/shop.auderset.com\/en\/wp-json\/wp\/v2\/media?parent=30055"}],"wp:term":[{"taxonomy":"product_brand","embeddable":true,"href":"https:\/\/shop.auderset.com\/en\/wp-json\/wp\/v2\/product_brand?post=30055"},{"taxonomy":"product_cat","embeddable":true,"href":"https:\/\/shop.auderset.com\/en\/wp-json\/wp\/v2\/product_cat?post=30055"},{"taxonomy":"product_tag","embeddable":true,"href":"https:\/\/shop.auderset.com\/en\/wp-json\/wp\/v2\/product_tag?post=30055"}],"curies":[{"name":"wp","href":"https:\/\/api.w.org\/{rel}","templated":true}]}}