{"id":30002,"date":"2020-08-27T11:54:26","date_gmt":"2020-08-27T09:54:26","guid":{"rendered":"https:\/\/shop.auderset.com\/?post_type=product&#038;p=30002"},"modified":"2025-12-12T12:36:41","modified_gmt":"2025-12-12T11:36:41","slug":"willy-grunch-1","status":"publish","type":"product","link":"https:\/\/shop.auderset.com\/en\/produit\/willy-grunch-1\/","title":{"rendered":"Willy Grunch 1"},"content":{"rendered":"<p style=\"font-weight: 400;\"><span style=\"color: black; font-family: 'Arial','sans-serif'; mso-ansi-language: FR; mso-fareast-language: FR;\">Avec sa guitare pour seul bagage, Willy est \u00e0 la fois philosophe, po\u00e8te et immature. Il comprend \u00e9galement tout de travers, mettant surtout en lumi\u00e8re nos propres travers !<\/span><\/p>\n<p style=\"font-weight: 400;\"><span style=\"color: black; font-family: 'Arial','sans-serif';\">La pornographie, les\u00a0<\/span>relations filles-gar\u00e7ons, le racisme, les questions existentielles, les d\u00e9pressions et les moyens de sortir de nos enfermements sont des th\u00e8mes qui sont abord\u00e9s dans cet album o\u00f9 l\u2019humour est omnipr\u00e9sent.<\/p>\n","protected":false},"excerpt":{"rendered":"<p>Avec sa guitare pour seul bagage, Willy est \u00e0 la fois philosophe, po\u00e8te et immature. Il comprend \u00e9galement tout de travers, mettant surtout en lumi\u00e8re nos propres travers ! La pornographie, les\u00a0relations filles-gar\u00e7ons, le racisme, les questions existentielles, les d\u00e9pressions et les moyens de sortir de nos enfermements sont des th\u00e8mes qui sont abord\u00e9s dans [&hellip;]<\/p>\n","protected":false},"featured_media":29692,"comment_status":"open","ping_status":"closed","template":"","meta":[],"product_brand":[],"product_cat":[88,134],"product_tag":[],"class_list":{"0":"post-30002","1":"product","2":"type-product","3":"status-publish","4":"has-post-thumbnail","6":"product_cat-bandes-dessinees","7":"product_cat-willy-grunch-bandes-dessinees","8":"product_shipping_class-livraison-suisse","9":"pa_prix-bandes-dessinees-prix-normal-24-chf-18-eur","10":"pa_prix-bandes-dessinees-prix-soutien-36-chf-27-eur","11":"pa_prix-bandes-dessinees-prix-super-soutien-48-chf-36-eur","13":"first","14":"instock","15":"taxable","16":"shipping-taxable","17":"purchasable","18":"product-type-variable"},"_links":{"self":[{"href":"https:\/\/shop.auderset.com\/en\/wp-json\/wp\/v2\/product\/30002","targetHints":{"allow":["GET"]}}],"collection":[{"href":"https:\/\/shop.auderset.com\/en\/wp-json\/wp\/v2\/product"}],"about":[{"href":"https:\/\/shop.auderset.com\/en\/wp-json\/wp\/v2\/types\/product"}],"replies":[{"embeddable":true,"href":"https:\/\/shop.auderset.com\/en\/wp-json\/wp\/v2\/comments?post=30002"}],"wp:featuredmedia":[{"embeddable":true,"href":"https:\/\/shop.auderset.com\/en\/wp-json\/wp\/v2\/media\/29692"}],"wp:attachment":[{"href":"https:\/\/shop.auderset.com\/en\/wp-json\/wp\/v2\/media?parent=30002"}],"wp:term":[{"taxonomy":"product_brand","embeddable":true,"href":"https:\/\/shop.auderset.com\/en\/wp-json\/wp\/v2\/product_brand?post=30002"},{"taxonomy":"product_cat","embeddable":true,"href":"https:\/\/shop.auderset.com\/en\/wp-json\/wp\/v2\/product_cat?post=30002"},{"taxonomy":"product_tag","embeddable":true,"href":"https:\/\/shop.auderset.com\/en\/wp-json\/wp\/v2\/product_tag?post=30002"}],"curies":[{"name":"wp","href":"https:\/\/api.w.org\/{rel}","templated":true}]}}