{"id":29570,"date":"2020-07-29T15:32:30","date_gmt":"2020-07-29T13:32:30","guid":{"rendered":"https:\/\/shop.auderset.com\/?post_type=product&#038;p=29570"},"modified":"2023-10-02T12:46:59","modified_gmt":"2023-10-02T10:46:59","slug":"rendez-vous-dans-la-foret-origine-pack-livre-ebook","status":"publish","type":"product","link":"https:\/\/shop.auderset.com\/en\/produit\/rendez-vous-dans-la-foret-origine-pack-livre-ebook\/","title":{"rendered":"Rendez-vous dans la for\u00eat Origine [Livre + E-book]"},"content":{"rendered":"<p>&nbsp;<\/p>\n<p>Bas\u00e9 sur le m\u00eame style que les pr\u00e9c\u00e9dents \u00ab Rendez-vous dans la foret \u00bb, \u00ab Origine \u00bb raconte les souvenirs d\u2019enfance de l\u2019auteur. Qu\u2019ils soient joyeux ou durs, ce sont des moments riches en \u00e9motions et en le\u00e7ons de vie qui le conduiront \u00e0 rencontrer J\u00e9sus.<\/p>\n<p>Livre + E-book<\/p>\n<p>&nbsp;<\/p>\n<p><a href=\"https:\/\/mailchi.mp\/7cfa20bb3b7c\/2dv5t2ohjd\"><img fetchpriority=\"high\" decoding=\"async\" class=\"alignnone size-medium wp-image-33038\" src=\"https:\/\/shop.auderset.com\/wp-content\/uploads\/2020\/09\/80p-origine-275x300.png\" alt=\"\" width=\"275\" height=\"300\" srcset=\"https:\/\/shop.auderset.com\/wp-content\/uploads\/2020\/09\/80p-origine-275x300.png 275w, https:\/\/shop.auderset.com\/wp-content\/uploads\/2020\/09\/80p-origine-324x354.png 324w, https:\/\/shop.auderset.com\/wp-content\/uploads\/2020\/09\/80p-origine-416x454.png 416w, https:\/\/shop.auderset.com\/wp-content\/uploads\/2020\/09\/80p-origine-500x546.png 500w, https:\/\/shop.auderset.com\/wp-content\/uploads\/2020\/09\/80p-origine-501x547.png 501w, https:\/\/shop.auderset.com\/wp-content\/uploads\/2020\/09\/80p-origine-55x60.png 55w, https:\/\/shop.auderset.com\/wp-content\/uploads\/2020\/09\/80p-origine-82x90.png 82w, https:\/\/shop.auderset.com\/wp-content\/uploads\/2020\/09\/80p-origine.png 597w\" sizes=\"(max-width: 275px) 100vw, 275px\" \/><\/a><\/p>\n<p>Lire les 80 premi\u00e8re pages gratuitement -&gt; <strong><span style=\"color: #3366ff;\"><a style=\"color: #3366ff;\" href=\"https:\/\/mailchi.mp\/7cfa20bb3b7c\/2dv5t2ohjd\">Ici<\/a><\/span><\/strong><\/p>\n","protected":false},"excerpt":{"rendered":"<p>&nbsp; Bas\u00e9 sur le m\u00eame style que les pr\u00e9c\u00e9dents \u00ab Rendez-vous dans la foret \u00bb, \u00ab Origine \u00bb raconte les souvenirs d\u2019enfance de l\u2019auteur. Qu\u2019ils soient joyeux ou durs, ce sont des moments riches en \u00e9motions et en le\u00e7ons de vie qui le conduiront \u00e0 rencontrer J\u00e9sus. Livre + E-book &nbsp; Lire les 80 premi\u00e8re [&hellip;]<\/p>\n","protected":false},"featured_media":30341,"comment_status":"closed","ping_status":"closed","template":"","meta":[],"product_brand":[],"product_cat":[123,24,106,44],"product_tag":[46],"class_list":{"0":"post-29570","1":"product","2":"type-product","3":"status-publish","4":"has-post-thumbnail","6":"product_cat-e-book-2","7":"product_cat-livres","8":"product_cat-pack","9":"product_cat-rendez-vous-dans-la-foret","10":"product_tag-pack","11":"product_shipping_class-livraison-gratuite","12":"pa_prix-pack-ebook-prix-normal-49-chf-40-eur","13":"pa_prix-pack-ebook-prix-soutien-74-chf-60-eur-2","14":"pa_prix-pack-ebook-prix-super-soutien-98-chf-80-eur","16":"first","17":"instock","18":"taxable","19":"shipping-taxable","20":"purchasable","21":"product-type-variable"},"_links":{"self":[{"href":"https:\/\/shop.auderset.com\/en\/wp-json\/wp\/v2\/product\/29570","targetHints":{"allow":["GET"]}}],"collection":[{"href":"https:\/\/shop.auderset.com\/en\/wp-json\/wp\/v2\/product"}],"about":[{"href":"https:\/\/shop.auderset.com\/en\/wp-json\/wp\/v2\/types\/product"}],"replies":[{"embeddable":true,"href":"https:\/\/shop.auderset.com\/en\/wp-json\/wp\/v2\/comments?post=29570"}],"wp:featuredmedia":[{"embeddable":true,"href":"https:\/\/shop.auderset.com\/en\/wp-json\/wp\/v2\/media\/30341"}],"wp:attachment":[{"href":"https:\/\/shop.auderset.com\/en\/wp-json\/wp\/v2\/media?parent=29570"}],"wp:term":[{"taxonomy":"product_brand","embeddable":true,"href":"https:\/\/shop.auderset.com\/en\/wp-json\/wp\/v2\/product_brand?post=29570"},{"taxonomy":"product_cat","embeddable":true,"href":"https:\/\/shop.auderset.com\/en\/wp-json\/wp\/v2\/product_cat?post=29570"},{"taxonomy":"product_tag","embeddable":true,"href":"https:\/\/shop.auderset.com\/en\/wp-json\/wp\/v2\/product_tag?post=29570"}],"curies":[{"name":"wp","href":"https:\/\/api.w.org\/{rel}","templated":true}]}}