{"id":29404,"date":"2020-07-15T15:08:24","date_gmt":"2020-07-15T13:08:24","guid":{"rendered":"https:\/\/shop.auderset.com\/?post_type=product&#038;p=29404"},"modified":"2025-03-15T02:52:28","modified_gmt":"2025-03-15T01:52:28","slug":"rendez-vous-dans-la-foret-2-pack-livre-ebook","status":"publish","type":"product","link":"https:\/\/shop.auderset.com\/en\/produit\/rendez-vous-dans-la-foret-2-pack-livre-ebook\/","title":{"rendered":"Rendez-vous dans la for\u00eat 2 [Pack Livre + eBook]"},"content":{"rendered":"<div id=\"short_description_content\" class=\"rte align_justify\">\n<p>Le temps d\u2019un livre, vivez pleinement dans la t\u00eate d\u2019un papa artiste un peu fou et qui y croit vraiment ! C\u2019est le cadeau que vous fait Alain Auderset dans cet exercice \u00e0 la fois emprunt de sinc\u00e9rit\u00e9 et de dr\u00f4lerie&#8230; Et m\u00eame s\u2019il l\u2019emballe dans de la po\u00e9sie et de l\u2019humour, rien de ses victoires, d\u00e9b\u00e2cles, joies et \u00e9tats d\u2019\u00e2me ne vous sera \u00e9pargn\u00e9 !<\/p>\n<p><span lang=\"FR\">Livre papier + eBook<\/span><\/p>\n<\/div>\n<p align=\"LEFT\"><a href=\"https:\/\/mailchi.mp\/auderset\/423dxtpr6k\"><img fetchpriority=\"high\" decoding=\"async\" class=\"alignnone size-medium wp-image-33396\" src=\"https:\/\/shop.auderset.com\/wp-content\/uploads\/2022\/05\/80p-RDVF2-275x300.png\" alt=\"\" width=\"275\" height=\"300\" srcset=\"https:\/\/shop.auderset.com\/wp-content\/uploads\/2022\/05\/80p-RDVF2-275x300.png 275w, https:\/\/shop.auderset.com\/wp-content\/uploads\/2022\/05\/80p-RDVF2-324x353.png 324w, https:\/\/shop.auderset.com\/wp-content\/uploads\/2022\/05\/80p-RDVF2-416x453.png 416w, https:\/\/shop.auderset.com\/wp-content\/uploads\/2022\/05\/80p-RDVF2-55x60.png 55w, https:\/\/shop.auderset.com\/wp-content\/uploads\/2022\/05\/80p-RDVF2-83x90.png 83w, https:\/\/shop.auderset.com\/wp-content\/uploads\/2022\/05\/80p-RDVF2.png 426w\" sizes=\"(max-width: 275px) 100vw, 275px\" \/><\/a><\/p>\n<p align=\"LEFT\">Lire les 80 premi\u00e8re pages gratuitement -&gt; <strong><span style=\"color: #3366ff;\"><a style=\"color: #3366ff;\" href=\"https:\/\/mailchi.mp\/auderset\/423dxtpr6k\">Ici<\/a><\/span><\/strong><\/p>\n","protected":false},"excerpt":{"rendered":"<p>Le temps d\u2019un livre, vivez pleinement dans la t\u00eate d\u2019un papa artiste un peu fou et qui y croit vraiment ! C\u2019est le cadeau que vous fait Alain Auderset dans cet exercice \u00e0 la fois emprunt de sinc\u00e9rit\u00e9 et de dr\u00f4lerie&#8230; Et m\u00eame s\u2019il l\u2019emballe dans de la po\u00e9sie et de l\u2019humour, rien de ses [&hellip;]<\/p>\n","protected":false},"featured_media":29475,"comment_status":"closed","ping_status":"closed","template":"","meta":[],"product_brand":[],"product_cat":[123,24,106,136,44],"product_tag":[46],"class_list":{"0":"post-29404","1":"product","2":"type-product","3":"status-publish","4":"has-post-thumbnail","6":"product_cat-e-book-2","7":"product_cat-livres","8":"product_cat-pack","9":"product_cat-rendez-vous-dans-la-foret-ebook","10":"product_cat-rendez-vous-dans-la-foret","11":"product_tag-pack","12":"product_shipping_class-livraison-gratuite","13":"pa_prix-pack-ebook-prix-normal-49-chf-40-eur","14":"pa_prix-pack-ebook-prix-soutien-74-chf-60-eur-2","15":"pa_prix-pack-ebook-prix-super-soutien-98-chf-80-eur","17":"first","18":"instock","19":"taxable","20":"shipping-taxable","21":"purchasable","22":"product-type-variable"},"_links":{"self":[{"href":"https:\/\/shop.auderset.com\/en\/wp-json\/wp\/v2\/product\/29404","targetHints":{"allow":["GET"]}}],"collection":[{"href":"https:\/\/shop.auderset.com\/en\/wp-json\/wp\/v2\/product"}],"about":[{"href":"https:\/\/shop.auderset.com\/en\/wp-json\/wp\/v2\/types\/product"}],"replies":[{"embeddable":true,"href":"https:\/\/shop.auderset.com\/en\/wp-json\/wp\/v2\/comments?post=29404"}],"wp:featuredmedia":[{"embeddable":true,"href":"https:\/\/shop.auderset.com\/en\/wp-json\/wp\/v2\/media\/29475"}],"wp:attachment":[{"href":"https:\/\/shop.auderset.com\/en\/wp-json\/wp\/v2\/media?parent=29404"}],"wp:term":[{"taxonomy":"product_brand","embeddable":true,"href":"https:\/\/shop.auderset.com\/en\/wp-json\/wp\/v2\/product_brand?post=29404"},{"taxonomy":"product_cat","embeddable":true,"href":"https:\/\/shop.auderset.com\/en\/wp-json\/wp\/v2\/product_cat?post=29404"},{"taxonomy":"product_tag","embeddable":true,"href":"https:\/\/shop.auderset.com\/en\/wp-json\/wp\/v2\/product_tag?post=29404"}],"curies":[{"name":"wp","href":"https:\/\/api.w.org\/{rel}","templated":true}]}}