{"id":29195,"date":"2020-07-14T11:40:27","date_gmt":"2020-07-14T09:40:27","guid":{"rendered":"http:\/\/shop.auderset.com\/?post_type=product&#038;p=29195"},"modified":"2025-03-15T02:52:50","modified_gmt":"2025-03-15T01:52:50","slug":"rendez-vous-dans-la-foret-3-pack","status":"publish","type":"product","link":"https:\/\/shop.auderset.com\/en\/produit\/rendez-vous-dans-la-foret-3-pack\/","title":{"rendered":"Rendez-vous dans la for\u00eat 3 [Pack Livre + eBook]"},"content":{"rendered":"<div id=\"short_description_content\" class=\"rte align_justify\">\n<p><span lang=\"FR\">Dans ce livre, l&#8217;artiste raconte ses d\u00e9buts sur sc\u00e8ne en tant qu&#8217;humoriste. Les humiliations, ses erreurs, ses combats et ses d\u00e9couragements, mais aussi le r\u00e9confort concret que son Ami J\u00e9sus lui a procur\u00e9 alors qu\u2019il en avait le plus besoin\u2026 Une exp\u00e9rience qu\u2019il a v\u00e9cue au plus profond de ses \u00ab tripes \u00bb et dans laquelle beaucoup pourraient se reconna\u00eetre.<\/span><\/p>\n<p><span lang=\"FR\">Livre papier + eBook<\/span><\/p>\n<\/div>\n<p><a href=\"https:\/\/mailchi.mp\/571d21a427e8\/rdvf3\"><img fetchpriority=\"high\" decoding=\"async\" class=\"alignnone size-medium wp-image-33420\" src=\"https:\/\/shop.auderset.com\/wp-content\/uploads\/2020\/07\/RDVF-3-80p-275x300.png\" alt=\"\" width=\"275\" height=\"300\" srcset=\"https:\/\/shop.auderset.com\/wp-content\/uploads\/2020\/07\/RDVF-3-80p-275x300.png 275w, https:\/\/shop.auderset.com\/wp-content\/uploads\/2020\/07\/RDVF-3-80p-324x353.png 324w, https:\/\/shop.auderset.com\/wp-content\/uploads\/2020\/07\/RDVF-3-80p-416x453.png 416w, https:\/\/shop.auderset.com\/wp-content\/uploads\/2020\/07\/RDVF-3-80p-55x60.png 55w, https:\/\/shop.auderset.com\/wp-content\/uploads\/2020\/07\/RDVF-3-80p-83x90.png 83w, https:\/\/shop.auderset.com\/wp-content\/uploads\/2020\/07\/RDVF-3-80p.png 426w\" sizes=\"(max-width: 275px) 100vw, 275px\" \/><\/a><\/p>\n<p>Lire les 80 premi\u00e8re pages gratuitement -&gt; <strong><span style=\"color: #3366ff;\"><a style=\"color: #3366ff;\" href=\"https:\/\/mailchi.mp\/571d21a427e8\/rdvf3\">Ici<\/a><\/span><\/strong><\/p>\n","protected":false},"excerpt":{"rendered":"<p>Dans ce livre, l&#8217;artiste raconte ses d\u00e9buts sur sc\u00e8ne en tant qu&#8217;humoriste. Les humiliations, ses erreurs, ses combats et ses d\u00e9couragements, mais aussi le r\u00e9confort concret que son Ami J\u00e9sus lui a procur\u00e9 alors qu\u2019il en avait le plus besoin\u2026 Une exp\u00e9rience qu\u2019il a v\u00e9cue au plus profond de ses \u00ab tripes \u00bb et dans [&hellip;]<\/p>\n","protected":false},"featured_media":29483,"comment_status":"closed","ping_status":"closed","template":"","meta":[],"product_brand":[],"product_cat":[123,24,106,44,136],"product_tag":[46],"class_list":{"0":"post-29195","1":"product","2":"type-product","3":"status-publish","4":"has-post-thumbnail","6":"product_cat-e-book-2","7":"product_cat-livres","8":"product_cat-pack","9":"product_cat-rendez-vous-dans-la-foret","10":"product_cat-rendez-vous-dans-la-foret-ebook","11":"product_tag-pack","12":"product_shipping_class-livraison-gratuite","13":"pa_prix-pack-ebook-prix-normal-49-chf-40-eur","14":"pa_prix-pack-ebook-prix-soutien-74-chf-60-eur-2","15":"pa_prix-pack-ebook-prix-super-soutien-98-chf-80-eur","17":"first","18":"instock","19":"taxable","20":"shipping-taxable","21":"purchasable","22":"product-type-variable"},"_links":{"self":[{"href":"https:\/\/shop.auderset.com\/en\/wp-json\/wp\/v2\/product\/29195","targetHints":{"allow":["GET"]}}],"collection":[{"href":"https:\/\/shop.auderset.com\/en\/wp-json\/wp\/v2\/product"}],"about":[{"href":"https:\/\/shop.auderset.com\/en\/wp-json\/wp\/v2\/types\/product"}],"replies":[{"embeddable":true,"href":"https:\/\/shop.auderset.com\/en\/wp-json\/wp\/v2\/comments?post=29195"}],"wp:featuredmedia":[{"embeddable":true,"href":"https:\/\/shop.auderset.com\/en\/wp-json\/wp\/v2\/media\/29483"}],"wp:attachment":[{"href":"https:\/\/shop.auderset.com\/en\/wp-json\/wp\/v2\/media?parent=29195"}],"wp:term":[{"taxonomy":"product_brand","embeddable":true,"href":"https:\/\/shop.auderset.com\/en\/wp-json\/wp\/v2\/product_brand?post=29195"},{"taxonomy":"product_cat","embeddable":true,"href":"https:\/\/shop.auderset.com\/en\/wp-json\/wp\/v2\/product_cat?post=29195"},{"taxonomy":"product_tag","embeddable":true,"href":"https:\/\/shop.auderset.com\/en\/wp-json\/wp\/v2\/product_tag?post=29195"}],"curies":[{"name":"wp","href":"https:\/\/api.w.org\/{rel}","templated":true}]}}