{"id":38914,"date":"2025-10-22T13:24:18","date_gmt":"2025-10-22T11:24:18","guid":{"rendered":"https:\/\/shop.auderset.com\/?post_type=product&#038;p=38914"},"modified":"2025-11-18T09:47:20","modified_gmt":"2025-11-18T08:47:20","slug":"prevente-rendez-vous-dans-la-foret-origine-2","status":"publish","type":"product","link":"https:\/\/shop.auderset.com\/de\/produit\/prevente-rendez-vous-dans-la-foret-origine-2\/","title":{"rendered":"Rendez-vous dans la for\u00eat Origine 2"},"content":{"rendered":"<p>Seul\u00a0? \u201cEn 15 ans d\u2019existence,\u00a0je n\u2019ai crois\u00e9 aucun ami de J\u00e9sus ! Suis-je donc le seul \u00e0 avoir v\u00e9cu une telle rencontre avec Dieu\u00a0!?\u201d finit par se demander Alain.<\/p>\n<p>Seul et le c\u0153ur rempli d\u2019amour pour les gens, ce jeune va s&#8217;efforcer de partager \u00e0 tout le monde l\u2019immense tr\u00e9sor qu\u2019il a eu la chance de trouver dans une poubelle oubli\u00e9e de son village. Il ne r\u00e9colte alors qu\u2019oppositions, moqueries, brisements et renoncements. Paradoxalement, cela ne fera qu&#8217;accro\u00eetre son d\u00e9vouement sans faille pour son Ami invisible.<\/p>\n<p>En parall\u00e8le, il entame une enqu\u00eate insolite et des plus cocasses pour retrouver ses fr\u00e8res dans la foi. Il les d\u00e9couvrira parfois endormis ou chelous, voire incoh\u00e9rents. La vision de cet ado, bien que tr\u00e8s dr\u00f4le, \u00e9quivaut \u00e0 une baffe, propre \u00e0 nous remettre en question face \u00e0 un monde en train de se perdre.<\/p>\n<p>Beaucoup d\u2019humour, de b\u00eatises, de beaut\u00e9, d&#8217;authenticit\u00e9, d\u2019amour et de larmes dans cette qu\u00eate au cours de laquelle Alain apprendra \u00e0 se r\u00e9concilier avec ses parents et \u00e0 voir la main de Dieu agir de mani\u00e8re spectaculaire.<\/p>\n","protected":false},"excerpt":{"rendered":"<p>Seul\u00a0? \u201cEn 15 ans d\u2019existence,\u00a0je n\u2019ai crois\u00e9 aucun ami de J\u00e9sus ! Suis-je donc le seul \u00e0 avoir v\u00e9cu une telle rencontre avec Dieu\u00a0!?\u201d finit par se demander Alain. Seul et le c\u0153ur rempli d\u2019amour pour les gens, ce jeune va s&#8217;efforcer de partager \u00e0 tout le monde l\u2019immense tr\u00e9sor qu\u2019il a eu la chance [&hellip;]<\/p>\n","protected":false},"featured_media":38846,"comment_status":"closed","ping_status":"closed","template":"","meta":[],"product_brand":[],"product_cat":[123,24,311,136,44],"product_tag":[],"class_list":{"0":"post-38914","1":"product","2":"type-product","3":"status-publish","4":"has-post-thumbnail","6":"product_cat-e-book-2","7":"product_cat-livres","8":"product_cat-offre-speciale","9":"product_cat-rendez-vous-dans-la-foret-ebook","10":"product_cat-rendez-vous-dans-la-foret","11":"product_shipping_class-livraison-suisse","12":"pa_prix-livre-prix-normal-29-chf-25-eur","13":"pa_prix-livre-prix-soutien-44-chf-37-eur","14":"pa_prix-livre-prix-soutien-a-limpresion-200-chf-180-eur","15":"pa_prix-livre-prix-super-soutien-58-chf-50-eur","17":"first","18":"instock","19":"taxable","20":"shipping-taxable","21":"purchasable","22":"product-type-variable"},"_links":{"self":[{"href":"https:\/\/shop.auderset.com\/de\/wp-json\/wp\/v2\/product\/38914","targetHints":{"allow":["GET"]}}],"collection":[{"href":"https:\/\/shop.auderset.com\/de\/wp-json\/wp\/v2\/product"}],"about":[{"href":"https:\/\/shop.auderset.com\/de\/wp-json\/wp\/v2\/types\/product"}],"replies":[{"embeddable":true,"href":"https:\/\/shop.auderset.com\/de\/wp-json\/wp\/v2\/comments?post=38914"}],"wp:featuredmedia":[{"embeddable":true,"href":"https:\/\/shop.auderset.com\/de\/wp-json\/wp\/v2\/media\/38846"}],"wp:attachment":[{"href":"https:\/\/shop.auderset.com\/de\/wp-json\/wp\/v2\/media?parent=38914"}],"wp:term":[{"taxonomy":"product_brand","embeddable":true,"href":"https:\/\/shop.auderset.com\/de\/wp-json\/wp\/v2\/product_brand?post=38914"},{"taxonomy":"product_cat","embeddable":true,"href":"https:\/\/shop.auderset.com\/de\/wp-json\/wp\/v2\/product_cat?post=38914"},{"taxonomy":"product_tag","embeddable":true,"href":"https:\/\/shop.auderset.com\/de\/wp-json\/wp\/v2\/product_tag?post=38914"}],"curies":[{"name":"wp","href":"https:\/\/api.w.org\/{rel}","templated":true}]}}