{"id":38596,"date":"2025-09-26T15:15:14","date_gmt":"2025-09-26T13:15:14","guid":{"rendered":"https:\/\/shop.auderset.com\/?post_type=product&#038;p=38596"},"modified":"2025-11-12T08:38:20","modified_gmt":"2025-11-12T07:38:20","slug":"la-leyenda-de-mi","status":"publish","type":"product","link":"https:\/\/shop.auderset.com\/de\/produit\/la-leyenda-de-mi\/","title":{"rendered":"La leyenda de Mi"},"content":{"rendered":"<h1><strong><span style=\"font-family: Helvetica; font-size: 20px;\">La leyenda de Mi<\/span><\/strong><\/h1>\n<p><span style=\"font-family: Helvetica; font-size: 20px;\"><em>Min\u00e9lo\u00efda, el chivo expiatorio de su barrio, entrar\u00e1 en el fant\u00e1stico reino que ve desde su destartalado \u00e1tico.\u00a0<\/em><em>\u00bfSe encontrar\u00e1 con el Rey legendario al que todos temen sin conocerlo?<\/em><em>Nada sale como previsto para el h\u00e9roe de esta apasionante historia.<\/em><\/span><span style=\"font-size: 20px; font-family: Helvetica;\"><em>Min\u00e9lo\u00efda nos arrastrar\u00e1, a pesar de nosotros mismos, a una aventura llena de giros inesperados, donde los buenos y los malos no son quienes uno cree&#8230; y tambi\u00e9n cuando nos sumerja en situaciones injustas, en las que el sufrimiento no tiene explicaci\u00f3n, nos dar\u00e1 algunas respuestas inteligentes a nuestras propias preguntas sobre eso, esperanza concreta.<\/em><\/span><\/p>\n<p>&nbsp;<\/p>\n<p><span style=\"font-size: 20px; font-family: Helvetica;\"><iframe title=\"YouTube video player\" src=\"https:\/\/www.youtube.com\/embed\/b_n3CpALUSo?si=3QiddjhHOjQ83p_U\" width=\"560\" height=\"315\" frameborder=\"0\" allowfullscreen=\"allowfullscreen\"><span class=\"fr-mk\" style=\"display: none;\">\u00a0<\/span><\/iframe><\/span><a href=\"https:\/\/mailchi.mp\/auderset\/laleyendademi\"><img fetchpriority=\"high\" decoding=\"async\" class=\"alignnone wp-image-38876\" src=\"https:\/\/shop.auderset.com\/wp-content\/uploads\/2025\/09\/mi-sp-80p-275x300.png\" alt=\"\" width=\"400\" height=\"436\" srcset=\"https:\/\/shop.auderset.com\/wp-content\/uploads\/2025\/09\/mi-sp-80p-275x300.png 275w, https:\/\/shop.auderset.com\/wp-content\/uploads\/2025\/09\/mi-sp-80p-324x353.png 324w, https:\/\/shop.auderset.com\/wp-content\/uploads\/2025\/09\/mi-sp-80p-416x453.png 416w, https:\/\/shop.auderset.com\/wp-content\/uploads\/2025\/09\/mi-sp-80p-55x60.png 55w, https:\/\/shop.auderset.com\/wp-content\/uploads\/2025\/09\/mi-sp-80p-83x90.png 83w, https:\/\/shop.auderset.com\/wp-content\/uploads\/2025\/09\/mi-sp-80p.png 600w\" sizes=\"(max-width: 400px) 100vw, 400px\" \/><\/a><\/p>\n<p><a href=\"https:\/\/mailchi.mp\/auderset\/laleyendademi\"><span style=\"font-family: Helvetica;\"><u>Descargar las primeras 80 p\u00e1ginas del libro gratis<\/u><\/span> <\/a><\/p>\n","protected":false},"excerpt":{"rendered":"<p>La leyenda de Mi Min\u00e9lo\u00efda, el chivo expiatorio de su barrio, entrar\u00e1 en el fant\u00e1stico reino que ve desde su destartalado \u00e1tico.\u00a0\u00bfSe encontrar\u00e1 con el Rey legendario al que todos temen sin conocerlo?Nada sale como previsto para el h\u00e9roe de esta apasionante historia.Min\u00e9lo\u00efda nos arrastrar\u00e1, a pesar de nosotros mismos, a una aventura llena de [&hellip;]<\/p>\n","protected":false},"featured_media":38881,"comment_status":"closed","ping_status":"closed","template":"","meta":[],"product_brand":[],"product_cat":[166,324,24],"product_tag":[],"class_list":{"0":"post-38596","1":"product","2":"type-product","3":"status-publish","4":"has-post-thumbnail","6":"product_cat-espagnol","7":"product_cat-la-legende-de-mi","8":"product_cat-livres","9":"product_shipping_class-livraison-suisse","10":"pa_prix-livre-prix-normal-29-chf-25-eur","11":"pa_prix-livre-prix-soutien-44-chf-37-eur","12":"pa_prix-livre-prix-soutien-a-limpresion-200-chf-180-eur","13":"pa_prix-livre-prix-super-soutien-58-chf-50-eur","15":"first","16":"instock","17":"taxable","18":"shipping-taxable","19":"purchasable","20":"product-type-variable"},"_links":{"self":[{"href":"https:\/\/shop.auderset.com\/de\/wp-json\/wp\/v2\/product\/38596","targetHints":{"allow":["GET"]}}],"collection":[{"href":"https:\/\/shop.auderset.com\/de\/wp-json\/wp\/v2\/product"}],"about":[{"href":"https:\/\/shop.auderset.com\/de\/wp-json\/wp\/v2\/types\/product"}],"replies":[{"embeddable":true,"href":"https:\/\/shop.auderset.com\/de\/wp-json\/wp\/v2\/comments?post=38596"}],"wp:featuredmedia":[{"embeddable":true,"href":"https:\/\/shop.auderset.com\/de\/wp-json\/wp\/v2\/media\/38881"}],"wp:attachment":[{"href":"https:\/\/shop.auderset.com\/de\/wp-json\/wp\/v2\/media?parent=38596"}],"wp:term":[{"taxonomy":"product_brand","embeddable":true,"href":"https:\/\/shop.auderset.com\/de\/wp-json\/wp\/v2\/product_brand?post=38596"},{"taxonomy":"product_cat","embeddable":true,"href":"https:\/\/shop.auderset.com\/de\/wp-json\/wp\/v2\/product_cat?post=38596"},{"taxonomy":"product_tag","embeddable":true,"href":"https:\/\/shop.auderset.com\/de\/wp-json\/wp\/v2\/product_tag?post=38596"}],"curies":[{"name":"wp","href":"https:\/\/api.w.org\/{rel}","templated":true}]}}