{"id":38204,"date":"2025-07-21T15:00:03","date_gmt":"2025-07-21T13:00:03","guid":{"rendered":"https:\/\/shop.auderset.com\/?post_type=product&#038;p=38204"},"modified":"2025-07-30T07:37:02","modified_gmt":"2025-07-30T05:37:02","slug":"saahsal-aoze-telechargement","status":"publish","type":"product","link":"https:\/\/shop.auderset.com\/de\/produit\/saahsal-aoze-telechargement\/","title":{"rendered":"Saahsal &#8211; Aoz\u00e9 &#8211; T\u00e9l\u00e9chargement"},"content":{"rendered":"<h1><span style=\"color: #ff0000;\">Uniquement en t\u00e9l\u00e9chargement<\/span><\/h1>\n<p>Vous recevrez un lien MP3 et WAV (en deux parties)<\/p>\n<h1><strong>Aoz\u00e9<\/strong><\/h1>\n<p>Deuxi\u00e8me album du group Saahsal &#8211; 9 titres<\/p>\n<p>L\u2019album Aoz\u00e9 est comme le bon vin, c\u2019est un cocktail qui a du prendre son temps pour arriver \u00e0 maturation mais qui va vous offrir le meilleur de tous ces aromes : un zeste de funk, un soup\u00e7on de math-rock, une dose de m\u00e9tal, des riffs de bon vieux rock, un poil de pop pour dig\u00e9rer tout \u00e7a et m\u00eame une pastille de folk avec son accord\u00e9on !<\/p>\n<p>Tout \u00e7a est envelopp\u00e9 dans un parfum atmosph\u00e9rico-comtemplatif et tir\u00e9 par une voix puissante m\u00e9langeant la chanson fran\u00e7aise avec d&#8217;\u00e9piques envol\u00e9es.<\/p>\n<p>Un son profond et passionn\u00e9, toujours original, bref, toujours SAAHSAL !<\/p>\n<p>&nbsp;<\/p>\n<p>Arrangements et compositions:\u00a0 Saahsal<\/p>\n<p>Eliane Auderset, David Lehmann, Alain Auderset, Xavier Sprunger, Jonathan Diethelm et Silas Auderset.<\/p>\n<p>&nbsp;<\/p>\n<p>Il existe aussi une version CD :<br \/>\n<a href=\"https:\/\/shop.auderset.com\/produit\/saahsal-aoze\/\">https:\/\/shop.auderset.com\/produit\/saahsal-aoze<\/a><\/p>\n<h3><\/h3>\n","protected":false},"excerpt":{"rendered":"<p>Uniquement en t\u00e9l\u00e9chargement Vous recevrez un lien MP3 et WAV (en deux parties) Aoz\u00e9 Deuxi\u00e8me album du group Saahsal &#8211; 9 titres L\u2019album Aoz\u00e9 est comme le bon vin, c\u2019est un cocktail qui a du prendre son temps pour arriver \u00e0 maturation mais qui va vous offrir le meilleur de tous ces aromes : un [&hellip;]<\/p>\n","protected":false},"featured_media":38252,"comment_status":"closed","ping_status":"closed","template":"","meta":[],"product_brand":[],"product_cat":[199,209],"product_tag":[45],"class_list":{"0":"post-38204","1":"product","2":"type-product","3":"status-publish","4":"has-post-thumbnail","6":"product_cat-cd","7":"product_cat-saahsal","8":"product_tag-ebook","9":"product_shipping_class-livraison-gratuite","11":"first","12":"instock","13":"taxable","14":"shipping-taxable","15":"purchasable","16":"product-type-variable"},"_links":{"self":[{"href":"https:\/\/shop.auderset.com\/de\/wp-json\/wp\/v2\/product\/38204","targetHints":{"allow":["GET"]}}],"collection":[{"href":"https:\/\/shop.auderset.com\/de\/wp-json\/wp\/v2\/product"}],"about":[{"href":"https:\/\/shop.auderset.com\/de\/wp-json\/wp\/v2\/types\/product"}],"replies":[{"embeddable":true,"href":"https:\/\/shop.auderset.com\/de\/wp-json\/wp\/v2\/comments?post=38204"}],"wp:featuredmedia":[{"embeddable":true,"href":"https:\/\/shop.auderset.com\/de\/wp-json\/wp\/v2\/media\/38252"}],"wp:attachment":[{"href":"https:\/\/shop.auderset.com\/de\/wp-json\/wp\/v2\/media?parent=38204"}],"wp:term":[{"taxonomy":"product_brand","embeddable":true,"href":"https:\/\/shop.auderset.com\/de\/wp-json\/wp\/v2\/product_brand?post=38204"},{"taxonomy":"product_cat","embeddable":true,"href":"https:\/\/shop.auderset.com\/de\/wp-json\/wp\/v2\/product_cat?post=38204"},{"taxonomy":"product_tag","embeddable":true,"href":"https:\/\/shop.auderset.com\/de\/wp-json\/wp\/v2\/product_tag?post=38204"}],"curies":[{"name":"wp","href":"https:\/\/api.w.org\/{rel}","templated":true}]}}