{"id":33284,"date":"2022-04-14T13:08:27","date_gmt":"2022-04-14T11:08:27","guid":{"rendered":"https:\/\/shop.auderset.com\/?post_type=product&#038;p=33284"},"modified":"2023-10-02T11:53:34","modified_gmt":"2023-10-02T09:53:34","slug":"carte-postale-jesus","status":"publish","type":"product","link":"https:\/\/shop.auderset.com\/de\/produit\/carte-postale-jesus\/","title":{"rendered":"Carte postale &#8222;Grand comme \u00e7a&#8220;"},"content":{"rendered":"<p>Dieu t&#8217;aime grand comme \u00e7a !!!!<\/p>\n<p>&#8222;Car Dieu a tant aim\u00e9 le monde qu&#8217;il a donn\u00e9 son fils unique, afin que quiconque croit en Lui ne p\u00e9risse point, mais qu&#8217;il ait la vie \u00e9ternelle&#8220; &#8211; Jean 3:16<\/p>\n<p>&nbsp;<\/p>\n","protected":false},"excerpt":{"rendered":"<p>Dieu t&#8217;aime grand comme \u00e7a !!!! &#8222;Car Dieu a tant aim\u00e9 le monde qu&#8217;il a donn\u00e9 son fils unique, afin que quiconque croit en Lui ne p\u00e9risse point, mais qu&#8217;il ait la vie \u00e9ternelle&#8220; &#8211; Jean 3:16 &nbsp;<\/p>\n","protected":false},"featured_media":33288,"comment_status":"open","ping_status":"closed","template":"","meta":[],"product_brand":[],"product_cat":[164],"product_tag":[],"class_list":{"0":"post-33284","1":"product","2":"type-product","3":"status-publish","4":"has-post-thumbnail","6":"product_cat-carte-postale","7":"pa_prix-carte-postale-prix-normal-150-chf-120-eur","8":"pa_prix-carte-postale-prix-soutien-220-chf-180-eur","9":"pa_prix-carte-postale-prix-super-soutien-3-chf-24-eur","11":"first","12":"instock","13":"taxable","14":"shipping-taxable","15":"purchasable","16":"product-type-variable"},"_links":{"self":[{"href":"https:\/\/shop.auderset.com\/de\/wp-json\/wp\/v2\/product\/33284","targetHints":{"allow":["GET"]}}],"collection":[{"href":"https:\/\/shop.auderset.com\/de\/wp-json\/wp\/v2\/product"}],"about":[{"href":"https:\/\/shop.auderset.com\/de\/wp-json\/wp\/v2\/types\/product"}],"replies":[{"embeddable":true,"href":"https:\/\/shop.auderset.com\/de\/wp-json\/wp\/v2\/comments?post=33284"}],"wp:featuredmedia":[{"embeddable":true,"href":"https:\/\/shop.auderset.com\/de\/wp-json\/wp\/v2\/media\/33288"}],"wp:attachment":[{"href":"https:\/\/shop.auderset.com\/de\/wp-json\/wp\/v2\/media?parent=33284"}],"wp:term":[{"taxonomy":"product_brand","embeddable":true,"href":"https:\/\/shop.auderset.com\/de\/wp-json\/wp\/v2\/product_brand?post=33284"},{"taxonomy":"product_cat","embeddable":true,"href":"https:\/\/shop.auderset.com\/de\/wp-json\/wp\/v2\/product_cat?post=33284"},{"taxonomy":"product_tag","embeddable":true,"href":"https:\/\/shop.auderset.com\/de\/wp-json\/wp\/v2\/product_tag?post=33284"}],"curies":[{"name":"wp","href":"https:\/\/api.w.org\/{rel}","templated":true}]}}