{"id":31857,"date":"2021-03-09T11:22:24","date_gmt":"2021-03-09T10:22:24","guid":{"rendered":"https:\/\/shop.auderset.com\/?post_type=product&#038;p=31857"},"modified":"2025-08-18T04:35:40","modified_gmt":"2025-08-18T02:35:40","slug":"rendez-vous-dans-la-foret-origine-edition-collector","status":"publish","type":"product","link":"https:\/\/shop.auderset.com\/de\/produit\/rendez-vous-dans-la-foret-origine-edition-collector\/","title":{"rendered":"Rendez-vous dans la for\u00eat Origine (\u00e9dition Collector)"},"content":{"rendered":"<p>Bas\u00e9 sur le m\u00eame style que les pr\u00e9c\u00e9dents \u00ab Rendez-vous dans la foret \u00bb, \u00ab Origine \u00bb raconte les souvenirs d\u2019enfance de l\u2019auteur. Qu\u2019ils soient joyeux ou durs, ce sont des moments riches en \u00e9motions et en le\u00e7ons de vie qui le conduiront \u00e0 rencontrer J\u00e9sus.<\/p>\n","protected":false},"excerpt":{"rendered":"<p>Bas\u00e9 sur le m\u00eame style que les pr\u00e9c\u00e9dents \u00ab Rendez-vous dans la foret \u00bb, \u00ab Origine \u00bb raconte les souvenirs d\u2019enfance de l\u2019auteur. Qu\u2019ils soient joyeux ou durs, ce sont des moments riches en \u00e9motions et en le\u00e7ons de vie qui le conduiront \u00e0 rencontrer J\u00e9sus.<\/p>\n","protected":false},"featured_media":31847,"comment_status":"open","ping_status":"closed","template":"","meta":[],"product_brand":[],"product_cat":[138,278],"product_tag":[],"class_list":{"0":"post-31857","1":"product","2":"type-product","3":"status-publish","4":"has-post-thumbnail","6":"product_cat-collectors","7":"product_cat-rendez-vous-dans-la-foret-collector","8":"product_shipping_class-livraison-gratuite","9":"pa_prix-collectors-prix-normal-200-chf-180-eur","10":"pa_prix-collectors-prix-soutien-300-chf-270-eur","11":"pa_prix-collectors-prix-super-soutien-400-chf-360-eur","13":"first","14":"outofstock","15":"sold-individually","16":"taxable","17":"shipping-taxable","18":"purchasable","19":"product-type-variable"},"_links":{"self":[{"href":"https:\/\/shop.auderset.com\/de\/wp-json\/wp\/v2\/product\/31857","targetHints":{"allow":["GET"]}}],"collection":[{"href":"https:\/\/shop.auderset.com\/de\/wp-json\/wp\/v2\/product"}],"about":[{"href":"https:\/\/shop.auderset.com\/de\/wp-json\/wp\/v2\/types\/product"}],"replies":[{"embeddable":true,"href":"https:\/\/shop.auderset.com\/de\/wp-json\/wp\/v2\/comments?post=31857"}],"wp:featuredmedia":[{"embeddable":true,"href":"https:\/\/shop.auderset.com\/de\/wp-json\/wp\/v2\/media\/31847"}],"wp:attachment":[{"href":"https:\/\/shop.auderset.com\/de\/wp-json\/wp\/v2\/media?parent=31857"}],"wp:term":[{"taxonomy":"product_brand","embeddable":true,"href":"https:\/\/shop.auderset.com\/de\/wp-json\/wp\/v2\/product_brand?post=31857"},{"taxonomy":"product_cat","embeddable":true,"href":"https:\/\/shop.auderset.com\/de\/wp-json\/wp\/v2\/product_cat?post=31857"},{"taxonomy":"product_tag","embeddable":true,"href":"https:\/\/shop.auderset.com\/de\/wp-json\/wp\/v2\/product_tag?post=31857"}],"curies":[{"name":"wp","href":"https:\/\/api.w.org\/{rel}","templated":true}]}}