{"id":31056,"date":"2020-11-17T15:27:51","date_gmt":"2020-11-17T14:27:51","guid":{"rendered":"https:\/\/shop.auderset.com\/?post_type=product&#038;p=31056"},"modified":"2023-10-02T14:59:37","modified_gmt":"2023-10-02T12:59:37","slug":"tableau-rendez-vous-dans-la-foret-origine-120x90-cm","status":"publish","type":"product","link":"https:\/\/shop.auderset.com\/de\/produit\/tableau-rendez-vous-dans-la-foret-origine-120x90-cm\/","title":{"rendered":"Tableau Rendez-vous dans la for\u00eat Origine (120X90 cm)"},"content":{"rendered":"<p>Tableau repr\u00e9sentant la couverture de Rendez-vous dans la for\u00eat Origine<\/p>\n<p>&nbsp;<\/p>\n<p>Reproduction sur toile avec un cadre en bois<\/p>\n","protected":false},"excerpt":{"rendered":"<p>Tableau repr\u00e9sentant la couverture de Rendez-vous dans la for\u00eat Origine &nbsp; Reproduction sur toile avec un cadre en bois<\/p>\n","protected":false},"featured_media":30682,"comment_status":"open","ping_status":"closed","template":"","meta":[],"product_brand":[],"product_cat":[225],"product_tag":[],"class_list":{"0":"post-31056","1":"product","2":"type-product","3":"status-publish","4":"has-post-thumbnail","6":"product_cat-tableau","7":"pa_tableau-origine-120x90-prix-normal-400-chf-370-eur","8":"pa_tableau-origine-120x90-prix-soutien-600-chf-555-eur","9":"pa_tableau-origine-120x90-prix-super-soutien-800-chf-740-eur","11":"first","12":"instock","13":"taxable","14":"shipping-taxable","15":"purchasable","16":"product-type-variable"},"_links":{"self":[{"href":"https:\/\/shop.auderset.com\/de\/wp-json\/wp\/v2\/product\/31056","targetHints":{"allow":["GET"]}}],"collection":[{"href":"https:\/\/shop.auderset.com\/de\/wp-json\/wp\/v2\/product"}],"about":[{"href":"https:\/\/shop.auderset.com\/de\/wp-json\/wp\/v2\/types\/product"}],"replies":[{"embeddable":true,"href":"https:\/\/shop.auderset.com\/de\/wp-json\/wp\/v2\/comments?post=31056"}],"wp:featuredmedia":[{"embeddable":true,"href":"https:\/\/shop.auderset.com\/de\/wp-json\/wp\/v2\/media\/30682"}],"wp:attachment":[{"href":"https:\/\/shop.auderset.com\/de\/wp-json\/wp\/v2\/media?parent=31056"}],"wp:term":[{"taxonomy":"product_brand","embeddable":true,"href":"https:\/\/shop.auderset.com\/de\/wp-json\/wp\/v2\/product_brand?post=31056"},{"taxonomy":"product_cat","embeddable":true,"href":"https:\/\/shop.auderset.com\/de\/wp-json\/wp\/v2\/product_cat?post=31056"},{"taxonomy":"product_tag","embeddable":true,"href":"https:\/\/shop.auderset.com\/de\/wp-json\/wp\/v2\/product_tag?post=31056"}],"curies":[{"name":"wp","href":"https:\/\/api.w.org\/{rel}","templated":true}]}}