{"id":30609,"date":"2020-10-08T19:04:54","date_gmt":"2020-10-08T17:04:54","guid":{"rendered":"https:\/\/shop.auderset.com\/?post_type=product&#038;p=30609"},"modified":"2023-10-02T20:22:11","modified_gmt":"2023-10-02T18:22:11","slug":"cd-saahsal","status":"publish","type":"product","link":"https:\/\/shop.auderset.com\/de\/produit\/cd-saahsal\/","title":{"rendered":"CD Saahsal"},"content":{"rendered":"<p><strong>L\u2019album :<\/strong><br \/>\nUne voix \u00e0 la fois douce et puissante qui \u00e9merge d\u2019un rock alternatif et festif, ponctu\u00e9 d\u2019envol\u00e9es \u00e0 l\u2019accord\u00e9on et d\u2019un soup\u00e7on de nu metal\u2026 ainsi pourrait-on approcher le style assez particulier du groupe dont \u00ab\u200aSaahsal\u200a\u00bb (album \u00e9ponyme) est le premier opus\u2026<br \/>\nChant\u00e9 essentiellement en fran\u00e7ais, le message v\u00e9hicul\u00e9 est vari\u00e9 et invite \u00e0 la r\u00e9flexion.<\/p>\n<p>&nbsp;<\/p>\n<ul>\n<li>Album 8 titres<\/li>\n<li>Enregistr\u00e9 en 2015\u00a0au Trilogy Studio \u00e0 Neuch\u00e2tel<\/li>\n<\/ul>\n","protected":false},"excerpt":{"rendered":"<p>L\u2019album : Une voix \u00e0 la fois douce et puissante qui \u00e9merge d\u2019un rock alternatif et festif, ponctu\u00e9 d\u2019envol\u00e9es \u00e0 l\u2019accord\u00e9on et d\u2019un soup\u00e7on de nu metal\u2026 ainsi pourrait-on approcher le style assez particulier du groupe dont \u00ab\u200aSaahsal\u200a\u00bb (album \u00e9ponyme) est le premier opus\u2026 Chant\u00e9 essentiellement en fran\u00e7ais, le message v\u00e9hicul\u00e9 est vari\u00e9 et invite [&hellip;]<\/p>\n","protected":false},"featured_media":30349,"comment_status":"open","ping_status":"closed","template":"","meta":[],"product_brand":[],"product_cat":[199,209],"product_tag":[],"class_list":{"0":"post-30609","1":"product","2":"type-product","3":"status-publish","4":"has-post-thumbnail","6":"product_cat-cd","7":"product_cat-saahsal","8":"product_shipping_class-livraison-suisse","9":"pa_prix-cd-saahsal-prix-normal-10","10":"pa_prix-cd-saahsal-prix-soutien-15","11":"pa_prix-cd-saahsal-prix-super-soutien-20","13":"first","14":"instock","15":"taxable","16":"shipping-taxable","17":"purchasable","18":"product-type-variable"},"_links":{"self":[{"href":"https:\/\/shop.auderset.com\/de\/wp-json\/wp\/v2\/product\/30609","targetHints":{"allow":["GET"]}}],"collection":[{"href":"https:\/\/shop.auderset.com\/de\/wp-json\/wp\/v2\/product"}],"about":[{"href":"https:\/\/shop.auderset.com\/de\/wp-json\/wp\/v2\/types\/product"}],"replies":[{"embeddable":true,"href":"https:\/\/shop.auderset.com\/de\/wp-json\/wp\/v2\/comments?post=30609"}],"wp:featuredmedia":[{"embeddable":true,"href":"https:\/\/shop.auderset.com\/de\/wp-json\/wp\/v2\/media\/30349"}],"wp:attachment":[{"href":"https:\/\/shop.auderset.com\/de\/wp-json\/wp\/v2\/media?parent=30609"}],"wp:term":[{"taxonomy":"product_brand","embeddable":true,"href":"https:\/\/shop.auderset.com\/de\/wp-json\/wp\/v2\/product_brand?post=30609"},{"taxonomy":"product_cat","embeddable":true,"href":"https:\/\/shop.auderset.com\/de\/wp-json\/wp\/v2\/product_cat?post=30609"},{"taxonomy":"product_tag","embeddable":true,"href":"https:\/\/shop.auderset.com\/de\/wp-json\/wp\/v2\/product_tag?post=30609"}],"curies":[{"name":"wp","href":"https:\/\/api.w.org\/{rel}","templated":true}]}}