{"id":30527,"date":"2020-10-01T10:09:47","date_gmt":"2020-10-01T08:09:47","guid":{"rendered":"https:\/\/shop.auderset.com\/?post_type=product&#038;p=30527"},"modified":"2023-10-02T10:55:04","modified_gmt":"2023-10-02T08:55:04","slug":"cd-du-nerf-lilou-eliane-auderset","status":"publish","type":"product","link":"https:\/\/shop.auderset.com\/de\/produit\/cd-du-nerf-lilou-eliane-auderset\/","title":{"rendered":"CD Du nerf &#8211; Lilou (Eliane Auderset)"},"content":{"rendered":"<p><strong>L\u2019album :<\/strong><\/p>\n<p>Premier album de Lilou (Eliane Auderset): \u00ab\u00a0Du Nerf\u00a0\u00bb<\/p>\n<p>Un voyage au sein d\u2019aventures de vie; tristesse, joie, espoir, quelques belles r\u00e9ponses\u2026 Douceur, r\u00eaves et po\u00e9sie, teint\u00e9s de jazz, de pop, de chanson et de quelques touches classiques. Les notes nous envolent\u2026(Yann Roulet, pasteur-rappeur)<\/p>\n<p>&nbsp;<\/p>\n<ul>\n<li>Album 13 titres<\/li>\n<li>Enregistr\u00e9 en 2018 au Trilogy Studio \u00e0 Neuch\u00e2tel<\/li>\n<\/ul>\n","protected":false},"excerpt":{"rendered":"<p>L\u2019album : Premier album de Lilou (Eliane Auderset): \u00ab\u00a0Du Nerf\u00a0\u00bb Un voyage au sein d\u2019aventures de vie; tristesse, joie, espoir, quelques belles r\u00e9ponses\u2026 Douceur, r\u00eaves et po\u00e9sie, teint\u00e9s de jazz, de pop, de chanson et de quelques touches classiques. Les notes nous envolent\u2026(Yann Roulet, pasteur-rappeur) &nbsp; Album 13 titres Enregistr\u00e9 en 2018 au Trilogy Studio [&hellip;]<\/p>\n","protected":false},"featured_media":30345,"comment_status":"closed","ping_status":"closed","template":"","meta":[],"product_brand":[],"product_cat":[199,200],"product_tag":[45],"class_list":{"0":"post-30527","1":"product","2":"type-product","3":"status-publish","4":"has-post-thumbnail","6":"product_cat-cd","7":"product_cat-lilou","8":"product_tag-ebook","9":"product_shipping_class-livraison-suisse","10":"pa_prix-ebook-87","11":"pa_prix-ebook-86","12":"pa_prix-ebook-79","14":"first","15":"instock","16":"taxable","17":"shipping-taxable","18":"purchasable","19":"product-type-variable"},"_links":{"self":[{"href":"https:\/\/shop.auderset.com\/de\/wp-json\/wp\/v2\/product\/30527","targetHints":{"allow":["GET"]}}],"collection":[{"href":"https:\/\/shop.auderset.com\/de\/wp-json\/wp\/v2\/product"}],"about":[{"href":"https:\/\/shop.auderset.com\/de\/wp-json\/wp\/v2\/types\/product"}],"replies":[{"embeddable":true,"href":"https:\/\/shop.auderset.com\/de\/wp-json\/wp\/v2\/comments?post=30527"}],"wp:featuredmedia":[{"embeddable":true,"href":"https:\/\/shop.auderset.com\/de\/wp-json\/wp\/v2\/media\/30345"}],"wp:attachment":[{"href":"https:\/\/shop.auderset.com\/de\/wp-json\/wp\/v2\/media?parent=30527"}],"wp:term":[{"taxonomy":"product_brand","embeddable":true,"href":"https:\/\/shop.auderset.com\/de\/wp-json\/wp\/v2\/product_brand?post=30527"},{"taxonomy":"product_cat","embeddable":true,"href":"https:\/\/shop.auderset.com\/de\/wp-json\/wp\/v2\/product_cat?post=30527"},{"taxonomy":"product_tag","embeddable":true,"href":"https:\/\/shop.auderset.com\/de\/wp-json\/wp\/v2\/product_tag?post=30527"}],"curies":[{"name":"wp","href":"https:\/\/api.w.org\/{rel}","templated":true}]}}